{"id":15975,"date":"2024-09-24T19:37:04","date_gmt":"2024-09-24T19:37:04","guid":{"rendered":"https:\/\/oildri.ca\/responsabilite\/coequipiers\/"},"modified":"2024-11-12T19:31:00","modified_gmt":"2024-11-12T19:31:00","slug":"coequipiers","status":"publish","type":"page","link":"https:\/\/oildri.ca\/fr\/responsabilite\/coequipiers\/","title":{"rendered":"Co\u00e9quipiers"},"content":{"rendered":"\t\t<div data-elementor-type=\"wp-page\" data-elementor-id=\"15975\" class=\"elementor elementor-15975 elementor-8535\" data-elementor-post-type=\"page\">\n\t\t\t\t<div class=\"elementor-element elementor-element-7739a34 e-flex e-con-boxed e-con e-parent\" data-id=\"7739a34\" data-element_type=\"container\" data-settings=\"{&quot;background_background&quot;:&quot;classic&quot;}\">\n\t\t\t\t\t<div class=\"e-con-inner\">\n\t\t\t\t\t<\/div>\n\t\t\t\t<\/div>\n\t\t<div class=\"elementor-element elementor-element-9a497a8 e-flex e-con-boxed e-con e-parent\" data-id=\"9a497a8\" data-element_type=\"container\" data-settings=\"{&quot;background_background&quot;:&quot;classic&quot;}\">\n\t\t\t\t\t<div class=\"e-con-inner\">\n\t\t\t\t\t<\/div>\n\t\t\t\t<\/div>\n\t\t<div class=\"elementor-element elementor-element-c5b8984 e-flex e-con-boxed e-con e-parent\" data-id=\"c5b8984\" data-element_type=\"container\" data-settings=\"{&quot;background_background&quot;:&quot;classic&quot;}\">\n\t\t\t\t\t<div class=\"e-con-inner\">\n\t\t<div class=\"elementor-element elementor-element-b4a99ad e-con-full e-flex e-con e-child\" data-id=\"b4a99ad\" data-element_type=\"container\">\n\t\t\t\t<div class=\"elementor-element elementor-element-8955b7f elementor-widget elementor-widget-image\" data-id=\"8955b7f\" data-element_type=\"widget\" data-widget_type=\"image.default\">\n\t\t\t\t<div class=\"elementor-widget-container\">\n\t\t\t\t\t\t\t\t\t\t\t\t\t<img fetchpriority=\"high\" decoding=\"async\" width=\"300\" height=\"343\" src=\"https:\/\/oildri.ca\/wp-content\/uploads\/2024\/11\/S_Social-e1617735434721.png\" class=\"attachment-large size-large wp-image-16775\" alt=\"\" srcset=\"https:\/\/oildri.ca\/wp-content\/uploads\/2024\/11\/S_Social-e1617735434721.png 300w, https:\/\/oildri.ca\/wp-content\/uploads\/2024\/11\/S_Social-e1617735434721-262x300.png 262w\" sizes=\"(max-width: 300px) 100vw, 300px\" \/>\t\t\t\t\t\t\t\t\t\t\t\t\t<\/div>\n\t\t\t\t<\/div>\n\t\t\t\t<div class=\"elementor-element elementor-element-c57833f elementor-widget__width-inherit elementor-widget elementor-widget-text-editor\" data-id=\"c57833f\" data-element_type=\"widget\" data-widget_type=\"text-editor.default\">\n\t\t\t\t<div class=\"elementor-widget-container\">\n\t\t\t<style>\/*! elementor - v3.23.0 - 05-08-2024 *\/\n.elementor-widget-text-editor.elementor-drop-cap-view-stacked .elementor-drop-cap{background-color:#69727d;color:#fff}.elementor-widget-text-editor.elementor-drop-cap-view-framed .elementor-drop-cap{color:#69727d;border:3px solid;background-color:transparent}.elementor-widget-text-editor:not(.elementor-drop-cap-view-default) .elementor-drop-cap{margin-top:8px}.elementor-widget-text-editor:not(.elementor-drop-cap-view-default) .elementor-drop-cap-letter{width:1em;height:1em}.elementor-widget-text-editor .elementor-drop-cap{float:left;text-align:center;line-height:1;font-size:50px}.elementor-widget-text-editor .elementor-drop-cap-letter{display:inline-block}<\/style>\t\t\t\t<p>Les employ\u00e9s de Oil-Dri, que nous appelons co\u00e9quipiers, sont notre ressource la plus importante. Ils jouent un r\u00f4le essentiel dans le succ\u00e8s de notre entreprise. Nous nous effor\u00e7ons de favoriser un environnement inclusif et s\u00fbr o\u00f9 nos co\u00e9quipiers se sentent valoris\u00e9s et entendus. Nous soutenons leur bien-\u00eatre personnel et encourageons la croissance professionnelle. Nos m\u00e9thodes d&rsquo;engagement, d&rsquo;entra\u00eenement et de d\u00e9veloppement am\u00e8nent nos co\u00e9quipiers \u00e0 \u00eatre fiers de leur travail et \u00e0 atteindre des niveaux de performance plus \u00e9lev\u00e9s ann\u00e9e apr\u00e8s ann\u00e9e.    <\/p>\n\t\t\t\t\t\t<\/div>\n\t\t\t\t<\/div>\n\t\t\t\t<\/div>\n\t\t\t\t\t<\/div>\n\t\t\t\t<\/div>\n\t\t<div class=\"elementor-element elementor-element-d82908b e-con-full e-flex e-con e-parent\" data-id=\"d82908b\" data-element_type=\"container\">\n\t\t<div class=\"elementor-element elementor-element-eb48d0e e-con-full e-flex e-con e-child\" data-id=\"eb48d0e\" data-element_type=\"container\" data-settings=\"{&quot;background_background&quot;:&quot;classic&quot;}\">\n\t\t\t\t<div class=\"elementor-element elementor-element-d39c03c elementor-widget elementor-widget-image\" data-id=\"d39c03c\" data-element_type=\"widget\" data-widget_type=\"image.default\">\n\t\t\t\t<div class=\"elementor-widget-container\">\n\t\t\t\t\t\t\t\t\t\t\t\t\t<img decoding=\"async\" width=\"800\" height=\"500\" src=\"https:\/\/oildri.ca\/wp-content\/uploads\/2024\/09\/Wellness1.png\" class=\"attachment-full size-full wp-image-9103\" alt=\"\" srcset=\"https:\/\/oildri.ca\/wp-content\/uploads\/2024\/09\/Wellness1.png 800w, https:\/\/oildri.ca\/wp-content\/uploads\/2024\/09\/Wellness1-300x188.png 300w, https:\/\/oildri.ca\/wp-content\/uploads\/2024\/09\/Wellness1-768x480.png 768w\" sizes=\"(max-width: 800px) 100vw, 800px\" \/>\t\t\t\t\t\t\t\t\t\t\t\t\t<\/div>\n\t\t\t\t<\/div>\n\t\t\t\t<\/div>\n\t\t<div class=\"elementor-element elementor-element-b788271 e-con-full e-flex e-con e-child\" data-id=\"b788271\" data-element_type=\"container\">\n\t\t<div class=\"elementor-element elementor-element-47ef864 e-con-full e-flex e-con e-child\" data-id=\"47ef864\" data-element_type=\"container\">\n\t\t\t\t<div class=\"elementor-element elementor-element-2dda0fb elementor-widget elementor-widget-heading\" data-id=\"2dda0fb\" data-element_type=\"widget\" data-widget_type=\"heading.default\">\n\t\t\t\t<div class=\"elementor-widget-container\">\n\t\t\t<style>\/*! elementor - v3.23.0 - 05-08-2024 *\/\n.elementor-heading-title{padding:0;margin:0;line-height:1}.elementor-widget-heading .elementor-heading-title[class*=elementor-size-]>a{color:inherit;font-size:inherit;line-height:inherit}.elementor-widget-heading .elementor-heading-title.elementor-size-small{font-size:15px}.elementor-widget-heading .elementor-heading-title.elementor-size-medium{font-size:19px}.elementor-widget-heading .elementor-heading-title.elementor-size-large{font-size:29px}.elementor-widget-heading .elementor-heading-title.elementor-size-xl{font-size:39px}.elementor-widget-heading .elementor-heading-title.elementor-size-xxl{font-size:59px}<\/style><h2 class=\"elementor-heading-title elementor-size-default\">SANT\u00c9 ET BIEN-\u00caTRE\n<\/h2>\t\t<\/div>\n\t\t\t\t<\/div>\n\t\t\t\t<div class=\"elementor-element elementor-element-7c20002 elementor-widget elementor-widget-text-editor\" data-id=\"7c20002\" data-element_type=\"widget\" data-widget_type=\"text-editor.default\">\n\t\t\t\t<div class=\"elementor-widget-container\">\n\t\t\t\t\t\t\t<p>Le succ\u00e8s de notre entreprise est fondamentalement li\u00e9 au bien-\u00eatre de nos co\u00e9quipiers. \u00c0 ce titre, la sant\u00e9 et le bien-\u00eatre de nos co\u00e9quipiers sont une de nos priorit\u00e9s absolues. Nous offrons des programmes d&rsquo;avantages sociaux solides et g\u00e9n\u00e9reux, \u00e0 ceux qui sont admissibles, qui comprennent, mais sans s&rsquo;y limiter, l&rsquo;assurance maladie, les m\u00e9dicaments sur ordonnance, les soins dentaires, l&rsquo;assurance-vie et l&rsquo;assurance-invalidit\u00e9. Nous offrons \u00e9galement des programmes de bien-\u00eatre, \u00e0 ceux qui se qualifient, pour aider nos co\u00e9quipiers \u00e0 vivre une vie saine. Les programmes d&rsquo;abandon du tabac sont offerts gratuitement \u00e0 leurs co\u00e9quipiers. Nous offrons \u00e9galement un remboursement de gym et de perte de poids afin d&rsquo;encourager un mode de vie sain. Notre programme d&rsquo;aide aux employ\u00e9s fournit des services de counseling en personne, par t\u00e9l\u00e9phone et en ligne pour une vari\u00e9t\u00e9 de besoins potentiels que nos co\u00e9quipiers peuvent avoir. Notre engagement envers le bien-\u00eatre de nos co\u00e9quipiers est \u00e9galement d\u00e9montr\u00e9 par notre programme de cong\u00e9s pay\u00e9s et de cong\u00e9s de maladie qui font partie de la composante de l&rsquo;\u00e9quilibre travail\/vie personnelle de notre cadre de valeurs WE CARE.       <\/p>\n\t\t\t\t\t\t<\/div>\n\t\t\t\t<\/div>\n\t\t\t\t<\/div>\n\t\t\t\t<\/div>\n\t\t\t\t<\/div>\n\t\t<div class=\"elementor-element elementor-element-6723477 e-con-full e-flex e-con e-parent\" data-id=\"6723477\" data-element_type=\"container\">\n\t\t<div class=\"elementor-element elementor-element-9e74f93 e-con-full e-flex e-con e-child\" data-id=\"9e74f93\" data-element_type=\"container\">\n\t\t<div class=\"elementor-element elementor-element-a65cb2b e-con-full e-flex e-con e-child\" data-id=\"a65cb2b\" data-element_type=\"container\">\n\t\t\t\t<div class=\"elementor-element elementor-element-b23d751 elementor-widget elementor-widget-heading\" data-id=\"b23d751\" data-element_type=\"widget\" data-widget_type=\"heading.default\">\n\t\t\t\t<div class=\"elementor-widget-container\">\n\t\t\t<h2 class=\"elementor-heading-title elementor-size-default\">ENGAGEMENT DES CO\u00c9QUIPIERS<\/h2>\t\t<\/div>\n\t\t\t\t<\/div>\n\t\t\t\t<div class=\"elementor-element elementor-element-3d24dc5 elementor-widget elementor-widget-text-editor\" data-id=\"3d24dc5\" data-element_type=\"widget\" data-widget_type=\"text-editor.default\">\n\t\t\t\t<div class=\"elementor-widget-container\">\n\t\t\t\t\t\t\t<p>Oil-Dri maintient une politique de porte ouverte qui encourage les conversations entre co\u00e9quipiers \u00e0 tous les niveaux. La communication va dans les deux sens \u2013 les id\u00e9es sont partag\u00e9es et la r\u00e9troaction est encourag\u00e9e. Nous nous engageons r\u00e9guli\u00e8rement avec nos co\u00e9quipiers par le biais de bulletins d&rsquo;information, d&rsquo;assembl\u00e9es publiques, d&rsquo;annonces vid\u00e9o, de r\u00e9unions et de d\u00e9jeuners de nouveaux employ\u00e9s avec notre PDG. \u00c0 l&rsquo;occasion, des sondages en ligne anonymes sont publi\u00e9s pour solliciter des commentaires sur divers sujets li\u00e9s au travail. Nous nous r\u00e9unissons pour c\u00e9l\u00e9brer les anniversaires de travail, les anniversaires, les retraites et d&rsquo;autres occasions sp\u00e9ciales.    <\/p>\n\t\t\t\t\t\t<\/div>\n\t\t\t\t<\/div>\n\t\t\t\t<\/div>\n\t\t\t\t<\/div>\n\t\t<div class=\"elementor-element elementor-element-2fa3b74 e-con-full e-flex e-con e-child\" data-id=\"2fa3b74\" data-element_type=\"container\" data-settings=\"{&quot;background_background&quot;:&quot;classic&quot;}\">\n\t\t\t\t<div class=\"elementor-element elementor-element-0ff34a3 elementor-widget elementor-widget-image\" data-id=\"0ff34a3\" data-element_type=\"widget\" data-widget_type=\"image.default\">\n\t\t\t\t<div class=\"elementor-widget-container\">\n\t\t\t\t\t\t\t\t\t\t\t\t\t<img decoding=\"async\" width=\"800\" height=\"500\" src=\"https:\/\/oildri.ca\/wp-content\/uploads\/2024\/09\/HandsHuddle1.gif\" class=\"attachment-full size-full wp-image-9107\" alt=\"\" \/>\t\t\t\t\t\t\t\t\t\t\t\t\t<\/div>\n\t\t\t\t<\/div>\n\t\t\t\t<\/div>\n\t\t\t\t<\/div>\n\t\t<div class=\"elementor-element elementor-element-5aa437f e-con-full e-flex e-con e-parent\" data-id=\"5aa437f\" data-element_type=\"container\">\n\t\t<div class=\"elementor-element elementor-element-66d991e e-con-full e-flex e-con e-child\" data-id=\"66d991e\" data-element_type=\"container\" data-settings=\"{&quot;background_background&quot;:&quot;classic&quot;}\">\n\t\t\t\t<div class=\"elementor-element elementor-element-44ea8ef elementor-widget elementor-widget-image\" data-id=\"44ea8ef\" data-element_type=\"widget\" data-widget_type=\"image.default\">\n\t\t\t\t<div class=\"elementor-widget-container\">\n\t\t\t\t\t\t\t\t\t\t\t\t\t<img loading=\"lazy\" decoding=\"async\" width=\"1667\" height=\"1042\" src=\"https:\/\/oildri.ca\/wp-content\/uploads\/2024\/09\/Improvement.png\" class=\"attachment-full size-full wp-image-9111\" alt=\"\" srcset=\"https:\/\/oildri.ca\/wp-content\/uploads\/2024\/09\/Improvement.png 1667w, https:\/\/oildri.ca\/wp-content\/uploads\/2024\/09\/Improvement-300x188.png 300w, https:\/\/oildri.ca\/wp-content\/uploads\/2024\/09\/Improvement-1024x640.png 1024w, https:\/\/oildri.ca\/wp-content\/uploads\/2024\/09\/Improvement-768x480.png 768w, https:\/\/oildri.ca\/wp-content\/uploads\/2024\/09\/Improvement-1536x960.png 1536w\" sizes=\"(max-width: 1667px) 100vw, 1667px\" \/>\t\t\t\t\t\t\t\t\t\t\t\t\t<\/div>\n\t\t\t\t<\/div>\n\t\t\t\t<\/div>\n\t\t<div class=\"elementor-element elementor-element-1d00e67 e-con-full e-flex e-con e-child\" data-id=\"1d00e67\" data-element_type=\"container\">\n\t\t<div class=\"elementor-element elementor-element-f38ed95 e-con-full e-flex e-con e-child\" data-id=\"f38ed95\" data-element_type=\"container\">\n\t\t\t\t<div class=\"elementor-element elementor-element-df62b26 elementor-widget elementor-widget-heading\" data-id=\"df62b26\" data-element_type=\"widget\" data-widget_type=\"heading.default\">\n\t\t\t\t<div class=\"elementor-widget-container\">\n\t\t\t<h2 class=\"elementor-heading-title elementor-size-default\">D\u00c9VELOPPEMENT CONTINU DES CO\u00c9QUIPIERS <\/h2>\t\t<\/div>\n\t\t\t\t<\/div>\n\t\t\t\t<div class=\"elementor-element elementor-element-e2d8919 elementor-widget elementor-widget-text-editor\" data-id=\"e2d8919\" data-element_type=\"widget\" data-widget_type=\"text-editor.default\">\n\t\t\t\t<div class=\"elementor-widget-container\">\n\t\t\t\t\t\t\t<p>Nous encourageons nos co\u00e9quipiers \u00e0 atteindre leur potentiel gr\u00e2ce \u00e0 l&rsquo;apprentissage et \u00e0 l&rsquo;am\u00e9lioration continus. Tous les co\u00e9quipiers ont acc\u00e8s \u00e0 notre biblioth\u00e8que de formation et de d\u00e9veloppement en ligne pour des cours \u00e0 la demande, des webinaires, des livres et des podcasts. Les co\u00e9quipiers peuvent assister \u00e0 des conf\u00e9rences et \u00e0 des programmes et\/ou obtenir des certifications qui se rapportent \u00e0 leurs positions sans frais. Pour les co\u00e9quipiers qui cherchent \u00e0 poursuivre leurs \u00e9tudes, nous offrons diff\u00e9rents niveaux de programmes de remboursement des frais de scolarit\u00e9 apr\u00e8s un an d&#8217;emploi. Ceci est con\u00e7u pour fournir un soutien financier pour aider les co\u00e9quipiers \u00e0 atteindre leurs objectifs \u00e9ducatifs, tout en fournissant un moyen de soutenir les activit\u00e9s acad\u00e9miques qui se rapportent directement aux connaissances, comp\u00e9tences et comportements identifi\u00e9s de l&rsquo;organisation qui soutiennent la mission, la vision et les valeurs de l&rsquo;entreprise.    <\/p>\n\t\t\t\t\t\t<\/div>\n\t\t\t\t<\/div>\n\t\t\t\t<\/div>\n\t\t\t\t<\/div>\n\t\t\t\t<\/div>\n\t\t<div class=\"elementor-element elementor-element-329d4f1 e-con-full e-flex e-con e-parent\" data-id=\"329d4f1\" data-element_type=\"container\">\n\t\t<div class=\"elementor-element elementor-element-cf895de e-con-full e-flex e-con e-child\" data-id=\"cf895de\" data-element_type=\"container\">\n\t\t<div class=\"elementor-element elementor-element-d88b084 e-con-full e-flex e-con e-child\" data-id=\"d88b084\" data-element_type=\"container\">\n\t\t\t\t<div class=\"elementor-element elementor-element-5b686c9 elementor-widget elementor-widget-heading\" data-id=\"5b686c9\" data-element_type=\"widget\" data-widget_type=\"heading.default\">\n\t\t\t\t<div class=\"elementor-widget-container\">\n\t\t\t<h2 class=\"elementor-heading-title elementor-size-default\">INDEMNISATION<\/h2>\t\t<\/div>\n\t\t\t\t<\/div>\n\t\t\t\t<div class=\"elementor-element elementor-element-03cc330 elementor-widget elementor-widget-text-editor\" data-id=\"03cc330\" data-element_type=\"widget\" data-widget_type=\"text-editor.default\">\n\t\t\t\t<div class=\"elementor-widget-container\">\n\t\t\t\t\t\t\t<p>Nous croyons que notre succ\u00e8s d\u00e9pend en grande partie de notre capacit\u00e9 continue \u00e0 attirer et \u00e0 retenir des co\u00e9quipiers hautement qualifi\u00e9s. Nous avons d\u00e9montr\u00e9 une histoire d&rsquo;investissement dans nos co\u00e9quipiers en fournissant des salaires et des primes comp\u00e9titifs \u00e0 tous les niveaux de la Soci\u00e9t\u00e9, y compris un r\u00e9gime de r\u00e9mun\u00e9ration diff\u00e9r\u00e9e et des primes diff\u00e9r\u00e9es pour nos dirigeants, et des opportunit\u00e9s de propri\u00e9t\u00e9 d&rsquo;actions par le biais de notre programme d&rsquo;actions restreintes dans le cadre de notre plan d&rsquo;incitation \u00e0 long terme. Nous offrons \u00e9galement un acc\u00e8s \u00e0 la formation et au perfectionnement ainsi qu&rsquo;\u00e0 un programme d&#8217;emploi attrayant qui favorise le bien-\u00eatre, y compris les soins de sant\u00e9, les r\u00e9gimes de retraite et les cong\u00e9s pay\u00e9s. Nous soutenons le d\u00e9sir de nos employ\u00e9s d&rsquo;\u00e9pargner pour la retraite en fournissant un r\u00e9gime d&rsquo;\u00e9pargne 401 (k) dans lequel nous cotons 100% de chaque dollar cotis\u00e9 par les employ\u00e9s, jusqu&rsquo;\u00e0 six pour cent (6%) des gains et pour lequel les employ\u00e9s sont enti\u00e8rement acquis apr\u00e8s deux (2) ans d&#8217;emploi. La r\u00e9mun\u00e9ration concurrentielle et l&rsquo;ensemble des avantages sociaux ont \u00e9t\u00e9 essentiels au maintien en poste de nos employ\u00e9s.    <\/p>\n\t\t\t\t\t\t<\/div>\n\t\t\t\t<\/div>\n\t\t\t\t<\/div>\n\t\t\t\t<\/div>\n\t\t<div class=\"elementor-element elementor-element-9b0d238 e-con-full e-flex e-con e-child\" data-id=\"9b0d238\" data-element_type=\"container\" data-settings=\"{&quot;background_background&quot;:&quot;classic&quot;}\">\n\t\t\t\t<div class=\"elementor-element elementor-element-d0c70e9 elementor-widget elementor-widget-image\" data-id=\"d0c70e9\" data-element_type=\"widget\" data-widget_type=\"image.default\">\n\t\t\t\t<div class=\"elementor-widget-container\">\n\t\t\t\t\t\t\t\t\t\t\t\t\t<img loading=\"lazy\" decoding=\"async\" width=\"892\" height=\"500\" src=\"https:\/\/oildri.ca\/wp-content\/uploads\/2024\/09\/SalaryPuzzle.png\" class=\"attachment-full size-full wp-image-9115\" alt=\"\" srcset=\"https:\/\/oildri.ca\/wp-content\/uploads\/2024\/09\/SalaryPuzzle.png 892w, https:\/\/oildri.ca\/wp-content\/uploads\/2024\/09\/SalaryPuzzle-300x168.png 300w, https:\/\/oildri.ca\/wp-content\/uploads\/2024\/09\/SalaryPuzzle-768x430.png 768w\" sizes=\"(max-width: 892px) 100vw, 892px\" \/>\t\t\t\t\t\t\t\t\t\t\t\t\t<\/div>\n\t\t\t\t<\/div>\n\t\t\t\t<\/div>\n\t\t\t\t<\/div>\n\t\t\t\t<\/div>\n\t\t","protected":false},"excerpt":{"rendered":"<p>Les employ\u00e9s de Oil-Dri, que nous appelons co\u00e9quipiers, sont notre ressource la plus importante. Ils jouent un r\u00f4le essentiel dans le succ\u00e8s de notre entreprise. Nous nous effor\u00e7ons de favoriser un environnement inclusif et s\u00fbr o\u00f9 nos co\u00e9quipiers se sentent valoris\u00e9s et entendus. Nous soutenons leur bien-\u00eatre personnel et encourageons la croissance professionnelle. Nos m\u00e9thodes [&hellip;]<\/p>\n","protected":false},"author":3,"featured_media":0,"parent":15587,"menu_order":0,"comment_status":"closed","ping_status":"closed","template":"","meta":{"_acf_changed":false,"footnotes":""},"class_list":["post-15975","page","type-page","status-publish","hentry"],"acf":[],"_links":{"self":[{"href":"https:\/\/oildri.ca\/fr\/wp-json\/wp\/v2\/pages\/15975","targetHints":{"allow":["GET"]}}],"collection":[{"href":"https:\/\/oildri.ca\/fr\/wp-json\/wp\/v2\/pages"}],"about":[{"href":"https:\/\/oildri.ca\/fr\/wp-json\/wp\/v2\/types\/page"}],"author":[{"embeddable":true,"href":"https:\/\/oildri.ca\/fr\/wp-json\/wp\/v2\/users\/3"}],"replies":[{"embeddable":true,"href":"https:\/\/oildri.ca\/fr\/wp-json\/wp\/v2\/comments?post=15975"}],"version-history":[{"count":2,"href":"https:\/\/oildri.ca\/fr\/wp-json\/wp\/v2\/pages\/15975\/revisions"}],"predecessor-version":[{"id":17743,"href":"https:\/\/oildri.ca\/fr\/wp-json\/wp\/v2\/pages\/15975\/revisions\/17743"}],"up":[{"embeddable":true,"href":"https:\/\/oildri.ca\/fr\/wp-json\/wp\/v2\/pages\/15587"}],"wp:attachment":[{"href":"https:\/\/oildri.ca\/fr\/wp-json\/wp\/v2\/media?parent=15975"}],"curies":[{"name":"wp","href":"https:\/\/api.w.org\/{rel}","templated":true}]}}