{"id":15963,"date":"2024-09-24T19:40:23","date_gmt":"2024-09-24T19:40:23","guid":{"rendered":"https:\/\/oildri.ca\/responsabilite\/securite\/"},"modified":"2024-11-12T19:30:47","modified_gmt":"2024-11-12T19:30:47","slug":"securite","status":"publish","type":"page","link":"https:\/\/oildri.ca\/fr\/responsabilite\/securite\/","title":{"rendered":"S\u00e9curit\u00e9"},"content":{"rendered":"\t\t<div data-elementor-type=\"wp-page\" data-elementor-id=\"15963\" class=\"elementor elementor-15963 elementor-8567\" data-elementor-post-type=\"page\">\n\t\t\t\t<div class=\"elementor-element elementor-element-c838291 e-flex e-con-boxed e-con e-parent\" data-id=\"c838291\" data-element_type=\"container\" data-settings=\"{&quot;background_background&quot;:&quot;classic&quot;}\">\n\t\t\t\t\t<div class=\"e-con-inner\">\n\t\t\t\t\t<\/div>\n\t\t\t\t<\/div>\n\t\t<div class=\"elementor-element elementor-element-08779f9 e-flex e-con-boxed e-con e-parent\" data-id=\"08779f9\" data-element_type=\"container\" data-settings=\"{&quot;background_background&quot;:&quot;classic&quot;}\">\n\t\t\t\t\t<div class=\"e-con-inner\">\n\t\t\t\t\t<\/div>\n\t\t\t\t<\/div>\n\t\t<div class=\"elementor-element elementor-element-ef50b43 e-flex e-con-boxed e-con e-parent\" data-id=\"ef50b43\" data-element_type=\"container\" data-settings=\"{&quot;background_background&quot;:&quot;classic&quot;}\">\n\t\t\t\t\t<div class=\"e-con-inner\">\n\t\t<div class=\"elementor-element elementor-element-c069119 e-con-full e-flex e-con e-child\" data-id=\"c069119\" data-element_type=\"container\">\n\t\t\t\t<div class=\"elementor-element elementor-element-b825dd2 elementor-widget elementor-widget-image\" data-id=\"b825dd2\" data-element_type=\"widget\" data-widget_type=\"image.default\">\n\t\t\t\t<div class=\"elementor-widget-container\">\n\t\t\t\t\t\t\t\t\t\t\t\t\t<img fetchpriority=\"high\" decoding=\"async\" width=\"300\" height=\"343\" src=\"https:\/\/oildri.ca\/wp-content\/uploads\/2024\/11\/S_Social-e1617735434721.png\" class=\"attachment-large size-large wp-image-16775\" alt=\"\" srcset=\"https:\/\/oildri.ca\/wp-content\/uploads\/2024\/11\/S_Social-e1617735434721.png 300w, https:\/\/oildri.ca\/wp-content\/uploads\/2024\/11\/S_Social-e1617735434721-262x300.png 262w\" sizes=\"(max-width: 300px) 100vw, 300px\" \/>\t\t\t\t\t\t\t\t\t\t\t\t\t<\/div>\n\t\t\t\t<\/div>\n\t\t\t\t<div class=\"elementor-element elementor-element-807c6ff elementor-widget__width-inherit elementor-widget elementor-widget-text-editor\" data-id=\"807c6ff\" data-element_type=\"widget\" data-widget_type=\"text-editor.default\">\n\t\t\t\t<div class=\"elementor-widget-container\">\n\t\t\t<style>\/*! elementor - v3.23.0 - 05-08-2024 *\/\n.elementor-widget-text-editor.elementor-drop-cap-view-stacked .elementor-drop-cap{background-color:#69727d;color:#fff}.elementor-widget-text-editor.elementor-drop-cap-view-framed .elementor-drop-cap{color:#69727d;border:3px solid;background-color:transparent}.elementor-widget-text-editor:not(.elementor-drop-cap-view-default) .elementor-drop-cap{margin-top:8px}.elementor-widget-text-editor:not(.elementor-drop-cap-view-default) .elementor-drop-cap-letter{width:1em;height:1em}.elementor-widget-text-editor .elementor-drop-cap{float:left;text-align:center;line-height:1;font-size:50px}.elementor-widget-text-editor .elementor-drop-cap-letter{display:inline-block}<\/style>\t\t\t\t<p>Nous croyons que la s\u00e9curit\u00e9 doit \u00eatre la consid\u00e9ration la plus importante dans les d\u00e9cisions prises au nom de la Soci\u00e9t\u00e9. Nous croyons que la s\u00e9curit\u00e9 est la responsabilit\u00e9 de tous, de la haute direction aux travailleurs de premi\u00e8re ligne. Dans le cadre de nos politiques de s\u00e9curit\u00e9 \u00e0 l&rsquo;\u00e9chelle de l&rsquo;entreprise, nous nous attendons \u00e0 ce que tous les co\u00e9quipiers identifient les risques pour la s\u00e9curit\u00e9 et prennent des mesures en mettant en place des contr\u00f4les provisoires, en veillant \u00e0 ce que les contr\u00f4les soient maintenus et en recommandant des solutions permanentes. De plus, dans le cadre de notre budget annuel et de notre processus de planification des immobilisations, nos activit\u00e9s identifient les investissements suppl\u00e9mentaires en mati\u00e8re de s\u00e9curit\u00e9 n\u00e9cessaires \u00e0 la formation, \u00e0 l&rsquo;\u00e9ducation, \u00e0 l&rsquo;\u00e9quipement et aux processus. Nous nous engageons \u00e0 fonctionner de mani\u00e8re \u00e0 prot\u00e9ger la sant\u00e9 et la s\u00e9curit\u00e9 de notre personnel et de nos communaut\u00e9s et \u00e0 veiller \u00e0 ce que les d\u00e9cisions soient conformes \u00e0 une vision \u00e0 long terme de la durabilit\u00e9 et de la g\u00e9rance.    <\/p>\n<p>Par l&rsquo;interm\u00e9diaire de notre service de s\u00e9curit\u00e9 d&rsquo;entreprise, nous avons mis en \u0153uvre un programme d&rsquo;audit de s\u00e9curit\u00e9 pour le respect des normes et r\u00e9glementations de s\u00e9curit\u00e9 locales, \u00e9tatiques et f\u00e9d\u00e9rales, y compris MSHA et OSHA. Ces audits sont effectu\u00e9s chaque ann\u00e9e pour les op\u00e9rations mondiales par des consultants tiers qui imposent une \u00e9valuation rigoureuse des normes r\u00e9glementaires, des proc\u00e9dures internes et de la performance du programme. Les \u00e9valuations-v\u00e9rifications et les inspections sont not\u00e9es et indiquent actuellement des niveaux \u00e9lev\u00e9s de conformit\u00e9 dans nos op\u00e9rations. Le programme d&rsquo;audit confirme l&rsquo;engagement de la Soci\u00e9t\u00e9 \u00e0 l&rsquo;\u00e9gard des meilleures pratiques et principes de gestion. Nous augmentons continuellement la rigueur et le niveau d&rsquo;examen afin de favoriser l&rsquo;am\u00e9lioration continue de nos op\u00e9rations.    <\/p>\n<p>En r\u00e9ponse \u00e0 la COVID-19, nous avons mis en \u0153uvre d&rsquo;importants changements de s\u00e9curit\u00e9 conformes aux r\u00e9glementations gouvernementales. Cela comprenait la pr\u00e9sence de la grande majorit\u00e9 de nos co\u00e9quipiers qui peuvent effectuer leur travail \u00e0 l&rsquo;ext\u00e9rieur du site et des mesures de s\u00e9curit\u00e9 suppl\u00e9mentaires pour les co\u00e9quipiers qui continuent de travailler sur place. Nous avons consid\u00e9rablement restreint les voyages non essentiels, exig\u00e9 la distanciation sociale, fourni des masques, mis en \u0153uvre des protocoles de nettoyage et d&rsquo;assainissement rigoureux et fourni r\u00e9guli\u00e8rement des informations \u00e0 tous nos co\u00e9quipiers concernant l&rsquo;approche de la Soci\u00e9t\u00e9 \u00e0 l&rsquo;\u00e9gard de la COVID-19 et d&rsquo;autres informations b\u00e9n\u00e9fiques li\u00e9es \u00e0 la sant\u00e9 et aux vaccins.  <\/p>\n<\/p>\n<h3><a href=\"https:\/\/oildri.ca\/wp-content\/uploads\/2024\/09\/Corporate-Safety-Health-and-Environmental-Policy-v2.pdf\" target=\"_blank\" rel=\"noopener\">POLITIQUE DE L&rsquo;ENTREPRISE EN MATI\u00c8RE DE S\u00c9CURIT\u00c9, DE SANT\u00c9 ET D&rsquo;ENVIRONNEMENT<\/a><\/h3>\n\t\t\t\t\t\t<\/div>\n\t\t\t\t<\/div>\n\t\t\t\t<\/div>\n\t\t\t\t\t<\/div>\n\t\t\t\t<\/div>\n\t\t\t\t<\/div>\n\t\t","protected":false},"excerpt":{"rendered":"<p>Nous croyons que la s\u00e9curit\u00e9 doit \u00eatre la consid\u00e9ration la plus importante dans les d\u00e9cisions prises au nom de la Soci\u00e9t\u00e9. Nous croyons que la s\u00e9curit\u00e9 est la responsabilit\u00e9 de tous, de la haute direction aux travailleurs de premi\u00e8re ligne. Dans le cadre de nos politiques de s\u00e9curit\u00e9 \u00e0 l&rsquo;\u00e9chelle de l&rsquo;entreprise, nous nous attendons [&hellip;]<\/p>\n","protected":false},"author":3,"featured_media":0,"parent":15587,"menu_order":0,"comment_status":"closed","ping_status":"closed","template":"","meta":{"_acf_changed":false,"footnotes":""},"class_list":["post-15963","page","type-page","status-publish","hentry"],"acf":[],"_links":{"self":[{"href":"https:\/\/oildri.ca\/fr\/wp-json\/wp\/v2\/pages\/15963","targetHints":{"allow":["GET"]}}],"collection":[{"href":"https:\/\/oildri.ca\/fr\/wp-json\/wp\/v2\/pages"}],"about":[{"href":"https:\/\/oildri.ca\/fr\/wp-json\/wp\/v2\/types\/page"}],"author":[{"embeddable":true,"href":"https:\/\/oildri.ca\/fr\/wp-json\/wp\/v2\/users\/3"}],"replies":[{"embeddable":true,"href":"https:\/\/oildri.ca\/fr\/wp-json\/wp\/v2\/comments?post=15963"}],"version-history":[{"count":2,"href":"https:\/\/oildri.ca\/fr\/wp-json\/wp\/v2\/pages\/15963\/revisions"}],"predecessor-version":[{"id":17739,"href":"https:\/\/oildri.ca\/fr\/wp-json\/wp\/v2\/pages\/15963\/revisions\/17739"}],"up":[{"embeddable":true,"href":"https:\/\/oildri.ca\/fr\/wp-json\/wp\/v2\/pages\/15587"}],"wp:attachment":[{"href":"https:\/\/oildri.ca\/fr\/wp-json\/wp\/v2\/media?parent=15963"}],"curies":[{"name":"wp","href":"https:\/\/api.w.org\/{rel}","templated":true}]}}