{"id":15939,"date":"2024-09-20T18:24:59","date_gmt":"2024-09-20T18:24:59","guid":{"rendered":"https:\/\/oildri.ca\/responsabilite\/reclamation\/"},"modified":"2024-11-12T19:30:35","modified_gmt":"2024-11-12T19:30:35","slug":"reclamation","status":"publish","type":"page","link":"https:\/\/oildri.ca\/fr\/responsabilite\/reclamation\/","title":{"rendered":"R\u00e9clamation"},"content":{"rendered":"\t\t<div data-elementor-type=\"wp-page\" data-elementor-id=\"15939\" class=\"elementor elementor-15939 elementor-7807\" data-elementor-post-type=\"page\">\n\t\t\t\t<div class=\"elementor-element elementor-element-2550049 e-flex e-con-boxed e-con e-parent\" data-id=\"2550049\" data-element_type=\"container\" data-settings=\"{&quot;background_background&quot;:&quot;classic&quot;}\">\n\t\t\t\t\t<div class=\"e-con-inner\">\n\t\t\t\t\t<\/div>\n\t\t\t\t<\/div>\n\t\t<div class=\"elementor-element elementor-element-2e4c170 e-flex e-con-boxed e-con e-parent\" data-id=\"2e4c170\" data-element_type=\"container\" data-settings=\"{&quot;background_background&quot;:&quot;classic&quot;}\">\n\t\t\t\t\t<div class=\"e-con-inner\">\n\t\t\t\t\t<\/div>\n\t\t\t\t<\/div>\n\t\t<div class=\"elementor-element elementor-element-d6c7a68 e-flex e-con-boxed e-con e-parent\" data-id=\"d6c7a68\" data-element_type=\"container\" data-settings=\"{&quot;background_background&quot;:&quot;classic&quot;}\">\n\t\t\t\t\t<div class=\"e-con-inner\">\n\t\t<div class=\"elementor-element elementor-element-86da23f e-con-full e-flex e-con e-child\" data-id=\"86da23f\" data-element_type=\"container\">\n\t\t\t\t<div class=\"elementor-element elementor-element-ab84051 elementor-widget elementor-widget-image\" data-id=\"ab84051\" data-element_type=\"widget\" data-widget_type=\"image.default\">\n\t\t\t\t<div class=\"elementor-widget-container\">\n\t\t\t\t\t\t\t\t\t\t\t\t\t<img fetchpriority=\"high\" decoding=\"async\" width=\"300\" height=\"343\" src=\"https:\/\/oildri.ca\/wp-content\/uploads\/2024\/11\/E_Environmental-e1617735354594.png\" class=\"attachment-large size-large wp-image-16855\" alt=\"\" srcset=\"https:\/\/oildri.ca\/wp-content\/uploads\/2024\/11\/E_Environmental-e1617735354594.png 300w, https:\/\/oildri.ca\/wp-content\/uploads\/2024\/11\/E_Environmental-e1617735354594-262x300.png 262w\" sizes=\"(max-width: 300px) 100vw, 300px\" \/>\t\t\t\t\t\t\t\t\t\t\t\t\t<\/div>\n\t\t\t\t<\/div>\n\t\t\t\t<div class=\"elementor-element elementor-element-477c846 elementor-widget__width-inherit elementor-widget elementor-widget-heading\" data-id=\"477c846\" data-element_type=\"widget\" data-widget_type=\"heading.default\">\n\t\t\t\t<div class=\"elementor-widget-container\">\n\t\t\t<style>\/*! elementor - v3.23.0 - 05-08-2024 *\/\n.elementor-heading-title{padding:0;margin:0;line-height:1}.elementor-widget-heading .elementor-heading-title[class*=elementor-size-]>a{color:inherit;font-size:inherit;line-height:inherit}.elementor-widget-heading .elementor-heading-title.elementor-size-small{font-size:15px}.elementor-widget-heading .elementor-heading-title.elementor-size-medium{font-size:19px}.elementor-widget-heading .elementor-heading-title.elementor-size-large{font-size:29px}.elementor-widget-heading .elementor-heading-title.elementor-size-xl{font-size:39px}.elementor-widget-heading .elementor-heading-title.elementor-size-xxl{font-size:59px}<\/style><h2 class=\"elementor-heading-title elementor-size-default\">C'EST LA BONNE CHOSE \u00c0 FAIRE\n<\/h2>\t\t<\/div>\n\t\t\t\t<\/div>\n\t\t\t\t<div class=\"elementor-element elementor-element-98e1559 elementor-widget__width-inherit elementor-widget elementor-widget-text-editor\" data-id=\"98e1559\" data-element_type=\"widget\" data-widget_type=\"text-editor.default\">\n\t\t\t\t<div class=\"elementor-widget-container\">\n\t\t\t<style>\/*! elementor - v3.23.0 - 05-08-2024 *\/\n.elementor-widget-text-editor.elementor-drop-cap-view-stacked .elementor-drop-cap{background-color:#69727d;color:#fff}.elementor-widget-text-editor.elementor-drop-cap-view-framed .elementor-drop-cap{color:#69727d;border:3px solid;background-color:transparent}.elementor-widget-text-editor:not(.elementor-drop-cap-view-default) .elementor-drop-cap{margin-top:8px}.elementor-widget-text-editor:not(.elementor-drop-cap-view-default) .elementor-drop-cap-letter{width:1em;height:1em}.elementor-widget-text-editor .elementor-drop-cap{float:left;text-align:center;line-height:1;font-size:50px}.elementor-widget-text-editor .elementor-drop-cap-letter{display:inline-block}<\/style>\t\t\t\t<p>Oil-Dri pratiquait l&rsquo;exploitation mini\u00e8re responsable bien avant d&rsquo;\u00eatre mandat\u00e9e pour le faire. Apr\u00e8s l&rsquo;exploitation mini\u00e8re, nous restaurons chaque habitat minier dans l\u2019\u00e9tat original ou sup\u00e9rieur \u00e0 ce qu&rsquo;il \u00e9tait avant le d\u00e9but des travaux.  <span data-contrast=\"auto\">Le r\u00e9sultat final peut \u00eatre un espace ouvert, un habitat faunique, l&rsquo;agriculture ou le d\u00e9veloppement r\u00e9sidentiel et commercial. Certaines composantes de la remise en \u00e9tat comprennent des pratiques qui contr\u00f4lent l&rsquo;\u00e9rosion et la s\u00e9dimentation, stabilisent les pentes et \u00e9vitent et r\u00e9parent les impacts sur l&rsquo;habitat faunique. La derni\u00e8re \u00e9tape est g\u00e9n\u00e9ralement le remplacement de la couche arable, la rev\u00e9g\u00e9talisation avec des esp\u00e8ces v\u00e9g\u00e9tales appropri\u00e9es et l&rsquo;introduction d&rsquo;animaux sauvages indig\u00e8nes. La remise en \u00e9tat est souvent \u00e9chelonn\u00e9e de mani\u00e8re \u00e0 \u00eatre simultan\u00e9e tout au long de la dur\u00e9e de vie du projet minier.   <\/span><\/p>\n\t\t\t\t\t\t<\/div>\n\t\t\t\t<\/div>\n\t\t\t\t<\/div>\n\t\t\t\t\t<\/div>\n\t\t\t\t<\/div>\n\t\t<div class=\"elementor-element elementor-element-e87a6b1 e-con-full e-flex e-con e-parent\" data-id=\"e87a6b1\" data-element_type=\"container\">\n\t\t<div class=\"elementor-element elementor-element-547e713 e-con-full e-flex e-con e-child\" data-id=\"547e713\" data-element_type=\"container\" data-settings=\"{&quot;background_background&quot;:&quot;classic&quot;}\">\n\t\t\t\t<div class=\"elementor-element elementor-element-de80b49 elementor-widget elementor-widget-image\" data-id=\"de80b49\" data-element_type=\"widget\" data-widget_type=\"image.default\">\n\t\t\t\t<div class=\"elementor-widget-container\">\n\t\t\t\t\t\t\t\t\t\t\t\t\t<img decoding=\"async\" width=\"688\" height=\"500\" src=\"https:\/\/oildri.ca\/wp-content\/uploads\/2024\/09\/GAMiningSite1.gif\" class=\"attachment-full size-full wp-image-7859\" alt=\"\" \/>\t\t\t\t\t\t\t\t\t\t\t\t\t<\/div>\n\t\t\t\t<\/div>\n\t\t\t\t<\/div>\n\t\t<div class=\"elementor-element elementor-element-fa80ca8 e-con-full e-flex e-con e-child\" data-id=\"fa80ca8\" data-element_type=\"container\">\n\t\t<div class=\"elementor-element elementor-element-e26ae09 e-con-full e-flex e-con e-child\" data-id=\"e26ae09\" data-element_type=\"container\">\n\t\t\t\t<div class=\"elementor-element elementor-element-8595b21 elementor-widget elementor-widget-heading\" data-id=\"8595b21\" data-element_type=\"widget\" data-widget_type=\"heading.default\">\n\t\t\t\t<div class=\"elementor-widget-container\">\n\t\t\t<h2 class=\"elementor-heading-title elementor-size-default\">GESTION DES RESSOURCES<\/h2>\t\t<\/div>\n\t\t\t\t<\/div>\n\t\t\t\t<div class=\"elementor-element elementor-element-8273161 elementor-widget elementor-widget-text-editor\" data-id=\"8273161\" data-element_type=\"widget\" data-widget_type=\"text-editor.default\">\n\t\t\t\t<div class=\"elementor-widget-container\">\n\t\t\t\t\t\t\t<p>Oil-Dri a toujours fait preuve d&rsquo;un engagement ferme envers la durabilit\u00e9 et la remise en \u00e9tat de l&rsquo;exploitation mini\u00e8re. Au cours du cours normal de notre processus, nous enlevons les morts-terrains ou terres v\u00e9g\u00e9tales, exposant l&rsquo;argile pr\u00e9cieuse pour pr\u00e9parer l&rsquo;exploitation mini\u00e8re. Au fur et \u00e0 mesure que les morts-terrains sont retir\u00e9s d&rsquo;un site minier, ils sont transport\u00e9s vers un endroit pr\u00e9c\u00e9demment exploit\u00e9 et utilis\u00e9s pour remplir les sites plus anciens. Ce processus nous permet de remettre en \u00e9tat en permanence les anciennes mines et d&rsquo;\u00e9liminer simultan\u00e9ment les morts-terrains.   <\/p>\n<p>\u00c0 gauche, vous pouvez voir le projet de remise en \u00e9tat de 1993 \u00e0 nos jours de l&rsquo;un des sites miniers d&rsquo;Ochlocknee, en G\u00e9orgie.<\/p>\n\t\t\t\t\t\t<\/div>\n\t\t\t\t<\/div>\n\t\t\t\t<\/div>\n\t\t\t\t<\/div>\n\t\t\t\t<\/div>\n\t\t<div class=\"elementor-element elementor-element-750b3b2 e-con-full e-flex e-con e-parent\" data-id=\"750b3b2\" data-element_type=\"container\">\n\t\t<div class=\"elementor-element elementor-element-52d3ee3 e-con-full e-flex e-con e-child\" data-id=\"52d3ee3\" data-element_type=\"container\">\n\t\t<div class=\"elementor-element elementor-element-06b4584 e-con-full e-flex e-con e-child\" data-id=\"06b4584\" data-element_type=\"container\">\n\t\t\t\t<div class=\"elementor-element elementor-element-35b81ac elementor-widget elementor-widget-heading\" data-id=\"35b81ac\" data-element_type=\"widget\" data-widget_type=\"heading.default\">\n\t\t\t\t<div class=\"elementor-widget-container\">\n\t\t\t<h2 class=\"elementor-heading-title elementor-size-default\">RESTAURATION DES TERRES<\/h2>\t\t<\/div>\n\t\t\t\t<\/div>\n\t\t\t\t<div class=\"elementor-element elementor-element-4ebd82f elementor-widget elementor-widget-text-editor\" data-id=\"4ebd82f\" data-element_type=\"widget\" data-widget_type=\"text-editor.default\">\n\t\t\t\t<div class=\"elementor-widget-container\">\n\t\t\t\t\t\t\t<p>Apr\u00e8s l&rsquo;exploitation mini\u00e8re, nous restaurons chaque habitat minier dans un \u00e9tat \u00e9gal ou sup\u00e9rieur \u00e0 ce qu&rsquo;il \u00e9tait avant le d\u00e9but des travaux. Nos \u00e9quipes replantent des arbres et des plantes indig\u00e8nes dans bon nombre de nos sites r\u00e9cup\u00e9r\u00e9s et maintiennent un plan forestier actif sur 6 000 acres en G\u00e9orgie. Nous construisons \u00e9galement des \u00e9tangs et introduisons diverses esp\u00e8ces de poissons afin de pr\u00e9server ou d&rsquo;augmenter la biodiversit\u00e9 du site. Notre \u00e9quipe innove, recherche et utilise constamment de meilleures m\u00e9thodes pour remettre en \u00e9tat les terres min\u00e9es.   <\/p>\n<p>\u00c0 droite, vous pouvez voir le projet de remise en \u00e9tat de 1993 \u00e0 nos jours de l&rsquo;un des sites miniers d&rsquo;Ochlocknee, en G\u00e9orgie.<\/p>\n\t\t\t\t\t\t<\/div>\n\t\t\t\t<\/div>\n\t\t\t\t<\/div>\n\t\t\t\t<\/div>\n\t\t<div class=\"elementor-element elementor-element-0c4d20e e-con-full e-flex e-con e-child\" data-id=\"0c4d20e\" data-element_type=\"container\" data-settings=\"{&quot;background_background&quot;:&quot;classic&quot;}\">\n\t\t\t\t<div class=\"elementor-element elementor-element-30fab28 elementor-widget elementor-widget-image\" data-id=\"30fab28\" data-element_type=\"widget\" data-widget_type=\"image.default\">\n\t\t\t\t<div class=\"elementor-widget-container\">\n\t\t\t\t\t\t\t\t\t\t\t\t\t<img decoding=\"async\" width=\"703\" height=\"500\" src=\"https:\/\/oildri.ca\/wp-content\/uploads\/2024\/09\/MiningSite2.gif\" class=\"attachment-full size-full wp-image-7987\" alt=\"\" \/>\t\t\t\t\t\t\t\t\t\t\t\t\t<\/div>\n\t\t\t\t<\/div>\n\t\t\t\t<\/div>\n\t\t\t\t<\/div>\n\t\t<div class=\"elementor-element elementor-element-6d20a26 e-con-full e-flex e-con e-parent\" data-id=\"6d20a26\" data-element_type=\"container\">\n\t\t<div class=\"elementor-element elementor-element-9fb79dc e-con-full e-flex e-con e-child\" data-id=\"9fb79dc\" data-element_type=\"container\" data-settings=\"{&quot;background_background&quot;:&quot;classic&quot;}\">\n\t\t\t\t<div class=\"elementor-element elementor-element-a17206a elementor-widget elementor-widget-image\" data-id=\"a17206a\" data-element_type=\"widget\" data-widget_type=\"image.default\">\n\t\t\t\t<div class=\"elementor-widget-container\">\n\t\t\t\t\t\t\t\t\t\t\t\t\t<img loading=\"lazy\" decoding=\"async\" width=\"392\" height=\"500\" src=\"https:\/\/oildri.ca\/wp-content\/uploads\/2024\/09\/GA_mineAward-e1618505551889.jpg\" class=\"attachment-full size-full wp-image-8003\" alt=\"\" srcset=\"https:\/\/oildri.ca\/wp-content\/uploads\/2024\/09\/GA_mineAward-e1618505551889.jpg 392w, https:\/\/oildri.ca\/wp-content\/uploads\/2024\/09\/GA_mineAward-e1618505551889-235x300.jpg 235w\" sizes=\"(max-width: 392px) 100vw, 392px\" \/>\t\t\t\t\t\t\t\t\t\t\t\t\t<\/div>\n\t\t\t\t<\/div>\n\t\t\t\t<\/div>\n\t\t<div class=\"elementor-element elementor-element-ae90412 e-con-full e-flex e-con e-child\" data-id=\"ae90412\" data-element_type=\"container\">\n\t\t<div class=\"elementor-element elementor-element-3e511a6 e-con-full e-flex e-con e-child\" data-id=\"3e511a6\" data-element_type=\"container\">\n\t\t\t\t<div class=\"elementor-element elementor-element-a39e646 elementor-widget elementor-widget-heading\" data-id=\"a39e646\" data-element_type=\"widget\" data-widget_type=\"heading.default\">\n\t\t\t\t<div class=\"elementor-widget-container\">\n\t\t\t<h2 class=\"elementor-heading-title elementor-size-default\">PRIX ENVIRONNEMENTAL<\/h2>\t\t<\/div>\n\t\t\t\t<\/div>\n\t\t\t\t<div class=\"elementor-element elementor-element-5075239 elementor-widget elementor-widget-text-editor\" data-id=\"5075239\" data-element_type=\"widget\" data-widget_type=\"text-editor.default\">\n\t\t\t\t<div class=\"elementor-widget-container\">\n\t\t\t\t\t\t\t<p>Dans le cadre de la fi\u00e8re histoire d&rsquo;Oil-Dri en mati\u00e8re de remise en \u00e9tat des terres, notre entreprise a re\u00e7u le prix environnemental en 2018 pour ses r\u00e9alisations exceptionnelles en mati\u00e8re de remise en \u00e9tat des terres de la Georgia Mining Association. Nous sommes honor\u00e9s d&rsquo;avoir re\u00e7u ce prix. Nous continuons de travailler sur tous nos sites miniers pour minimiser les effets environnementaux de l&rsquo;exploitation mini\u00e8re et donner un sens \u00e0 la terre qui nous a fourni de pr\u00e9cieuses ressources naturelles.  <\/p>\n\t\t\t\t\t\t<\/div>\n\t\t\t\t<\/div>\n\t\t\t\t<\/div>\n\t\t\t\t<\/div>\n\t\t\t\t<\/div>\n\t\t\t\t<\/div>\n\t\t","protected":false},"excerpt":{"rendered":"<p>C&rsquo;EST LA BONNE CHOSE \u00c0 FAIRE Oil-Dri pratiquait l&rsquo;exploitation mini\u00e8re responsable bien avant d&rsquo;\u00eatre mandat\u00e9e pour le faire. Apr\u00e8s l&rsquo;exploitation mini\u00e8re, nous restaurons chaque habitat minier dans l\u2019\u00e9tat original ou sup\u00e9rieur \u00e0 ce qu&rsquo;il \u00e9tait avant le d\u00e9but des travaux. Le r\u00e9sultat final peut \u00eatre un espace ouvert, un habitat faunique, l&rsquo;agriculture ou le d\u00e9veloppement [&hellip;]<\/p>\n","protected":false},"author":3,"featured_media":0,"parent":15587,"menu_order":0,"comment_status":"closed","ping_status":"closed","template":"","meta":{"_acf_changed":false,"footnotes":""},"class_list":["post-15939","page","type-page","status-publish","hentry"],"acf":[],"_links":{"self":[{"href":"https:\/\/oildri.ca\/fr\/wp-json\/wp\/v2\/pages\/15939","targetHints":{"allow":["GET"]}}],"collection":[{"href":"https:\/\/oildri.ca\/fr\/wp-json\/wp\/v2\/pages"}],"about":[{"href":"https:\/\/oildri.ca\/fr\/wp-json\/wp\/v2\/types\/page"}],"author":[{"embeddable":true,"href":"https:\/\/oildri.ca\/fr\/wp-json\/wp\/v2\/users\/3"}],"replies":[{"embeddable":true,"href":"https:\/\/oildri.ca\/fr\/wp-json\/wp\/v2\/comments?post=15939"}],"version-history":[{"count":2,"href":"https:\/\/oildri.ca\/fr\/wp-json\/wp\/v2\/pages\/15939\/revisions"}],"predecessor-version":[{"id":17735,"href":"https:\/\/oildri.ca\/fr\/wp-json\/wp\/v2\/pages\/15939\/revisions\/17735"}],"up":[{"embeddable":true,"href":"https:\/\/oildri.ca\/fr\/wp-json\/wp\/v2\/pages\/15587"}],"wp:attachment":[{"href":"https:\/\/oildri.ca\/fr\/wp-json\/wp\/v2\/media?parent=15939"}],"curies":[{"name":"wp","href":"https:\/\/api.w.org\/{rel}","templated":true}]}}