{"id":15875,"date":"2024-09-24T14:21:15","date_gmt":"2024-09-24T14:21:15","guid":{"rendered":"https:\/\/oildri.ca\/responsabilite\/reduction-de-la-consommation-denergie\/"},"modified":"2024-11-12T19:29:55","modified_gmt":"2024-11-12T19:29:55","slug":"reduction-de-la-consommation-denergie","status":"publish","type":"page","link":"https:\/\/oildri.ca\/fr\/responsabilite\/reduction-de-la-consommation-denergie\/","title":{"rendered":"R\u00e9duction de la consommation d&rsquo;\u00e9nergie"},"content":{"rendered":"\t\t<div data-elementor-type=\"wp-page\" data-elementor-id=\"15875\" class=\"elementor elementor-15875 elementor-8391\" data-elementor-post-type=\"page\">\n\t\t\t\t<div class=\"elementor-element elementor-element-94fe170 e-flex e-con-boxed e-con e-parent\" data-id=\"94fe170\" data-element_type=\"container\" data-settings=\"{&quot;background_background&quot;:&quot;classic&quot;}\">\n\t\t\t\t\t<div class=\"e-con-inner\">\n\t\t\t\t\t<\/div>\n\t\t\t\t<\/div>\n\t\t<div class=\"elementor-element elementor-element-931d235 e-flex e-con-boxed e-con e-parent\" data-id=\"931d235\" data-element_type=\"container\" data-settings=\"{&quot;background_background&quot;:&quot;classic&quot;}\">\n\t\t\t\t\t<div class=\"e-con-inner\">\n\t\t\t\t\t<\/div>\n\t\t\t\t<\/div>\n\t\t<div class=\"elementor-element elementor-element-cded7c4 e-flex e-con-boxed e-con e-parent\" data-id=\"cded7c4\" data-element_type=\"container\" data-settings=\"{&quot;background_background&quot;:&quot;classic&quot;}\">\n\t\t\t\t\t<div class=\"e-con-inner\">\n\t\t<div class=\"elementor-element elementor-element-29d708e e-con-full e-flex e-con e-child\" data-id=\"29d708e\" data-element_type=\"container\">\n\t\t\t\t<div class=\"elementor-element elementor-element-ebc1421 elementor-widget elementor-widget-image\" data-id=\"ebc1421\" data-element_type=\"widget\" data-widget_type=\"image.default\">\n\t\t\t\t<div class=\"elementor-widget-container\">\n\t\t\t\t\t\t\t\t\t\t\t\t\t<img fetchpriority=\"high\" decoding=\"async\" width=\"300\" height=\"343\" src=\"https:\/\/oildri.ca\/wp-content\/uploads\/2024\/11\/E_Environmental-e1617735354594.png\" class=\"attachment-large size-large wp-image-16855\" alt=\"\" srcset=\"https:\/\/oildri.ca\/wp-content\/uploads\/2024\/11\/E_Environmental-e1617735354594.png 300w, https:\/\/oildri.ca\/wp-content\/uploads\/2024\/11\/E_Environmental-e1617735354594-262x300.png 262w\" sizes=\"(max-width: 300px) 100vw, 300px\" \/>\t\t\t\t\t\t\t\t\t\t\t\t\t<\/div>\n\t\t\t\t<\/div>\n\t\t\t\t<div class=\"elementor-element elementor-element-d4f3c22 elementor-widget__width-inherit elementor-widget elementor-widget-text-editor\" data-id=\"d4f3c22\" data-element_type=\"widget\" data-widget_type=\"text-editor.default\">\n\t\t\t\t<div class=\"elementor-widget-container\">\n\t\t\t<style>\/*! elementor - v3.23.0 - 05-08-2024 *\/\n.elementor-widget-text-editor.elementor-drop-cap-view-stacked .elementor-drop-cap{background-color:#69727d;color:#fff}.elementor-widget-text-editor.elementor-drop-cap-view-framed .elementor-drop-cap{color:#69727d;border:3px solid;background-color:transparent}.elementor-widget-text-editor:not(.elementor-drop-cap-view-default) .elementor-drop-cap{margin-top:8px}.elementor-widget-text-editor:not(.elementor-drop-cap-view-default) .elementor-drop-cap-letter{width:1em;height:1em}.elementor-widget-text-editor .elementor-drop-cap{float:left;text-align:center;line-height:1;font-size:50px}.elementor-widget-text-editor .elementor-drop-cap-letter{display:inline-block}<\/style>\t\t\t\t<p>Minimiser la consommation d&rsquo;\u00e9nergie tout en continuant \u00e0 d\u00e9velopper notre entreprise est un objectif cl\u00e9 chez Oil-Dri. Nous avons mis en \u0153uvre plusieurs projets d&rsquo;\u00e9conomie d&rsquo;\u00e9nergie qui contribuent aux efforts continus de la r\u00e9duction de notre impact sur l&rsquo;environnement. Nous nous concentrons sur des mesures qui r\u00e9duisent la consommation d&rsquo;\u00e9nergie, diminuent les effets n\u00e9gatifs sur l&rsquo;environnement et, en fin de compte, se traduisent par des \u00e9conomies pour l&rsquo;entreprise. Investir dans l&rsquo;efficacit\u00e9 \u00e9nerg\u00e9tique est b\u00e9n\u00e9fique pour Oil-Dri, ses parties prenantes et la lutte contre le changement climatique. Ces efforts illustrent l&rsquo;engagement d&rsquo;Oil-Dri \u00e0 cr\u00e9er une plan\u00e8te plus saine.    <\/p>\n\t\t\t\t\t\t<\/div>\n\t\t\t\t<\/div>\n\t\t\t\t<\/div>\n\t\t\t\t\t<\/div>\n\t\t\t\t<\/div>\n\t\t<div class=\"elementor-element elementor-element-4eacf02 e-con-full e-flex e-con e-parent\" data-id=\"4eacf02\" data-element_type=\"container\">\n\t\t<div class=\"elementor-element elementor-element-7726a8d e-con-full e-flex e-con e-child\" data-id=\"7726a8d\" data-element_type=\"container\" data-settings=\"{&quot;background_background&quot;:&quot;classic&quot;}\">\n\t\t\t\t<\/div>\n\t\t<div class=\"elementor-element elementor-element-93cc735 e-con-full e-flex e-con e-child\" data-id=\"93cc735\" data-element_type=\"container\">\n\t\t<div class=\"elementor-element elementor-element-59c730f e-con-full e-flex e-con e-child\" data-id=\"59c730f\" data-element_type=\"container\">\n\t\t\t\t<div class=\"elementor-element elementor-element-3e44d7e elementor-widget elementor-widget-heading\" data-id=\"3e44d7e\" data-element_type=\"widget\" data-widget_type=\"heading.default\">\n\t\t\t\t<div class=\"elementor-widget-container\">\n\t\t\t<style>\/*! elementor - v3.23.0 - 05-08-2024 *\/\n.elementor-heading-title{padding:0;margin:0;line-height:1}.elementor-widget-heading .elementor-heading-title[class*=elementor-size-]>a{color:inherit;font-size:inherit;line-height:inherit}.elementor-widget-heading .elementor-heading-title.elementor-size-small{font-size:15px}.elementor-widget-heading .elementor-heading-title.elementor-size-medium{font-size:19px}.elementor-widget-heading .elementor-heading-title.elementor-size-large{font-size:29px}.elementor-widget-heading .elementor-heading-title.elementor-size-xl{font-size:39px}.elementor-widget-heading .elementor-heading-title.elementor-size-xxl{font-size:59px}<\/style><h2 class=\"elementor-heading-title elementor-size-default\">\u00c9NERGIE ALTERNATIVE TAFT<\/h2>\t\t<\/div>\n\t\t\t\t<\/div>\n\t\t\t\t<div class=\"elementor-element elementor-element-e7839d0 elementor-widget elementor-widget-text-editor\" data-id=\"e7839d0\" data-element_type=\"widget\" data-widget_type=\"text-editor.default\">\n\t\t\t\t<div class=\"elementor-widget-container\">\n\t\t\t\t\t\t\t<p>Notre usine de fabrication \u00e0 Taft, en Californie, s&rsquo;est fait le champion de plusieurs projets d&rsquo;\u00e9conomie d&rsquo;\u00e9nergie. Notre nouveau projet d&rsquo;\u00e9nergie solaire permettra \u00e0 l&rsquo;installation d&rsquo;exploiter l&rsquo;\u00e9nergie du soleil gr\u00e2ce \u00e0 un syst\u00e8me d&rsquo;environ 1 500 panneaux solaires et onduleurs. Gr\u00e2ce \u00e0 l&rsquo;utilisation de ces panneaux, nous r\u00e9duirons notre consommation d&rsquo;\u00e9lectricit\u00e9, de gaz naturel et d&rsquo;autres sources d&rsquo;\u00e9nergie et nous utiliserons des compteurs d&rsquo;\u00e9nergie carboneutre. Nous avons \u00e9galement ajout\u00e9 6 microturbines efficaces qui fonctionneront en mode de production combin\u00e9e de chaleur et d&rsquo;\u00e9lectricit\u00e9 (CHP). Cela nous permettra de r\u00e9duire notre consommation de carburant et les \u00e9missions connexes dans l&rsquo;air en cog\u00e9rant de l&rsquo;\u00e9nergie et de la chaleur latente utilis\u00e9es dans nos processus de s\u00e9chage. L&rsquo;usine a \u00e9galement d\u00e9ploy\u00e9 l&rsquo;utilisation d&rsquo;entra\u00eenements \u00e0 glissement magn\u00e9tiques qui r\u00e9duisent la consommation d&rsquo;\u00e9nergie de pointe pendant les p\u00e9riodes de d\u00e9marrage et d&rsquo;arr\u00eat. Nous avons mis \u00e0 niveau et modernis\u00e9 nos syst\u00e8mes d&rsquo;air comprim\u00e9, avec des capacit\u00e9s de vitesse variable pour g\u00e9n\u00e9rer uniquement le d\u00e9bit d&rsquo;air et la pression n\u00e9cessaires avec la consommation d&rsquo;\u00e9nergie la plus faible possible.      <\/p>\n\t\t\t\t\t\t<\/div>\n\t\t\t\t<\/div>\n\t\t\t\t<\/div>\n\t\t\t\t<\/div>\n\t\t\t\t<\/div>\n\t\t<div class=\"elementor-element elementor-element-5b2d232 e-con-full e-flex e-con e-parent\" data-id=\"5b2d232\" data-element_type=\"container\">\n\t\t<div class=\"elementor-element elementor-element-381cc65 e-con-full e-flex e-con e-child\" data-id=\"381cc65\" data-element_type=\"container\">\n\t\t<div class=\"elementor-element elementor-element-da734f7 e-con-full e-flex e-con e-child\" data-id=\"da734f7\" data-element_type=\"container\">\n\t\t\t\t<div class=\"elementor-element elementor-element-09afcbd elementor-widget elementor-widget-heading\" data-id=\"09afcbd\" data-element_type=\"widget\" data-widget_type=\"heading.default\">\n\t\t\t\t<div class=\"elementor-widget-container\">\n\t\t\t<h2 class=\"elementor-heading-title elementor-size-default\">MISE \u00c0 NIVEAU DE L'\u00c9CLAIRAGE LED<\/h2>\t\t<\/div>\n\t\t\t\t<\/div>\n\t\t\t\t<div class=\"elementor-element elementor-element-d9b66e1 elementor-widget elementor-widget-text-editor\" data-id=\"d9b66e1\" data-element_type=\"widget\" data-widget_type=\"text-editor.default\">\n\t\t\t\t<div class=\"elementor-widget-container\">\n\t\t\t\t\t\t\t<p>Dans quatre de nos sites de production, nous avons remplac\u00e9 les anciens luminaires fluorescents par des ampoules LED tr\u00e8s efficaces afin de r\u00e9duire la consommation d&rsquo;\u00e9lectricit\u00e9. En consommant moins d&rsquo;\u00e9nergie et en n\u00e9cessitant moins de remplacements, les ampoules LED r\u00e9duisent les \u00e9missions de carbone et l&rsquo;encombrement des d\u00e9charges. En outre, les ampoules LED ne contiennent pas de mercure, ce qui les rend recyclables. Des d\u00e9tecteurs de mouvement ont \u00e9galement \u00e9t\u00e9 install\u00e9s dans les entrep\u00f4ts afin d&rsquo;\u00e9conomiser l&rsquo;\u00e9nergie lorsqu&rsquo;ils ne sont pas utilis\u00e9s. La r\u00e9duction de la consommation d&rsquo;\u00e9lectricit\u00e9 r\u00e9sultant du remplacement des ampoules LED et des d\u00e9tecteurs de mouvement dans ces installations de fabrication a permis \u00e0 l&rsquo;entreprise de r\u00e9aliser des \u00e9conomies d&rsquo;\u00e9nergie.    <\/p>\n\t\t\t\t\t\t<\/div>\n\t\t\t\t<\/div>\n\t\t\t\t<\/div>\n\t\t\t\t<\/div>\n\t\t<div class=\"elementor-element elementor-element-a063cee e-con-full e-flex e-con e-child\" data-id=\"a063cee\" data-element_type=\"container\" data-settings=\"{&quot;background_background&quot;:&quot;classic&quot;}\">\n\t\t\t\t<\/div>\n\t\t\t\t<\/div>\n\t\t<div class=\"elementor-element elementor-element-4706076 e-con-full e-flex e-con e-parent\" data-id=\"4706076\" data-element_type=\"container\">\n\t\t<div class=\"elementor-element elementor-element-189a9db e-con-full e-flex e-con e-child\" data-id=\"189a9db\" data-element_type=\"container\" data-settings=\"{&quot;background_background&quot;:&quot;classic&quot;}\">\n\t\t\t\t<\/div>\n\t\t<div class=\"elementor-element elementor-element-64b1a47 e-con-full e-flex e-con e-child\" data-id=\"64b1a47\" data-element_type=\"container\">\n\t\t<div class=\"elementor-element elementor-element-125306d e-con-full e-flex e-con e-child\" data-id=\"125306d\" data-element_type=\"container\">\n\t\t\t\t<div class=\"elementor-element elementor-element-21991ea elementor-widget elementor-widget-heading\" data-id=\"21991ea\" data-element_type=\"widget\" data-widget_type=\"heading.default\">\n\t\t\t\t<div class=\"elementor-widget-container\">\n\t\t\t<h2 class=\"elementor-heading-title elementor-size-default\">PASSER \u00c0 L'\u00c9NERGIE SOLAIRE EN G\u00c9ORGIE<\/h2>\t\t<\/div>\n\t\t\t\t<\/div>\n\t\t\t\t<div class=\"elementor-element elementor-element-c8fe03f elementor-widget elementor-widget-text-editor\" data-id=\"c8fe03f\" data-element_type=\"widget\" data-widget_type=\"text-editor.default\">\n\t\t\t\t<div class=\"elementor-widget-container\">\n\t\t\t\t\t\t\t<p>Sur une partie de notre propri\u00e9t\u00e9 r\u00e9cup\u00e9r\u00e9e en G\u00e9orgie, la compagnie Georgia Power a install\u00e9 une ferme solaire qui g\u00e9n\u00e8re de l&rsquo;\u00e9nergie propre utilis\u00e9e par notre entreprise, le r\u00e9seau \u00e9lectrique local et la communaut\u00e9 dans son ensemble. Ces panneaux g\u00e9n\u00e8rent une \u00e9nergie neutre en carbone que notre entreprise est en mesure d&rsquo;utiliser et qui soutient le r\u00e9seau \u00e9lectrique local et la communaut\u00e9 en g\u00e9n\u00e9rant une \u00e9nergie propre pour tous. Oil-Dri est fi\u00e8re de pouvoir profiter de cette source d&rsquo;\u00e9nergie renouvelable et de soutenir les efforts des services publics locaux pour produire de l&rsquo;\u00e9nergie propre.  <\/p>\n\t\t\t\t\t\t<\/div>\n\t\t\t\t<\/div>\n\t\t\t\t<\/div>\n\t\t\t\t<\/div>\n\t\t\t\t<\/div>\n\t\t\t\t<\/div>\n\t\t","protected":false},"excerpt":{"rendered":"<p>Minimiser la consommation d&rsquo;\u00e9nergie tout en continuant \u00e0 d\u00e9velopper notre entreprise est un objectif cl\u00e9 chez Oil-Dri. Nous avons mis en \u0153uvre plusieurs projets d&rsquo;\u00e9conomie d&rsquo;\u00e9nergie qui contribuent aux efforts continus de la r\u00e9duction de notre impact sur l&rsquo;environnement. Nous nous concentrons sur des mesures qui r\u00e9duisent la consommation d&rsquo;\u00e9nergie, diminuent les effets n\u00e9gatifs sur [&hellip;]<\/p>\n","protected":false},"author":3,"featured_media":0,"parent":15587,"menu_order":0,"comment_status":"closed","ping_status":"closed","template":"","meta":{"_acf_changed":false,"footnotes":""},"class_list":["post-15875","page","type-page","status-publish","hentry"],"acf":[],"_links":{"self":[{"href":"https:\/\/oildri.ca\/fr\/wp-json\/wp\/v2\/pages\/15875","targetHints":{"allow":["GET"]}}],"collection":[{"href":"https:\/\/oildri.ca\/fr\/wp-json\/wp\/v2\/pages"}],"about":[{"href":"https:\/\/oildri.ca\/fr\/wp-json\/wp\/v2\/types\/page"}],"author":[{"embeddable":true,"href":"https:\/\/oildri.ca\/fr\/wp-json\/wp\/v2\/users\/3"}],"replies":[{"embeddable":true,"href":"https:\/\/oildri.ca\/fr\/wp-json\/wp\/v2\/comments?post=15875"}],"version-history":[{"count":2,"href":"https:\/\/oildri.ca\/fr\/wp-json\/wp\/v2\/pages\/15875\/revisions"}],"predecessor-version":[{"id":17727,"href":"https:\/\/oildri.ca\/fr\/wp-json\/wp\/v2\/pages\/15875\/revisions\/17727"}],"up":[{"embeddable":true,"href":"https:\/\/oildri.ca\/fr\/wp-json\/wp\/v2\/pages\/15587"}],"wp:attachment":[{"href":"https:\/\/oildri.ca\/fr\/wp-json\/wp\/v2\/media?parent=15875"}],"curies":[{"name":"wp","href":"https:\/\/api.w.org\/{rel}","templated":true}]}}