{"id":15859,"date":"2024-09-24T19:37:59","date_gmt":"2024-09-24T19:37:59","guid":{"rendered":"https:\/\/oildri.ca\/responsabilite\/diversite-equite-et-inclusion\/"},"modified":"2024-11-12T19:29:41","modified_gmt":"2024-11-12T19:29:41","slug":"diversite-equite-et-inclusion","status":"publish","type":"page","link":"https:\/\/oildri.ca\/fr\/responsabilite\/diversite-equite-et-inclusion\/","title":{"rendered":"Diversit\u00e9, \u00e9quit\u00e9 et inclusion"},"content":{"rendered":"\t\t<div data-elementor-type=\"wp-page\" data-elementor-id=\"15859\" class=\"elementor elementor-15859 elementor-8543\" data-elementor-post-type=\"page\">\n\t\t\t\t<div class=\"elementor-element elementor-element-014c738 e-flex e-con-boxed e-con e-parent\" data-id=\"014c738\" data-element_type=\"container\" data-settings=\"{&quot;background_background&quot;:&quot;classic&quot;}\">\n\t\t\t\t\t<div class=\"e-con-inner\">\n\t\t\t\t\t<\/div>\n\t\t\t\t<\/div>\n\t\t<div class=\"elementor-element elementor-element-10dd04c e-flex e-con-boxed e-con e-parent\" data-id=\"10dd04c\" data-element_type=\"container\" data-settings=\"{&quot;background_background&quot;:&quot;classic&quot;}\">\n\t\t\t\t\t<div class=\"e-con-inner\">\n\t\t\t\t\t<\/div>\n\t\t\t\t<\/div>\n\t\t<div class=\"elementor-element elementor-element-45c5cab e-flex e-con-boxed e-con e-parent\" data-id=\"45c5cab\" data-element_type=\"container\" data-settings=\"{&quot;background_background&quot;:&quot;classic&quot;}\">\n\t\t\t\t\t<div class=\"e-con-inner\">\n\t\t<div class=\"elementor-element elementor-element-ebe2089 e-con-full e-flex e-con e-child\" data-id=\"ebe2089\" data-element_type=\"container\">\n\t\t\t\t<div class=\"elementor-element elementor-element-cc75c2c elementor-widget elementor-widget-image\" data-id=\"cc75c2c\" data-element_type=\"widget\" data-widget_type=\"image.default\">\n\t\t\t\t<div class=\"elementor-widget-container\">\n\t\t\t\t\t\t\t\t\t\t\t\t\t<img fetchpriority=\"high\" decoding=\"async\" width=\"300\" height=\"343\" src=\"https:\/\/oildri.ca\/wp-content\/uploads\/2024\/11\/S_Social-e1617735434721.png\" class=\"attachment-large size-large wp-image-16775\" alt=\"\" srcset=\"https:\/\/oildri.ca\/wp-content\/uploads\/2024\/11\/S_Social-e1617735434721.png 300w, https:\/\/oildri.ca\/wp-content\/uploads\/2024\/11\/S_Social-e1617735434721-262x300.png 262w\" sizes=\"(max-width: 300px) 100vw, 300px\" \/>\t\t\t\t\t\t\t\t\t\t\t\t\t<\/div>\n\t\t\t\t<\/div>\n\t\t\t\t<div class=\"elementor-element elementor-element-5ef470f elementor-widget__width-inherit elementor-widget elementor-widget-text-editor\" data-id=\"5ef470f\" data-element_type=\"widget\" data-widget_type=\"text-editor.default\">\n\t\t\t\t<div class=\"elementor-widget-container\">\n\t\t\t<style>\/*! elementor - v3.23.0 - 05-08-2024 *\/\n.elementor-widget-text-editor.elementor-drop-cap-view-stacked .elementor-drop-cap{background-color:#69727d;color:#fff}.elementor-widget-text-editor.elementor-drop-cap-view-framed .elementor-drop-cap{color:#69727d;border:3px solid;background-color:transparent}.elementor-widget-text-editor:not(.elementor-drop-cap-view-default) .elementor-drop-cap{margin-top:8px}.elementor-widget-text-editor:not(.elementor-drop-cap-view-default) .elementor-drop-cap-letter{width:1em;height:1em}.elementor-widget-text-editor .elementor-drop-cap{float:left;text-align:center;line-height:1;font-size:50px}.elementor-widget-text-editor .elementor-drop-cap-letter{display:inline-block}<\/style>\t\t\t\t<p>Le succ\u00e8s d&rsquo;Oil-Dri est renforc\u00e9 par une main-d&rsquo;\u0153uvre qui refl\u00e8te la diversit\u00e9 des communaut\u00e9s et des pays dans lesquels nous vivons et travaillons. Nous accueillons toutes les personnes, sans distinction de race, de sexe, d&rsquo;identit\u00e9 de genre, d&rsquo;\u00e2ge, de religion, de nationalit\u00e9, de capacit\u00e9 physique ou d&rsquo;orientation sexuelle. La diversit\u00e9 des points de vue est encourag\u00e9e et n\u00e9cessaire pour aider notre entreprise \u00e0 r\u00e9aliser sa vision et \u00e0 poursuivre sa croissance. Nous nous engageons \u00e0 cultiver et \u00e0 pr\u00e9server une culture d&rsquo;inclusion.   <\/p>\n\t\t\t\t\t\t<\/div>\n\t\t\t\t<\/div>\n\t\t\t\t<\/div>\n\t\t\t\t\t<\/div>\n\t\t\t\t<\/div>\n\t\t<div class=\"elementor-element elementor-element-2bec306 e-con-full e-flex e-con e-parent\" data-id=\"2bec306\" data-element_type=\"container\">\n\t\t<div class=\"elementor-element elementor-element-3d2808a e-con-full e-flex e-con e-child\" data-id=\"3d2808a\" data-element_type=\"container\" data-settings=\"{&quot;background_background&quot;:&quot;classic&quot;}\">\n\t\t\t\t<div class=\"elementor-element elementor-element-73c05ac elementor-widget elementor-widget-image\" data-id=\"73c05ac\" data-element_type=\"widget\" data-widget_type=\"image.default\">\n\t\t\t\t<div class=\"elementor-widget-container\">\n\t\t\t\t\t\t\t\t\t\t\t\t\t<img decoding=\"async\" width=\"1667\" height=\"1042\" src=\"https:\/\/oildri.ca\/wp-content\/uploads\/2024\/09\/DiversityCollage1.png\" class=\"attachment-full size-full wp-image-9163\" alt=\"\" srcset=\"https:\/\/oildri.ca\/wp-content\/uploads\/2024\/09\/DiversityCollage1.png 1667w, https:\/\/oildri.ca\/wp-content\/uploads\/2024\/09\/DiversityCollage1-300x188.png 300w, https:\/\/oildri.ca\/wp-content\/uploads\/2024\/09\/DiversityCollage1-1024x640.png 1024w, https:\/\/oildri.ca\/wp-content\/uploads\/2024\/09\/DiversityCollage1-768x480.png 768w, https:\/\/oildri.ca\/wp-content\/uploads\/2024\/09\/DiversityCollage1-1536x960.png 1536w\" sizes=\"(max-width: 1667px) 100vw, 1667px\" \/>\t\t\t\t\t\t\t\t\t\t\t\t\t<\/div>\n\t\t\t\t<\/div>\n\t\t\t\t<\/div>\n\t\t<div class=\"elementor-element elementor-element-73f60a7 e-con-full e-flex e-con e-child\" data-id=\"73f60a7\" data-element_type=\"container\">\n\t\t<div class=\"elementor-element elementor-element-0996ea1 e-con-full e-flex e-con e-child\" data-id=\"0996ea1\" data-element_type=\"container\">\n\t\t\t\t<div class=\"elementor-element elementor-element-f3d0931 elementor-widget elementor-widget-heading\" data-id=\"f3d0931\" data-element_type=\"widget\" data-widget_type=\"heading.default\">\n\t\t\t\t<div class=\"elementor-widget-container\">\n\t\t\t<style>\/*! elementor - v3.23.0 - 05-08-2024 *\/\n.elementor-heading-title{padding:0;margin:0;line-height:1}.elementor-widget-heading .elementor-heading-title[class*=elementor-size-]>a{color:inherit;font-size:inherit;line-height:inherit}.elementor-widget-heading .elementor-heading-title.elementor-size-small{font-size:15px}.elementor-widget-heading .elementor-heading-title.elementor-size-medium{font-size:19px}.elementor-widget-heading .elementor-heading-title.elementor-size-large{font-size:29px}.elementor-widget-heading .elementor-heading-title.elementor-size-xl{font-size:39px}.elementor-widget-heading .elementor-heading-title.elementor-size-xxl{font-size:59px}<\/style><h2 class=\"elementor-heading-title elementor-size-default\">COMIT\u00c9 POUR LA DIVERSIT\u00c9, L'\u00c9QUIT\u00c9 ET L'INCLUSION<\/h2>\t\t<\/div>\n\t\t\t\t<\/div>\n\t\t\t\t<div class=\"elementor-element elementor-element-4838e56 elementor-widget elementor-widget-text-editor\" data-id=\"4838e56\" data-element_type=\"widget\" data-widget_type=\"text-editor.default\">\n\t\t\t\t<div class=\"elementor-widget-container\">\n\t\t\t\t\t\t\t<p>Au cours de l&rsquo;ann\u00e9e 2021, nous avons cr\u00e9\u00e9 un comit\u00e9 de diversit\u00e9, d&rsquo;\u00e9quit\u00e9 et d&rsquo;inclusion (DEI) pour nous aider \u00e0 respecter nos valeurs fondamentales \u00ab WE CARE \u00bb. Le comit\u00e9 repr\u00e9sente un groupe diversifi\u00e9 de co\u00e9quipiers de tous les emplacements, fonctions et communaut\u00e9s qui sont les champions de l&rsquo;entreprise pour nos initiatives de diversit\u00e9, d&rsquo;\u00e9quit\u00e9 et d&rsquo;inclusion. Le comit\u00e9 s&rsquo;efforce de sensibiliser et de faire comprendre que la diversit\u00e9 humaine est un imp\u00e9ratif organisationnel en engageant les co\u00e9quipiers dans des conversations, des formations et des formations pertinentes. Chaque mois, les membres du comit\u00e9 et d&rsquo;autres co\u00e9quipiers partagent un sujet de justice sociale avec toute la communaut\u00e9 Oil-Dri. Des bulletins d&rsquo;information internes, qui comprennent des articles sur les leaders historiques qui ont fait pression pour l&rsquo;\u00e9galit\u00e9, la r\u00e9forme sociale et d&rsquo;autres questions pertinentes, sont \u00e9galement distribu\u00e9s \u00e0 tous les co\u00e9quipiers de l&rsquo;entreprise. Au fur et \u00e0 mesure de l&rsquo;\u00e9volution du comit\u00e9, d&rsquo;autres programmes seront mis en place.  <\/p>\n\t\t\t\t\t\t<\/div>\n\t\t\t\t<\/div>\n\t\t\t\t<\/div>\n\t\t\t\t<\/div>\n\t\t\t\t<\/div>\n\t\t<div class=\"elementor-element elementor-element-a118eac e-con-full e-flex e-con e-parent\" data-id=\"a118eac\" data-element_type=\"container\">\n\t\t<div class=\"elementor-element elementor-element-43831ed e-con-full e-flex e-con e-child\" data-id=\"43831ed\" data-element_type=\"container\">\n\t\t<div class=\"elementor-element elementor-element-71ba7b2 e-con-full e-flex e-con e-child\" data-id=\"71ba7b2\" data-element_type=\"container\">\n\t\t\t\t<div class=\"elementor-element elementor-element-d150adc elementor-widget elementor-widget-heading\" data-id=\"d150adc\" data-element_type=\"widget\" data-widget_type=\"heading.default\">\n\t\t\t\t<div class=\"elementor-widget-container\">\n\t\t\t<h2 class=\"elementor-heading-title elementor-size-default\">D\u00c9CLARATION DE MISSION DE DEI<\/h2>\t\t<\/div>\n\t\t\t\t<\/div>\n\t\t\t\t<div class=\"elementor-element elementor-element-b43f142 elementor-widget elementor-widget-text-editor\" data-id=\"b43f142\" data-element_type=\"widget\" data-widget_type=\"text-editor.default\">\n\t\t\t\t<div class=\"elementor-widget-container\">\n\t\t\t\t\t\t\t<p>Diversity, Equity, and Inclusion (DEI) recognizes<strong> WE CARE for All.<\/strong> Our strength as a company comes from leveraging the uniqueness of all teammates and those in our communities. We strive to promote a diverse and inclusive workforce for all. We will learn, educate, and be a part of making a better world for everyone.  <\/p>\n\t\t\t\t\t\t<\/div>\n\t\t\t\t<\/div>\n\t\t\t\t<\/div>\n\t\t\t\t<\/div>\n\t\t<div class=\"elementor-element elementor-element-f1f1b72 e-con-full e-flex e-con e-child\" data-id=\"f1f1b72\" data-element_type=\"container\" data-settings=\"{&quot;background_background&quot;:&quot;classic&quot;}\">\n\t\t\t\t<div class=\"elementor-element elementor-element-c5a26f0 elementor-widget elementor-widget-image\" data-id=\"c5a26f0\" data-element_type=\"widget\" data-widget_type=\"image.default\">\n\t\t\t\t<div class=\"elementor-widget-container\">\n\t\t\t\t\t\t\t\t\t\t\t\t\t<img decoding=\"async\" width=\"750\" height=\"500\" src=\"https:\/\/oildri.ca\/wp-content\/uploads\/2024\/09\/Diversity-Braid.jpg\" class=\"attachment-full size-full wp-image-9167\" alt=\"\" srcset=\"https:\/\/oildri.ca\/wp-content\/uploads\/2024\/09\/Diversity-Braid.jpg 750w, https:\/\/oildri.ca\/wp-content\/uploads\/2024\/09\/Diversity-Braid-300x200.jpg 300w\" sizes=\"(max-width: 750px) 100vw, 750px\" \/>\t\t\t\t\t\t\t\t\t\t\t\t\t<\/div>\n\t\t\t\t<\/div>\n\t\t\t\t<\/div>\n\t\t\t\t<\/div>\n\t\t\t\t<\/div>\n\t\t","protected":false},"excerpt":{"rendered":"<p>Le succ\u00e8s d&rsquo;Oil-Dri est renforc\u00e9 par une main-d&rsquo;\u0153uvre qui refl\u00e8te la diversit\u00e9 des communaut\u00e9s et des pays dans lesquels nous vivons et travaillons. Nous accueillons toutes les personnes, sans distinction de race, de sexe, d&rsquo;identit\u00e9 de genre, d&rsquo;\u00e2ge, de religion, de nationalit\u00e9, de capacit\u00e9 physique ou d&rsquo;orientation sexuelle. La diversit\u00e9 des points de vue est [&hellip;]<\/p>\n","protected":false},"author":3,"featured_media":0,"parent":15587,"menu_order":0,"comment_status":"closed","ping_status":"closed","template":"","meta":{"_acf_changed":false,"footnotes":""},"class_list":["post-15859","page","type-page","status-publish","hentry"],"acf":[],"_links":{"self":[{"href":"https:\/\/oildri.ca\/fr\/wp-json\/wp\/v2\/pages\/15859","targetHints":{"allow":["GET"]}}],"collection":[{"href":"https:\/\/oildri.ca\/fr\/wp-json\/wp\/v2\/pages"}],"about":[{"href":"https:\/\/oildri.ca\/fr\/wp-json\/wp\/v2\/types\/page"}],"author":[{"embeddable":true,"href":"https:\/\/oildri.ca\/fr\/wp-json\/wp\/v2\/users\/3"}],"replies":[{"embeddable":true,"href":"https:\/\/oildri.ca\/fr\/wp-json\/wp\/v2\/comments?post=15859"}],"version-history":[{"count":2,"href":"https:\/\/oildri.ca\/fr\/wp-json\/wp\/v2\/pages\/15859\/revisions"}],"predecessor-version":[{"id":17723,"href":"https:\/\/oildri.ca\/fr\/wp-json\/wp\/v2\/pages\/15859\/revisions\/17723"}],"up":[{"embeddable":true,"href":"https:\/\/oildri.ca\/fr\/wp-json\/wp\/v2\/pages\/15587"}],"wp:attachment":[{"href":"https:\/\/oildri.ca\/fr\/wp-json\/wp\/v2\/media?parent=15859"}],"curies":[{"name":"wp","href":"https:\/\/api.w.org\/{rel}","templated":true}]}}