{"id":15615,"date":"2024-09-24T19:39:04","date_gmt":"2024-09-24T19:39:04","guid":{"rendered":"https:\/\/oildri.ca\/responsabilite\/bien-etre-des-animaux\/"},"modified":"2024-11-12T19:28:37","modified_gmt":"2024-11-12T19:28:37","slug":"bien-etre-des-animaux","status":"publish","type":"page","link":"https:\/\/oildri.ca\/fr\/responsabilite\/bien-etre-des-animaux\/","title":{"rendered":"Bien-\u00eatre des animaux"},"content":{"rendered":"\t\t<div data-elementor-type=\"wp-page\" data-elementor-id=\"15615\" class=\"elementor elementor-15615 elementor-8551\" data-elementor-post-type=\"page\">\n\t\t\t\t<div class=\"elementor-element elementor-element-aa3317c e-flex e-con-boxed e-con e-parent\" data-id=\"aa3317c\" data-element_type=\"container\" data-settings=\"{&quot;background_background&quot;:&quot;classic&quot;}\">\n\t\t\t\t\t<div class=\"e-con-inner\">\n\t\t\t\t\t<\/div>\n\t\t\t\t<\/div>\n\t\t<div class=\"elementor-element elementor-element-e059349 e-flex e-con-boxed e-con e-parent\" data-id=\"e059349\" data-element_type=\"container\" data-settings=\"{&quot;background_background&quot;:&quot;classic&quot;}\">\n\t\t\t\t\t<div class=\"e-con-inner\">\n\t\t\t\t\t<\/div>\n\t\t\t\t<\/div>\n\t\t<div class=\"elementor-element elementor-element-62fbd77 e-flex e-con-boxed e-con e-parent\" data-id=\"62fbd77\" data-element_type=\"container\" data-settings=\"{&quot;background_background&quot;:&quot;classic&quot;}\">\n\t\t\t\t\t<div class=\"e-con-inner\">\n\t\t<div class=\"elementor-element elementor-element-ff78857 e-con-full e-flex e-con e-child\" data-id=\"ff78857\" data-element_type=\"container\">\n\t\t\t\t<div class=\"elementor-element elementor-element-b4b47e5 elementor-widget elementor-widget-image\" data-id=\"b4b47e5\" data-element_type=\"widget\" data-widget_type=\"image.default\">\n\t\t\t\t<div class=\"elementor-widget-container\">\n\t\t\t\t\t\t\t\t\t\t\t\t\t<img fetchpriority=\"high\" decoding=\"async\" width=\"300\" height=\"343\" src=\"https:\/\/oildri.ca\/wp-content\/uploads\/2024\/11\/S_Social-e1617735434721.png\" class=\"attachment-large size-large wp-image-16775\" alt=\"\" srcset=\"https:\/\/oildri.ca\/wp-content\/uploads\/2024\/11\/S_Social-e1617735434721.png 300w, https:\/\/oildri.ca\/wp-content\/uploads\/2024\/11\/S_Social-e1617735434721-262x300.png 262w\" sizes=\"(max-width: 300px) 100vw, 300px\" \/>\t\t\t\t\t\t\t\t\t\t\t\t\t<\/div>\n\t\t\t\t<\/div>\n\t\t\t\t<div class=\"elementor-element elementor-element-407b3a1 elementor-widget__width-inherit elementor-widget elementor-widget-text-editor\" data-id=\"407b3a1\" data-element_type=\"widget\" data-widget_type=\"text-editor.default\">\n\t\t\t\t<div class=\"elementor-widget-container\">\n\t\t\t<style>\/*! elementor - v3.23.0 - 05-08-2024 *\/\n.elementor-widget-text-editor.elementor-drop-cap-view-stacked .elementor-drop-cap{background-color:#69727d;color:#fff}.elementor-widget-text-editor.elementor-drop-cap-view-framed .elementor-drop-cap{color:#69727d;border:3px solid;background-color:transparent}.elementor-widget-text-editor:not(.elementor-drop-cap-view-default) .elementor-drop-cap{margin-top:8px}.elementor-widget-text-editor:not(.elementor-drop-cap-view-default) .elementor-drop-cap-letter{width:1em;height:1em}.elementor-widget-text-editor .elementor-drop-cap{float:left;text-align:center;line-height:1;font-size:50px}.elementor-widget-text-editor .elementor-drop-cap-letter{display:inline-block}<\/style>\t\t\t\t<p>Les animaux sont des amis et des compagnons fid\u00e8les pour beaucoup d&rsquo;entre nous. Nos amis \u00e0 fourrure nous apportent un amour inconditionnel et un soutien \u00e9motionnel. Malheureusement, beaucoup de nos animaux de compagnie vivent dans des refuges ou des organisations de sauvetage. Ils cherchent des foyers aimants ou ont besoin de notre aide d&rsquo;une autre mani\u00e8re. En faisant don de liti\u00e8re pour chats aux refuges pour animaux \u00e0 travers l&rsquo;Am\u00e9rique, Oil-Dri est en mesure d&rsquo;aider ces organisations \u00e0 allouer des ressources \u00e0 d&rsquo;autres n\u00e9cessit\u00e9s.    <\/p>\n\t\t\t\t\t\t<\/div>\n\t\t\t\t<\/div>\n\t\t\t\t<\/div>\n\t\t\t\t\t<\/div>\n\t\t\t\t<\/div>\n\t\t<div class=\"elementor-element elementor-element-322d108 e-con-full e-flex e-con e-parent\" data-id=\"322d108\" data-element_type=\"container\">\n\t\t<div class=\"elementor-element elementor-element-4690b88 e-con-full e-flex e-con e-child\" data-id=\"4690b88\" data-element_type=\"container\" data-settings=\"{&quot;background_background&quot;:&quot;classic&quot;}\">\n\t\t\t\t<div class=\"elementor-element elementor-element-517dae4 elementor-widget elementor-widget-image\" data-id=\"517dae4\" data-element_type=\"widget\" data-widget_type=\"image.default\">\n\t\t\t\t<div class=\"elementor-widget-container\">\n\t\t\t\t\t\t\t\t\t\t\t\t\t<img decoding=\"async\" width=\"2218\" height=\"2222\" src=\"https:\/\/oildri.ca\/wp-content\/uploads\/2024\/09\/ODC-0001_LFG_Logo_010219-01.png\" class=\"attachment-full size-full wp-image-9187\" alt=\"\" srcset=\"https:\/\/oildri.ca\/wp-content\/uploads\/2024\/09\/ODC-0001_LFG_Logo_010219-01.png 2218w, https:\/\/oildri.ca\/wp-content\/uploads\/2024\/09\/ODC-0001_LFG_Logo_010219-01-300x300.png 300w, https:\/\/oildri.ca\/wp-content\/uploads\/2024\/09\/ODC-0001_LFG_Logo_010219-01-1022x1024.png 1022w, https:\/\/oildri.ca\/wp-content\/uploads\/2024\/09\/ODC-0001_LFG_Logo_010219-01-150x150.png 150w, https:\/\/oildri.ca\/wp-content\/uploads\/2024\/09\/ODC-0001_LFG_Logo_010219-01-768x769.png 768w, https:\/\/oildri.ca\/wp-content\/uploads\/2024\/09\/ODC-0001_LFG_Logo_010219-01-1533x1536.png 1533w, https:\/\/oildri.ca\/wp-content\/uploads\/2024\/09\/ODC-0001_LFG_Logo_010219-01-2044x2048.png 2044w\" sizes=\"(max-width: 2218px) 100vw, 2218px\" \/>\t\t\t\t\t\t\t\t\t\t\t\t\t<\/div>\n\t\t\t\t<\/div>\n\t\t\t\t<\/div>\n\t\t<div class=\"elementor-element elementor-element-2da2267 e-con-full e-flex e-con e-child\" data-id=\"2da2267\" data-element_type=\"container\">\n\t\t<div class=\"elementor-element elementor-element-ecbc232 e-con-full e-flex e-con e-child\" data-id=\"ecbc232\" data-element_type=\"container\">\n\t\t\t\t<div class=\"elementor-element elementor-element-1dc577b elementor-widget elementor-widget-heading\" data-id=\"1dc577b\" data-element_type=\"widget\" data-widget_type=\"heading.default\">\n\t\t\t\t<div class=\"elementor-widget-container\">\n\t\t\t<style>\/*! elementor - v3.23.0 - 05-08-2024 *\/\n.elementor-heading-title{padding:0;margin:0;line-height:1}.elementor-widget-heading .elementor-heading-title[class*=elementor-size-]>a{color:inherit;font-size:inherit;line-height:inherit}.elementor-widget-heading .elementor-heading-title.elementor-size-small{font-size:15px}.elementor-widget-heading .elementor-heading-title.elementor-size-medium{font-size:19px}.elementor-widget-heading .elementor-heading-title.elementor-size-large{font-size:29px}.elementor-widget-heading .elementor-heading-title.elementor-size-xl{font-size:39px}.elementor-widget-heading .elementor-heading-title.elementor-size-xxl{font-size:59px}<\/style><h2 class=\"elementor-heading-title elementor-size-default\">LITTER FOR <sup>GOOD\u00ae<\/sup> (DES D\u00c9CHETS POUR LE BIEN)<\/h2>\t\t<\/div>\n\t\t\t\t<\/div>\n\t\t\t\t<div class=\"elementor-element elementor-element-582d0d5 elementor-widget elementor-widget-text-editor\" data-id=\"582d0d5\" data-element_type=\"widget\" data-widget_type=\"text-editor.default\">\n\t\t\t\t<div class=\"elementor-widget-container\">\n\t\t\t\t\t\t\t<p>Depuis des d\u00e9cennies, Oil-Dri fait don de sa liti\u00e8re pour chats aux animaux dans le besoin, mais en janvier 2018, nous avons lanc\u00e9 notre programme Cat&rsquo;s Pride Litter for Good\u2122. Pour chaque cruche de liti\u00e8re Cat&rsquo;s Pride\u00ae achet\u00e9e, nous faisons don d&rsquo;une livre de liti\u00e8re \u00e0 des refuges \u00e0 travers l&rsquo;Am\u00e9rique pour aider plus de chats \u00e0 trouver leur foyer pour la vie. Ces dons sont essentiels pour aider les refuges \u00e0 r\u00e9affecter leurs ressources \u00e0 d&rsquo;autres n\u00e9cessit\u00e9s telles que les soins m\u00e9dicaux, les programmes d&rsquo;\u00e9ducation et la st\u00e9rilisation. \u00c0 ce jour*, le programme a permis de donner plus de 14 millions de livres de liti\u00e8re. Les consommateurs peuvent adh\u00e9rer \u00e0 notre Cat&rsquo;s Pride Club afin de d\u00e9signer un refuge de leur choix pour des dons de liti\u00e8re. Plus le nombre de nominations de refuges et de carafes Cat&rsquo;s Pride vendues est \u00e9lev\u00e9, plus la quantit\u00e9 de liti\u00e8re donn\u00e9e aux organisations de protection des animaux est importante aux \u00c9tats-Unis. Plus de 3 700 refuges sont actuellement inscrits au programme Litter for Good et la liste ne cesse de s&rsquo;allonger. Visitez notre site pour en savoir plus sur le programme <a href=\"https:\/\/catspride.com\/litterforgood\/\" target=\"_blank\" rel=\"noopener\">Litter for Good\u00ae<\/a>.       <\/p>\n<p><em>* Au 13 juillet 2021<\/em><\/p>\n\t\t\t\t\t\t<\/div>\n\t\t\t\t<\/div>\n\t\t\t\t<\/div>\n\t\t\t\t<\/div>\n\t\t\t\t<\/div>\n\t\t<div class=\"elementor-element elementor-element-e9cd5b2 e-con-full e-flex e-con e-parent\" data-id=\"e9cd5b2\" data-element_type=\"container\">\n\t\t<div class=\"elementor-element elementor-element-8dc2d08 e-con-full e-flex e-con e-child\" data-id=\"8dc2d08\" data-element_type=\"container\">\n\t\t<div class=\"elementor-element elementor-element-cea5055 e-con-full e-flex e-con e-child\" data-id=\"cea5055\" data-element_type=\"container\">\n\t\t\t\t<div class=\"elementor-element elementor-element-28e518d elementor-widget elementor-widget-heading\" data-id=\"28e518d\" data-element_type=\"widget\" data-widget_type=\"heading.default\">\n\t\t\t\t<div class=\"elementor-widget-container\">\n\t\t\t<h2 class=\"elementor-heading-title elementor-size-default\">SOCI\u00c9T\u00c9 ANTI-CRUAUT\u00c9<\/h2>\t\t<\/div>\n\t\t\t\t<\/div>\n\t\t\t\t<div class=\"elementor-element elementor-element-1b4837f elementor-widget elementor-widget-text-editor\" data-id=\"1b4837f\" data-element_type=\"widget\" data-widget_type=\"text-editor.default\">\n\t\t\t\t<div class=\"elementor-widget-container\">\n\t\t\t\t\t\t\t<p>La Soci\u00e9t\u00e9 Anti-Cruaut\u00e9 est un refuge ouvert \u00e0 tous qui s&rsquo;occupe de tous les animaux dans le besoin. Le refuge sauve les animaux de la cruaut\u00e9 et de la n\u00e9gligence tout en conseillant et en \u00e9duquant les gens sur la fa\u00e7on de s&rsquo;occuper des animaux. Depuis 1996, Oil-Dri soutient la Soci\u00e9t\u00e9 anti-cruaut\u00e9 en r\u00e9pondant \u00e0 100 % de ses besoins en liti\u00e8re pour chats. En donnant de la liti\u00e8re pour chats, Oil-Dri a pu aider la Soci\u00e9t\u00e9 anti-cruaut\u00e9 \u00e0 accomplir sa mission en lib\u00e9rant les fonds n\u00e9cessaires pour la nourriture, les fournitures m\u00e9dicales et d&rsquo;autres articles n\u00e9cessaires. Dan Jaffee, pr\u00e9sident-directeur g\u00e9n\u00e9ral d&rsquo;Oil-Dri, si\u00e8ge au conseil d&rsquo;administration de cette organisation priv\u00e9e et ind\u00e9pendante \u00e0 but non lucratif (501)(c)(3).    <\/p>\n\t\t\t\t\t\t<\/div>\n\t\t\t\t<\/div>\n\t\t\t\t<\/div>\n\t\t\t\t<\/div>\n\t\t<div class=\"elementor-element elementor-element-72943a8 e-con-full e-flex e-con e-child\" data-id=\"72943a8\" data-element_type=\"container\" data-settings=\"{&quot;background_background&quot;:&quot;classic&quot;}\">\n\t\t\t\t<div class=\"elementor-element elementor-element-c94a894 elementor-widget elementor-widget-image\" data-id=\"c94a894\" data-element_type=\"widget\" data-widget_type=\"image.default\">\n\t\t\t\t<div class=\"elementor-widget-container\">\n\t\t\t\t\t\t\t\t\t\t\t\t\t<img decoding=\"async\" width=\"600\" height=\"600\" src=\"https:\/\/oildri.ca\/wp-content\/uploads\/2024\/09\/anti-cruelty-logo.jpg\" class=\"attachment-full size-full wp-image-9191\" alt=\"\" srcset=\"https:\/\/oildri.ca\/wp-content\/uploads\/2024\/09\/anti-cruelty-logo.jpg 600w, https:\/\/oildri.ca\/wp-content\/uploads\/2024\/09\/anti-cruelty-logo-300x300.jpg 300w, https:\/\/oildri.ca\/wp-content\/uploads\/2024\/09\/anti-cruelty-logo-150x150.jpg 150w\" sizes=\"(max-width: 600px) 100vw, 600px\" \/>\t\t\t\t\t\t\t\t\t\t\t\t\t<\/div>\n\t\t\t\t<\/div>\n\t\t\t\t<\/div>\n\t\t\t\t<\/div>\n\t\t\t\t<\/div>\n\t\t","protected":false},"excerpt":{"rendered":"<p>Les animaux sont des amis et des compagnons fid\u00e8les pour beaucoup d&rsquo;entre nous. Nos amis \u00e0 fourrure nous apportent un amour inconditionnel et un soutien \u00e9motionnel. Malheureusement, beaucoup de nos animaux de compagnie vivent dans des refuges ou des organisations de sauvetage. Ils cherchent des foyers aimants ou ont besoin de notre aide d&rsquo;une autre [&hellip;]<\/p>\n","protected":false},"author":3,"featured_media":0,"parent":15587,"menu_order":0,"comment_status":"closed","ping_status":"closed","template":"","meta":{"_acf_changed":false,"footnotes":""},"class_list":["post-15615","page","type-page","status-publish","hentry"],"acf":[],"_links":{"self":[{"href":"https:\/\/oildri.ca\/fr\/wp-json\/wp\/v2\/pages\/15615","targetHints":{"allow":["GET"]}}],"collection":[{"href":"https:\/\/oildri.ca\/fr\/wp-json\/wp\/v2\/pages"}],"about":[{"href":"https:\/\/oildri.ca\/fr\/wp-json\/wp\/v2\/types\/page"}],"author":[{"embeddable":true,"href":"https:\/\/oildri.ca\/fr\/wp-json\/wp\/v2\/users\/3"}],"replies":[{"embeddable":true,"href":"https:\/\/oildri.ca\/fr\/wp-json\/wp\/v2\/comments?post=15615"}],"version-history":[{"count":2,"href":"https:\/\/oildri.ca\/fr\/wp-json\/wp\/v2\/pages\/15615\/revisions"}],"predecessor-version":[{"id":17711,"href":"https:\/\/oildri.ca\/fr\/wp-json\/wp\/v2\/pages\/15615\/revisions\/17711"}],"up":[{"embeddable":true,"href":"https:\/\/oildri.ca\/fr\/wp-json\/wp\/v2\/pages\/15587"}],"wp:attachment":[{"href":"https:\/\/oildri.ca\/fr\/wp-json\/wp\/v2\/media?parent=15615"}],"curies":[{"name":"wp","href":"https:\/\/api.w.org\/{rel}","templated":true}]}}