{"id":15495,"date":"2024-10-02T21:28:10","date_gmt":"2024-10-02T21:28:10","guid":{"rendered":"https:\/\/oildri.ca\/politique-de-confidentialite\/"},"modified":"2024-11-07T17:31:03","modified_gmt":"2024-11-07T17:31:03","slug":"politique-de-confidentialite","status":"publish","type":"page","link":"https:\/\/oildri.ca\/fr\/politique-de-confidentialite\/","title":{"rendered":"Politique de confidentialit\u00e9"},"content":{"rendered":"\t\t<div data-elementor-type=\"wp-page\" data-elementor-id=\"15495\" class=\"elementor elementor-15495 elementor-12803\" data-elementor-post-type=\"page\">\n\t\t\t\t<div class=\"elementor-element elementor-element-d03ac34 e-flex e-con-boxed e-con e-parent\" data-id=\"d03ac34\" data-element_type=\"container\" data-settings=\"{&quot;background_background&quot;:&quot;classic&quot;}\">\n\t\t\t\t\t<div class=\"e-con-inner\">\n\t\t\t\t\t<\/div>\n\t\t\t\t<\/div>\n\t\t<div class=\"elementor-element elementor-element-8baa004 e-flex e-con-boxed e-con e-parent\" data-id=\"8baa004\" data-element_type=\"container\" data-settings=\"{&quot;background_background&quot;:&quot;classic&quot;}\">\n\t\t\t\t\t<div class=\"e-con-inner\">\n\t\t\t\t\t<\/div>\n\t\t\t\t<\/div>\n\t\t<div class=\"elementor-element elementor-element-b5bfe0a e-flex e-con-boxed e-con e-parent\" data-id=\"b5bfe0a\" data-element_type=\"container\">\n\t\t\t\t\t<div class=\"e-con-inner\">\n\t\t<div class=\"elementor-element elementor-element-253fcaa e-con-full e-flex e-con e-child\" data-id=\"253fcaa\" data-element_type=\"container\">\n\t\t\t\t<div class=\"elementor-element elementor-element-e3c750b elementor-widget elementor-widget-text-editor\" data-id=\"e3c750b\" data-element_type=\"widget\" data-widget_type=\"text-editor.default\">\n\t\t\t\t<div class=\"elementor-widget-container\">\n\t\t\t<style>\/*! elementor - v3.23.0 - 05-08-2024 *\/\n.elementor-widget-text-editor.elementor-drop-cap-view-stacked .elementor-drop-cap{background-color:#69727d;color:#fff}.elementor-widget-text-editor.elementor-drop-cap-view-framed .elementor-drop-cap{color:#69727d;border:3px solid;background-color:transparent}.elementor-widget-text-editor:not(.elementor-drop-cap-view-default) .elementor-drop-cap{margin-top:8px}.elementor-widget-text-editor:not(.elementor-drop-cap-view-default) .elementor-drop-cap-letter{width:1em;height:1em}.elementor-widget-text-editor .elementor-drop-cap{float:left;text-align:center;line-height:1;font-size:50px}.elementor-widget-text-editor .elementor-drop-cap-letter{display:inline-block}<\/style>\t\t\t\t<p>Oil-Dri Corporation of America et ses filiales et soci\u00e9t\u00e9s affili\u00e9es (collectivement, \u00ab\u00a0Oil-Dri\u00a0\u00bb) prennent votre vie priv\u00e9e au s\u00e9rieux. Nous utilisons les informations que vous fournissez volontairement, ainsi que les informations concernant la mani\u00e8re dont vous utilisez ce site web, et les sites web de nos filiales et soci\u00e9t\u00e9s affili\u00e9es qui sont li\u00e9s et int\u00e9gr\u00e9s \u00e0 ce site web (collectivement, le \u00ab\u00a0Site\u00a0\u00bb), pour vous fournir les informations demand\u00e9es, et pour am\u00e9liorer notre Site et nos produits et services. Nous nous engageons \u00e0 assurer la s\u00e9curit\u00e9 des donn\u00e9es et \u00e0 prot\u00e9ger les informations personnelles des utilisateurs de notre site.  <\/p>\n<p>Nous fournissons cette politique de confidentialit\u00e9 pour vous informer des types d&rsquo;informations que nous recueillons sur le site et de nos pratiques en mati\u00e8re d&rsquo;utilisation, de divulgation et de protection de ces informations.<\/p>\n<p><strong>Informations recueillies sur notre site<\/strong><\/p>\n<p>Nous recueillons sur ce site des informations au cours de la proc\u00e9dure d&rsquo;enregistrement et de votre utilisation du site qui, selon nous, nous permettront de mieux vous servir.<\/p>\n<p><strong>Informations que vous pourriez fournir<\/strong><\/p>\n<p>Nous pouvons vous demander de fournir volontairement des donn\u00e9es personnelles telles que noms, adresses, adresses \u00e9lectroniques, num\u00e9ros de t\u00e9l\u00e9phone\/fax, num\u00e9ros de compte client, ainsi que le contenu des courriers \u00e9lectroniques qui nous sont envoy\u00e9s, lorsqu&rsquo;ils sont volontairement soumis par les visiteurs de notre site. Vous n&rsquo;avez pas besoin de divulguer des informations permettant de vous identifier personnellement pour consulter notre site. En fournissant \u00e0 Oil-Dri vos donn\u00e9es personnelles, telles que votre adresse \u00e9lectronique, vous acceptez de recevoir des courriels ou des documents de marketing et vous nous autorisez \u00e0 les envoyer.  <\/p>\n<p><strong>Informations fournies passivement par votre appareil<\/strong><\/p>\n<p>Certaines informations non personnelles sont \u00e9galement collect\u00e9es automatiquement aupr\u00e8s de nos visiteurs lorsqu&rsquo;ils acc\u00e8dent \u00e0 notre site, telles que des informations sur les sch\u00e9mas de trafic sur le site, le nombre total d&rsquo;utilisateurs se connectant au site quotidiennement, les pages auxquelles les utilisateurs acc\u00e8dent, l&rsquo;URL \u00e0 partir de laquelle chaque utilisateur arrive sur le site, l&rsquo;URL \u00e0 laquelle chaque utilisateur quitte le site, le type de navigateur utilis\u00e9 par chaque utilisateur et l&rsquo;adresse IP \u00e0 partir de laquelle un utilisateur acc\u00e8de \u00e0 notre site.<\/p>\n<p>Vous pouvez \u00e9galement consulter notre contenu sur ou par l&rsquo;interm\u00e9diaire de services de m\u00e9dias sociaux ou d&rsquo;autres plateformes tierces telles que Facebook, Twitter et d&rsquo;autres plateformes int\u00e9gr\u00e9es \u00e0 ce site. Lorsque vous participez \u00e0 notre contenu sur ou via les m\u00e9dias sociaux, nous pouvons avoir acc\u00e8s \u00e0 certaines informations de votre profil sur cette plateforme de m\u00e9dias sociaux si vous avez autoris\u00e9 le partage des d\u00e9tails de votre profil. Il peut s&rsquo;agir de votre nom, de votre adresse \u00e9lectronique, de votre photo, de votre sexe, de votre date d&rsquo;anniversaire, de votre lieu de r\u00e9sidence, d&rsquo;un identifiant associ\u00e9 \u00e0 votre profil de m\u00e9dia social, de vos fichiers d&rsquo;utilisateur, de vos photos et vid\u00e9os, de votre liste d&rsquo;amis ou de relations, des personnes que vous suivez et qui vous suivent, de vos messages, de vos \u00ab\u00a0j&rsquo;aime\u00a0\u00bb, et plus encore. Vous devez consulter les politiques de confidentialit\u00e9 des plateformes de m\u00e9dias sociaux que vous utilisez et v\u00e9rifier vos param\u00e8tres de confidentialit\u00e9 sur ces plateformes de m\u00e9dias sociaux.   <\/p>\n<p><strong>Informations que vous fournissez par contact direct<\/strong><\/p>\n<p>Si vous contactez Oil-Dri, nous pouvons conserver une trace de ce contact ou de cette correspondance.<\/p>\n<p><strong>Que faisons-nous de ces informations ?<\/strong><\/p>\n<p>Les informations qui nous sont volontairement communiqu\u00e9es sont utilis\u00e9es pour contacter les utilisateurs dans le but pour lequel elles ont \u00e9t\u00e9 fournies (par exemple, pour correspondre avec vous, traiter une commande, vous fournir des informations sur l&rsquo;entreprise ou les produits, ou traiter une demande d&#8217;emploi). En outre, nous pouvons de temps \u00e0 autre utiliser ces informations pour contacter les utilisateurs au sujet des produits et services que nous offrons. Sauf dans les cas mentionn\u00e9s dans le pr\u00e9sent document, nous ne vendrons pas, n&rsquo;\u00e9changerons pas et ne louerons pas vos donn\u00e9es personnelles \u00e0 des tiers sans votre autorisation pr\u00e9alable. Nous pouvons partager vos donn\u00e9es avec nos filiales et soci\u00e9t\u00e9s affili\u00e9es, ainsi qu&rsquo;avec des partenaires d&rsquo;h\u00e9bergement de sites web et d&rsquo;autres parties qui nous aident \u00e0 exploiter le site et nos syst\u00e8mes informatiques. Chacun de ces tiers a adopt\u00e9 sa propre politique de confidentialit\u00e9 ou sign\u00e9 des accords de confidentialit\u00e9 avec Oil-Dri les obligeant \u00e0 garder les donn\u00e9es des utilisateurs confidentielles. Nous nous r\u00e9servons \u00e9galement le droit de divulguer toute information si nous estimons de bonne foi que la loi l&rsquo;exige.     <\/p>\n<p>Les informations collect\u00e9es automatiquement aupr\u00e8s des utilisateurs de notre site sont utilis\u00e9es en interne pour am\u00e9liorer la fonctionnalit\u00e9 du site ou nos produits et services. Nous pouvons \u00e9galement partager des donn\u00e9es globales sur le nombre et la fr\u00e9quence des visiteurs de notre site, ainsi que sur la mani\u00e8re dont les clients ou les concessionnaires utilisent notre site, avec notre webmaster, nos concessionnaires ou d&rsquo;autres partenaires commerciaux. <\/p>\n<p>Les informations collect\u00e9es sont conserv\u00e9es aussi longtemps que vous avez un compte chez Oil-Dri ou aussi longtemps que n\u00e9cessaire pour fournir les services. Si vous nous demandez de supprimer ou de restreindre certaines informations personnelles, nous nous conformerons \u00e0 votre demande, mais les informations pourront \u00eatre conserv\u00e9es pendant un certain temps. Par exemple, nous pourrions utiliser ces informations pour r\u00e9pondre \u00e0 une demande, r\u00e9soudre un litige ou nous conformer \u00e0 la l\u00e9gislation en vigueur.  <\/p>\n<p><strong>Droits des donn\u00e9es<\/strong><\/p>\n<p>Vous pouvez demander \u00e0 acc\u00e9der, obtenir une copie, corriger ou supprimer les donn\u00e9es relatives \u00e0 vos pr\u00e9f\u00e9rences enregistr\u00e9es. Si vous souhaitez supprimer ou restreindre certaines informations, veuillez consulter nos proc\u00e9dures de correction\/exclusion pour obtenir des informations de contact ou mettre \u00e0 jour votre profil en ligne, le cas \u00e9ch\u00e9ant. Si vous disposez d&rsquo;un compte en ligne, vous \u00eates responsable de la confidentialit\u00e9 de votre nom d&rsquo;utilisateur et de votre mot de passe.  <\/p>\n<p><strong>Les enfants<\/strong><\/p>\n<p>Nous n&rsquo;avons pas l&rsquo;intention de collecter des informations personnelles aupr\u00e8s de personnes \u00e2g\u00e9es de moins de 18 ans. Le cas \u00e9ch\u00e9ant, nous demanderons express\u00e9ment aux enfants de ne pas fournir de telles informations sur nos sites web. Si un enfant nous a fourni des informations, un parent ou un tuteur de cet enfant doit nous contacter s&rsquo;il souhaite que ces informations soient supprim\u00e9es de nos dossiers. Nous d\u00e9ploierons des efforts raisonnables pour supprimer les informations relatives \u00e0 l&rsquo;enfant de nos fichiers existants.   <\/p>\n<p><strong>Utilisation des cookies<\/strong><\/p>\n<p>Nous utilisons des \u00ab\u00a0cookies\u00a0\u00bb sur notre site pour le rendre plus convivial et pour conserver certaines informations statistiques afin d&rsquo;am\u00e9liorer continuellement le site et le service que nous vous offrons. Un \u00ab\u00a0cookie\u00a0\u00bb est un petit fichier de donn\u00e9es qu&rsquo;un site web peut envoyer \u00e0 votre navigateur et qui peut ensuite \u00eatre stock\u00e9 sur votre disque dur pour aider notre site web \u00e0 \u00ab\u00a0se souvenir\u00a0\u00bb d&rsquo;informations vous concernant lorsque vous revenez sur notre site web, telles que vos pr\u00e9f\u00e9rences pour nos sites et tout mot de passe d&rsquo;utilisateur. Nos cookies ne peuvent pas lire les donn\u00e9es de votre disque dur, ni les fichiers de cookies cr\u00e9\u00e9s par d&rsquo;autres sites web, ni suivre les informations personnelles vous concernant. Vous pouvez configurer votre navigateur pour qu&rsquo;il d\u00e9sactive les cookies ou qu&rsquo;il vous avertisse lorsque vous recevez un cookie.   <\/p>\n<p><strong>S\u00e9curit\u00e9 des informations<\/strong><\/p>\n<p>Nous prenons des mesures raisonnables pour prot\u00e9ger la s\u00e9curit\u00e9 des informations transmises entre les navigateurs et notre serveur web, notamment en utilisant des pare-feu et d&rsquo;autres technologies de s\u00e9curit\u00e9 lorsque nous le jugeons appropri\u00e9. Toutefois, pour prot\u00e9ger votre vie priv\u00e9e, n&rsquo;utilisez pas le courrier \u00e9lectronique ou notre site pour communiquer des informations que vous souhaitez garder strictement confidentielles. Vous reconnaissez que toute transmission de donn\u00e9es peut \u00eatre ill\u00e9galement intercept\u00e9e et utilis\u00e9e par des tiers. Nous ne sommes pas responsables de l&rsquo;interception des donn\u00e9es transmises vers ou \u00e0 partir de notre serveur web.   <\/p>\n<p><strong>Corrections et proc\u00e9dures d&rsquo;exclusion<\/strong><\/p>\n<p>Occasionnellement, nous pouvons vous envoyer des courriels contenant des offres et des messages promotionnels. Si vous ne souhaitez plus recevoir de courriels contenant des offres et des messages promotionnels de ce site, vous pouvez vous d\u00e9sinscrire de ces courriels en suivant le lien de d\u00e9sinscription situ\u00e9 au bas de chaque courriel promotionnel. <\/p>\n<p>Si vous souhaitez ajouter votre nom, corriger vos informations ou supprimer votre nom de notre liste de diffusion, veuillez nous envoyer un courriel en cliquant ici, nous contacter en appelant le [800-233-9802 entre 9 h et 16 h 30 CST ou envoyer une lettre \u00e0 Amlan International, 410 N. Michigan Ave., Suite 400 Chicago, IL 60611-0279, \u00e0 l&rsquo;attention d&rsquo;Amlan International]. [800-645-3741 entre 9h00 et 16h30 CST ou envoyez une lettre \u00e0 Oil-Dri Corporation of America, P.O. Box 11279, Chicago, IL 60611-0279, \u00e0 l&rsquo;attention de Cat Lover&rsquo;s Hotline]. [Oil-Dri Corporation of America, Attention : Corporate Communications, 410 North Michigan Avenue, Suite 400, Chicago, IL 60611-4213]. Vous aurez toujours la possibilit\u00e9 de refuser les offres promotionnelles ou les notifications de nouveaux produits lorsque des informations personnelles sont collect\u00e9es.<\/p>\n<p>Afin de d\u00e9montrer notre engagement \u00e0 prot\u00e9ger votre vie priv\u00e9e, nous avons fourni des liens vers d&rsquo;autres organisations de protection de la vie priv\u00e9e.<\/p>\n<ul>\n<li><a href=\"https:\/\/www.ftc.gov\/\">La Commission f\u00e9d\u00e9rale du commerce<\/a><\/li>\n<\/ul>\n<p><strong>Liens vers d&rsquo;autres sites web<\/strong><\/p>\n<p>Notre site peut contenir des liens hypertextes vers des sites web de tiers. Notre politique de confidentialit\u00e9 ne s&rsquo;applique pas \u00e0 ces sites web et votre utilisation de ces sites sera soumise aux politiques et proc\u00e9dures de confidentialit\u00e9 qui s&rsquo;y rapportent. <\/p>\n<p><strong>Nous contacter<\/strong><\/p>\n<p>Si vous avez des questions concernant la pr\u00e9sente politique de confidentialit\u00e9 ou votre utilisation de notre site, veuillez nous contacter comme indiqu\u00e9 dans la section \u00ab\u00a0Corrections et proc\u00e9dures d&rsquo;exclusion\u00a0\u00bb ci-dessus.<\/p>\n<p><strong>Votre consentement<\/strong><\/p>\n<p>Veuillez lire attentivement la pr\u00e9sente politique de confidentialit\u00e9 pour comprendre nos politiques et pratiques concernant vos informations et la mani\u00e8re dont nous les traiterons. En utilisant ce site, vous acceptez cette politique de confidentialit\u00e9. Si nous d\u00e9cidons de modifier notre politique de confidentialit\u00e9, nous publierons les changements sur cette page afin que vous sachiez toujours quelles informations nous recueillons, comment nous les utilisons et dans quelles circonstances nous les divulguons. Veuillez consulter r\u00e9guli\u00e8rement la politique de confidentialit\u00e9 pour prendre connaissance des mises \u00e0 jour.   <\/p>\n<p>Derni\u00e8re mise \u00e0 jour : 3 avril 2023<\/p>\n\t\t\t\t\t\t<\/div>\n\t\t\t\t<\/div>\n\t\t\t\t<\/div>\n\t\t\t\t\t<\/div>\n\t\t\t\t<\/div>\n\t\t\t\t<\/div>\n\t\t","protected":false},"excerpt":{"rendered":"<p>Oil-Dri Corporation of America et ses filiales et soci\u00e9t\u00e9s affili\u00e9es (collectivement, \u00ab\u00a0Oil-Dri\u00a0\u00bb) prennent votre vie priv\u00e9e au s\u00e9rieux. Nous utilisons les informations que vous fournissez volontairement, ainsi que les informations concernant la mani\u00e8re dont vous utilisez ce site web, et les sites web de nos filiales et soci\u00e9t\u00e9s affili\u00e9es qui sont li\u00e9s et int\u00e9gr\u00e9s \u00e0 [&hellip;]<\/p>\n","protected":false},"author":3,"featured_media":0,"parent":0,"menu_order":0,"comment_status":"closed","ping_status":"closed","template":"","meta":{"_acf_changed":false,"footnotes":""},"class_list":["post-15495","page","type-page","status-publish","hentry"],"acf":[],"_links":{"self":[{"href":"https:\/\/oildri.ca\/fr\/wp-json\/wp\/v2\/pages\/15495","targetHints":{"allow":["GET"]}}],"collection":[{"href":"https:\/\/oildri.ca\/fr\/wp-json\/wp\/v2\/pages"}],"about":[{"href":"https:\/\/oildri.ca\/fr\/wp-json\/wp\/v2\/types\/page"}],"author":[{"embeddable":true,"href":"https:\/\/oildri.ca\/fr\/wp-json\/wp\/v2\/users\/3"}],"replies":[{"embeddable":true,"href":"https:\/\/oildri.ca\/fr\/wp-json\/wp\/v2\/comments?post=15495"}],"version-history":[{"count":1,"href":"https:\/\/oildri.ca\/fr\/wp-json\/wp\/v2\/pages\/15495\/revisions"}],"predecessor-version":[{"id":15499,"href":"https:\/\/oildri.ca\/fr\/wp-json\/wp\/v2\/pages\/15495\/revisions\/15499"}],"wp:attachment":[{"href":"https:\/\/oildri.ca\/fr\/wp-json\/wp\/v2\/media?parent=15495"}],"curies":[{"name":"wp","href":"https:\/\/api.w.org\/{rel}","templated":true}]}}