{"id":15475,"date":"2024-09-11T21:13:03","date_gmt":"2024-09-11T21:13:03","guid":{"rendered":"https:\/\/oildri.ca\/marches\/terrains-sportifs\/"},"modified":"2024-11-07T17:30:44","modified_gmt":"2024-11-07T17:30:44","slug":"terrains-sportifs","status":"publish","type":"page","link":"https:\/\/oildri.ca\/fr\/marches\/terrains-sportifs\/","title":{"rendered":"Terrains Sportifs"},"content":{"rendered":"\t\t<div data-elementor-type=\"wp-page\" data-elementor-id=\"15475\" class=\"elementor elementor-15475 elementor-5855\" data-elementor-post-type=\"page\">\n\t\t\t\t<div class=\"elementor-element elementor-element-3ade77b e-flex e-con-boxed e-con e-parent\" data-id=\"3ade77b\" data-element_type=\"container\" data-settings=\"{&quot;background_background&quot;:&quot;classic&quot;}\">\n\t\t\t\t\t<div class=\"e-con-inner\">\n\t\t\t\t\t<\/div>\n\t\t\t\t<\/div>\n\t\t<div class=\"elementor-element elementor-element-fa8fcfd e-flex e-con-boxed e-con e-parent\" data-id=\"fa8fcfd\" data-element_type=\"container\" data-settings=\"{&quot;background_background&quot;:&quot;classic&quot;}\">\n\t\t\t\t\t<div class=\"e-con-inner\">\n\t\t\t\t\t<\/div>\n\t\t\t\t<\/div>\n\t\t<div class=\"elementor-element elementor-element-24fbe7a e-flex e-con-boxed e-con e-parent\" data-id=\"24fbe7a\" data-element_type=\"container\" data-settings=\"{&quot;background_background&quot;:&quot;classic&quot;}\">\n\t\t\t\t\t<div class=\"e-con-inner\">\n\t\t<div class=\"elementor-element elementor-element-1e418f6 e-con-full e-flex e-con e-child\" data-id=\"1e418f6\" data-element_type=\"container\">\n\t\t\t\t<div class=\"elementor-element elementor-element-f50cb39 elementor-widget__width-initial elementor-widget elementor-widget-text-editor\" data-id=\"f50cb39\" data-element_type=\"widget\" data-widget_type=\"text-editor.default\">\n\t\t\t\t<div class=\"elementor-widget-container\">\n\t\t\t<style>\/*! elementor - v3.23.0 - 05-08-2024 *\/\n.elementor-widget-text-editor.elementor-drop-cap-view-stacked .elementor-drop-cap{background-color:#69727d;color:#fff}.elementor-widget-text-editor.elementor-drop-cap-view-framed .elementor-drop-cap{color:#69727d;border:3px solid;background-color:transparent}.elementor-widget-text-editor:not(.elementor-drop-cap-view-default) .elementor-drop-cap{margin-top:8px}.elementor-widget-text-editor:not(.elementor-drop-cap-view-default) .elementor-drop-cap-letter{width:1em;height:1em}.elementor-widget-text-editor .elementor-drop-cap{float:left;text-align:center;line-height:1;font-size:50px}.elementor-widget-text-editor .elementor-drop-cap-letter{display:inline-block}<\/style>\t\t\t\t<p>Pr\u00e9f\u00e9r\u00e9 par les \u00e9quipes de terrain, les entra\u00eeneurs et les joueurs, <a href=\"https:\/\/proschoicesportsfieldproducts.com\/\" target=\"_blank\" rel=\"noopener\"><strong>Les produits Pro&rsquo;s Choice Sports Field <sup>Products\u00ae<\/sup><\/strong><\/a> sont con\u00e7us pour aider \u00e0 maintenir des surfaces de jeu de la plus haute qualit\u00e9 des parcs pour jeunes aux terrains professionnels.<\/p>\n\t\t\t\t\t\t<\/div>\n\t\t\t\t<\/div>\n\t\t\t\t<\/div>\n\t\t\t\t\t<\/div>\n\t\t\t\t<\/div>\n\t\t<div class=\"elementor-element elementor-element-510ae35 e-flex e-con-boxed e-con e-parent\" data-id=\"510ae35\" data-element_type=\"container\">\n\t\t\t\t\t<div class=\"e-con-inner\">\n\t\t\t\t<div class=\"elementor-element elementor-element-42690a3 e-n-tabs-mobile elementor-widget elementor-widget-n-tabs\" data-id=\"42690a3\" data-element_type=\"widget\" data-settings=\"{&quot;horizontal_scroll&quot;:&quot;disable&quot;}\" data-widget_type=\"nested-tabs.default\">\n\t\t\t\t<div class=\"elementor-widget-container\">\n\t\t\t\t\t<div class=\"e-n-tabs\" data-widget-number=\"69636259\" aria-label=\"Onglets. Ouvrez des \u00e9l\u00e9ments avec Entrer ou Espace, fermez-les avec Echape et naviguez \u00e0 l&#039;aide des touches fl\u00e9ch\u00e9es.\">\n\t\t\t<div class=\"e-n-tabs-heading\" role=\"tablist\">\n\t\t\t\t\t<button id=\"e-n-tab-title-696362591\" class=\"e-n-tab-title\" aria-selected=\"true\" data-tab-index=\"1\" role=\"tab\" tabindex=\"0\" aria-controls=\"e-n-tab-content-696362591\" style=\"--n-tabs-title-order: 1;\">\n\t\t\t\t\t<span class=\"e-n-tab-icon\">\n\t\t\t<svg xmlns=\"http:\/\/www.w3.org\/2000\/svg\" xmlns:xlink=\"http:\/\/www.w3.org\/1999\/xlink\" id=\"Calque_1\" x=\"0px\" y=\"0px\" viewBox=\"0 0 78 78\" style=\"enable-background:new 0 0 78 78;\" xml:space=\"preserve\"><image style=\"overflow:visible;\" width=\"78\" height=\"78\"><\/image><\/svg>\t\t\t<svg xmlns=\"http:\/\/www.w3.org\/2000\/svg\" xmlns:xlink=\"http:\/\/www.w3.org\/1999\/xlink\" id=\"Calque_1\" x=\"0px\" y=\"0px\" viewBox=\"0 0 78 78\" style=\"enable-background:new 0 0 78 78;\" xml:space=\"preserve\"><image style=\"overflow:visible;\" width=\"78\" height=\"78\"><\/image><\/svg>\t\t<\/span>\n\t\t\t\t\t<span class=\"e-n-tab-title-text\">\n\t\t\t\tConditionneurs de terrain\t\t\t<\/span>\n\t\t<\/button>\n\t\t\t\t<button id=\"e-n-tab-title-696362592\" class=\"e-n-tab-title\" aria-selected=\"false\" data-tab-index=\"2\" role=\"tab\" tabindex=\"-1\" aria-controls=\"e-n-tab-content-696362592\" style=\"--n-tabs-title-order: 2;\">\n\t\t\t\t\t<span class=\"e-n-tab-icon\">\n\t\t\t<svg xmlns=\"http:\/\/www.w3.org\/2000\/svg\" xmlns:xlink=\"http:\/\/www.w3.org\/1999\/xlink\" id=\"Calque_1\" x=\"0px\" y=\"0px\" viewBox=\"0 0 78 78\" style=\"enable-background:new 0 0 78 78;\" xml:space=\"preserve\"><image style=\"overflow:visible;\" width=\"78\" height=\"78\"><\/image><\/svg>\t\t\t<svg xmlns=\"http:\/\/www.w3.org\/2000\/svg\" xmlns:xlink=\"http:\/\/www.w3.org\/1999\/xlink\" id=\"Calque_1\" x=\"0px\" y=\"0px\" viewBox=\"0 0 78 78\" style=\"enable-background:new 0 0 78 78;\" xml:space=\"preserve\"><image style=\"overflow:visible;\" width=\"78\" height=\"78\"><\/image><\/svg>\t\t<\/span>\n\t\t\t\t\t<span class=\"e-n-tab-title-text\">\n\t\t\t\tAgent de s\u00e9chage\t\t\t<\/span>\n\t\t<\/button>\n\t\t\t\t<button id=\"e-n-tab-title-696362593\" class=\"e-n-tab-title\" aria-selected=\"false\" data-tab-index=\"3\" role=\"tab\" tabindex=\"-1\" aria-controls=\"e-n-tab-content-696362593\" style=\"--n-tabs-title-order: 3;\">\n\t\t\t\t\t<span class=\"e-n-tab-icon\">\n\t\t\t<svg xmlns=\"http:\/\/www.w3.org\/2000\/svg\" xmlns:xlink=\"http:\/\/www.w3.org\/1999\/xlink\" id=\"Calque_1\" x=\"0px\" y=\"0px\" viewBox=\"0 0 78 78\" style=\"enable-background:new 0 0 78 78;\" xml:space=\"preserve\"><image style=\"overflow:visible;\" width=\"78\" height=\"78\"><\/image><\/svg>\t\t\t<svg xmlns=\"http:\/\/www.w3.org\/2000\/svg\" xmlns:xlink=\"http:\/\/www.w3.org\/1999\/xlink\" id=\"Calque_1\" x=\"0px\" y=\"0px\" viewBox=\"0 0 78 78\" style=\"enable-background:new 0 0 78 78;\" xml:space=\"preserve\"><image style=\"overflow:visible;\" width=\"78\" height=\"78\"><\/image><\/svg>\t\t<\/span>\n\t\t\t\t\t<span class=\"e-n-tab-title-text\">\n\t\t\t\tArgile d'emballage\t\t\t<\/span>\n\t\t<\/button>\n\t\t\t\t\t<\/div>\n\t\t\t<div class=\"e-n-tabs-content\">\n\t\t\t\t<div id=\"e-n-tab-content-696362591\" role=\"tabpanel\" aria-labelledby=\"e-n-tab-title-696362591\" data-tab-index=\"1\" style=\"--n-tabs-title-order: 1;\" class=\"e-active elementor-element elementor-element-fbd119d e-con-full e-flex e-con e-child\" data-id=\"fbd119d\" data-element_type=\"container\">\n\t\t\t\t<div class=\"elementor-element elementor-element-9bf9a44 elementor-widget elementor-widget-heading\" data-id=\"9bf9a44\" data-element_type=\"widget\" data-widget_type=\"heading.default\">\n\t\t\t\t<div class=\"elementor-widget-container\">\n\t\t\t<style>\/*! elementor - v3.23.0 - 05-08-2024 *\/\n.elementor-heading-title{padding:0;margin:0;line-height:1}.elementor-widget-heading .elementor-heading-title[class*=elementor-size-]>a{color:inherit;font-size:inherit;line-height:inherit}.elementor-widget-heading .elementor-heading-title.elementor-size-small{font-size:15px}.elementor-widget-heading .elementor-heading-title.elementor-size-medium{font-size:19px}.elementor-widget-heading .elementor-heading-title.elementor-size-large{font-size:29px}.elementor-widget-heading .elementor-heading-title.elementor-size-xl{font-size:39px}.elementor-widget-heading .elementor-heading-title.elementor-size-xxl{font-size:59px}<\/style><h2 class=\"elementor-heading-title elementor-size-default\">UN GAZON R\u00c9SISTANT<\/h2>\t\t<\/div>\n\t\t\t\t<\/div>\n\t\t\t\t<div class=\"elementor-element elementor-element-35c3c2a elementor-widget elementor-widget-text-editor\" data-id=\"35c3c2a\" data-element_type=\"widget\" data-widget_type=\"text-editor.default\">\n\t\t\t\t<div class=\"elementor-widget-container\">\n\t\t\t\t\t\t\t<p>Des probl\u00e8mes tels que le compactage, le drainage et la jouabilit\u00e9 g\u00e9n\u00e9rale peuvent se d\u00e9velopper sur les terrains de jeu des parcs de balle. <a href=\"https:\/\/proschoicesportsfieldproducts.com\/infield-conditioner#83a4d61e-4005-4ed0-adf9-db9cc86b0f46\" target=\"_blank\" rel=\"noopener\"><strong>Les conditionneurs de terrain Pro&rsquo;s Choice<\/strong><\/a>Les conditionneurs de terrain Pro&rsquo;s Choice, notamment Red, Select, Professional Blend et Pro Red, r\u00e9pondent \u00e0 tous ces probl\u00e8mes. Une fois incorpor\u00e9s au sol, ces produits absorbent l&rsquo;eau pour r\u00e9duire la poussi\u00e8re, permettre le jeu et cr\u00e9er des espaces d&rsquo;air permanents qui am\u00e9liorent le drainage et r\u00e9duisent le compactage. Le r\u00e9sultat est un terrain qui a moins d\u2019annulations \u00e0 cause de pluies, n\u00e9cessite moins d&rsquo;entretien et offre un endroit s\u00e9curitaire pour jouer.  <\/p>\n\t\t\t\t\t\t<\/div>\n\t\t\t\t<\/div>\n\t\t\t\t<\/div>\n\t\t<div id=\"e-n-tab-content-696362592\" role=\"tabpanel\" aria-labelledby=\"e-n-tab-title-696362592\" data-tab-index=\"2\" style=\"--n-tabs-title-order: 2;\" class=\" elementor-element elementor-element-bc48d22 e-con-full e-flex e-con e-child\" data-id=\"bc48d22\" data-element_type=\"container\">\n\t\t\t\t<div class=\"elementor-element elementor-element-43c33b9 elementor-widget elementor-widget-heading\" data-id=\"43c33b9\" data-element_type=\"widget\" data-widget_type=\"heading.default\">\n\t\t\t\t<div class=\"elementor-widget-container\">\n\t\t\t<h2 class=\"elementor-heading-title elementor-size-default\">CONTINUER LE JEU<\/h2>\t\t<\/div>\n\t\t\t\t<\/div>\n\t\t\t\t<div class=\"elementor-element elementor-element-c8d8e46 elementor-widget elementor-widget-text-editor\" data-id=\"c8d8e46\" data-element_type=\"widget\" data-widget_type=\"text-editor.default\">\n\t\t\t\t<div class=\"elementor-widget-container\">\n\t\t\t\t\t\t\t<p>Restez dans le jeu avec <a href=\"https:\/\/proschoicesportsfieldproducts.com\/puddle-control\" target=\"_blank\" rel=\"noopener\"><strong>Rapid Dry<\/strong><\/a><sup>\u00ae,<\/sup> un agent de s\u00e9chage. Ces granul\u00e9s ressemblant \u00e0 du sable sont con\u00e7us pour \u00e9vacuer rapidement l&rsquo;exc\u00e8s d&rsquo;eau du terrain, ce qui permet aux matchs de se d\u00e9rouler en toute s\u00e9curit\u00e9 et sans retard. <\/p>\n\t\t\t\t\t\t<\/div>\n\t\t\t\t<\/div>\n\t\t\t\t<\/div>\n\t\t<div id=\"e-n-tab-content-696362593\" role=\"tabpanel\" aria-labelledby=\"e-n-tab-title-696362593\" data-tab-index=\"3\" style=\"--n-tabs-title-order: 3;\" class=\" elementor-element elementor-element-abca8a4 e-con-full e-flex e-con e-child\" data-id=\"abca8a4\" data-element_type=\"container\">\n\t\t\t\t<div class=\"elementor-element elementor-element-9d930ff elementor-widget elementor-widget-heading\" data-id=\"9d930ff\" data-element_type=\"widget\" data-widget_type=\"heading.default\">\n\t\t\t\t<div class=\"elementor-widget-container\">\n\t\t\t<h2 class=\"elementor-heading-title elementor-size-default\">AIDER LES JOUEURS \u00c0 TROUVER LEURS POSITIONS<\/h2>\t\t<\/div>\n\t\t\t\t<\/div>\n\t\t\t\t<div class=\"elementor-element elementor-element-49b512f elementor-widget elementor-widget-text-editor\" data-id=\"49b512f\" data-element_type=\"widget\" data-widget_type=\"text-editor.default\">\n\t\t\t\t<div class=\"elementor-widget-container\">\n\t\t\t\t\t\t\t<p><a href=\"https:\/\/proschoicesportsfieldproducts.com\/packing-clays\" target=\"_blank\" rel=\"noopener\"><strong>Argiles \u00e0 empaqueter<\/strong><\/a> dans les bo\u00eetes des batteurs, les stations des receveurs et les monticules des lanceurs doivent \u00eatre renforc\u00e9es pour supporter l&rsquo;activit\u00e9 constante \u00e0 fort impact associ\u00e9e \u00e0 ces zones. Nos argiles d&#8217;emballage Pro <sup>Mound\u00ae<\/sup> et Easy Mound\u2122 forment une sous-surface solide et durable pour fortifier ces zones d&rsquo;usure et aider \u00e0 prot\u00e9ger la s\u00e9curit\u00e9 des joueurs. <\/p>\n\t\t\t\t\t\t<\/div>\n\t\t\t\t<\/div>\n\t\t\t\t<\/div>\n\t\t\t\t\t<\/div>\n\t\t<\/div>\n\t\t\t\t<\/div>\n\t\t\t\t<\/div>\n\t\t\t\t\t<\/div>\n\t\t\t\t<\/div>\n\t\t<div class=\"elementor-element elementor-element-e0729d8 e-flex e-con-boxed e-con e-parent\" data-id=\"e0729d8\" data-element_type=\"container\" data-settings=\"{&quot;background_background&quot;:&quot;classic&quot;}\">\n\t\t\t\t\t<div class=\"e-con-inner\">\n\t\t<div class=\"elementor-element elementor-element-dcfa30d e-con-full e-flex e-con e-child\" data-id=\"dcfa30d\" data-element_type=\"container\">\n\t\t\t\t<div class=\"elementor-element elementor-element-f853df8 elementor-widget elementor-widget-video\" data-id=\"f853df8\" data-element_type=\"widget\" data-settings=\"{&quot;youtube_url&quot;:&quot;https:\\\/\\\/vimeo.com\\\/220058266&quot;,&quot;show_image_overlay&quot;:&quot;yes&quot;,&quot;image_overlay&quot;:{&quot;url&quot;:&quot;https:\\\/\\\/oildri.ca\\\/wp-content\\\/uploads\\\/2024\\\/09\\\/video-screen-sports-field.jpg&quot;,&quot;id&quot;:6995,&quot;size&quot;:&quot;&quot;,&quot;alt&quot;:&quot;&quot;,&quot;source&quot;:&quot;library&quot;},&quot;video_type&quot;:&quot;youtube&quot;,&quot;controls&quot;:&quot;yes&quot;}\" data-widget_type=\"video.default\">\n\t\t\t\t<div class=\"elementor-widget-container\">\n\t\t\t<style>\/*! elementor - v3.23.0 - 05-08-2024 *\/\n.elementor-widget-video .elementor-widget-container{overflow:hidden;transform:translateZ(0)}.elementor-widget-video .elementor-wrapper{aspect-ratio:var(--video-aspect-ratio)}.elementor-widget-video .elementor-wrapper iframe,.elementor-widget-video .elementor-wrapper video{height:100%;width:100%;display:flex;border:none;background-color:#000}@supports not (aspect-ratio:1\/1){.elementor-widget-video .elementor-wrapper{position:relative;overflow:hidden;height:0;padding-bottom:calc(100% \/ var(--video-aspect-ratio))}.elementor-widget-video .elementor-wrapper iframe,.elementor-widget-video .elementor-wrapper video{position:absolute;top:0;right:0;bottom:0;left:0}}.elementor-widget-video .elementor-open-inline .elementor-custom-embed-image-overlay{position:absolute;top:0;right:0;bottom:0;left:0;background-size:cover;background-position:50%}.elementor-widget-video .elementor-custom-embed-image-overlay{cursor:pointer;text-align:center}.elementor-widget-video .elementor-custom-embed-image-overlay:hover .elementor-custom-embed-play i{opacity:1}.elementor-widget-video .elementor-custom-embed-image-overlay img{display:block;width:100%;aspect-ratio:var(--video-aspect-ratio);-o-object-fit:cover;object-fit:cover;-o-object-position:center center;object-position:center center}@supports not (aspect-ratio:1\/1){.elementor-widget-video .elementor-custom-embed-image-overlay{position:relative;overflow:hidden;height:0;padding-bottom:calc(100% \/ var(--video-aspect-ratio))}.elementor-widget-video .elementor-custom-embed-image-overlay img{position:absolute;top:0;right:0;bottom:0;left:0}}.elementor-widget-video .e-hosted-video .elementor-video{-o-object-fit:cover;object-fit:cover}.e-con-inner>.elementor-widget-video,.e-con>.elementor-widget-video{width:var(--container-widget-width);--flex-grow:var(--container-widget-flex-grow)}<\/style>\t\t<div class=\"elementor-wrapper elementor-open-inline\">\n\t\t\t<div class=\"elementor-video\"><\/div>\t\t\t\t<div class=\"elementor-custom-embed-image-overlay\" style=\"background-image: url(https:\/\/oildri.ca\/wp-content\/uploads\/2024\/09\/video-screen-sports-field.jpg);\">\n\t\t\t\t\t\t\t\t\t\t\t\t\t\t\t\t<div class=\"elementor-custom-embed-play\" role=\"button\" aria-label=\"Lire la vid\u00e9o\" tabindex=\"0\">\n\t\t\t\t\t\t\t<svg aria-hidden=\"true\" class=\"e-font-icon-svg e-eicon-play\" viewBox=\"0 0 1000 1000\" xmlns=\"http:\/\/www.w3.org\/2000\/svg\"><path d=\"M838 162C746 71 633 25 500 25 371 25 258 71 163 162 71 254 25 367 25 500 25 633 71 746 163 837 254 929 367 979 500 979 633 979 746 933 838 837 929 746 975 633 975 500 975 367 929 254 838 162M808 192C892 279 933 379 933 500 933 621 892 725 808 808 725 892 621 938 500 938 379 938 279 896 196 808 113 725 67 621 67 500 67 379 108 279 196 192 279 108 383 62 500 62 621 62 721 108 808 192M438 392V642L642 517 438 392Z\"><\/path><\/svg>\t\t\t\t\t\t\t<span class=\"elementor-screen-only\">Lire la vid\u00e9o<\/span>\n\t\t\t\t\t\t<\/div>\n\t\t\t\t\t\t\t\t\t<\/div>\n\t\t\t\t\t<\/div>\n\t\t\t\t<\/div>\n\t\t\t\t<\/div>\n\t\t\t\t<\/div>\n\t\t\t\t\t<\/div>\n\t\t\t\t<\/div>\n\t\t<div class=\"elementor-element elementor-element-048f144 e-flex e-con-boxed e-con e-parent\" data-id=\"048f144\" data-element_type=\"container\">\n\t\t\t\t\t<div class=\"e-con-inner\">\n\t\t<div class=\"elementor-element elementor-element-4c00012 e-con-full e-flex e-con e-child\" data-id=\"4c00012\" data-element_type=\"container\">\n\t\t\t\t<div class=\"elementor-element elementor-element-3a2b5ee elementor-widget__width-inherit elementor-widget elementor-widget-heading\" data-id=\"3a2b5ee\" data-element_type=\"widget\" data-widget_type=\"heading.default\">\n\t\t\t\t<div class=\"elementor-widget-container\">\n\t\t\t<h2 class=\"elementor-heading-title elementor-size-default\">Marques<\/h2>\t\t<\/div>\n\t\t\t\t<\/div>\n\t\t\t\t<div class=\"elementor-element elementor-element-9d1419d elementor-arrows-position-outside elementor-widget elementor-widget-n-carousel\" data-id=\"9d1419d\" data-element_type=\"widget\" data-settings=\"{&quot;carousel_items&quot;:[{&quot;slide_title&quot;:&quot;Slide #1&quot;,&quot;_id&quot;:&quot;79729c9&quot;}],&quot;slides_to_show&quot;:&quot;3&quot;,&quot;slides_to_scroll&quot;:&quot;1&quot;,&quot;slides_to_scroll_tablet&quot;:&quot;1&quot;,&quot;slides_to_scroll_mobile&quot;:&quot;1&quot;,&quot;image_spacing_custom&quot;:{&quot;unit&quot;:&quot;px&quot;,&quot;size&quot;:20,&quot;sizes&quot;:[]},&quot;slides_to_show_tablet&quot;:&quot;2&quot;,&quot;slides_to_show_mobile&quot;:&quot;1&quot;,&quot;autoplay&quot;:&quot;yes&quot;,&quot;autoplay_speed&quot;:5000,&quot;pause_on_hover&quot;:&quot;yes&quot;,&quot;pause_on_interaction&quot;:&quot;yes&quot;,&quot;infinite&quot;:&quot;yes&quot;,&quot;speed&quot;:500,&quot;offset_sides&quot;:&quot;none&quot;,&quot;arrows&quot;:&quot;yes&quot;,&quot;image_spacing_custom_tablet&quot;:{&quot;unit&quot;:&quot;px&quot;,&quot;size&quot;:&quot;&quot;,&quot;sizes&quot;:[]},&quot;image_spacing_custom_mobile&quot;:{&quot;unit&quot;:&quot;px&quot;,&quot;size&quot;:&quot;&quot;,&quot;sizes&quot;:[]}}\" data-widget_type=\"nested-carousel.default\">\n\t\t\t\t<div class=\"elementor-widget-container\">\n\t\t\t<link rel=\"stylesheet\" href=\"https:\/\/oildri.ca\/wp-content\/plugins\/elementor-pro\/assets\/css\/widget-nested-carousel.min.css?ver=1724775663\">\t\t<div class=\"e-n-carousel swiper\" dir=\"ltr\">\n\t\t\t<div class=\"swiper-wrapper\" aria-live=\"off\">\n\t\t\t\t\t\t\t\t\t\t<div class=\"swiper-slide\" data-slide=\"1\" role=\"group\" aria-roledescription=\"slide\" aria-label=\"1 de 1\">\n\t\t\t\t\t\t\t<div class=\"elementor-element elementor-element-6902279 e-flex e-con-boxed e-con e-child\" data-id=\"6902279\" data-element_type=\"container\">\n\t\t\t\t\t<div class=\"e-con-inner\">\n\t\t\t\t<div class=\"elementor-element elementor-element-5c33eeb elementor-widget elementor-widget-image\" data-id=\"5c33eeb\" data-element_type=\"widget\" data-widget_type=\"image.default\">\n\t\t\t\t<div class=\"elementor-widget-container\">\n\t\t\t\t\t\t\t\t\t\t\t\t\t\t<a href=\"https:\/\/proschoicesportsfieldproducts.com\/\" target=\"_blank\">\n\t\t\t\t\t\t\t<img fetchpriority=\"high\" decoding=\"async\" width=\"325\" height=\"225\" src=\"https:\/\/oildri.ca\/wp-content\/uploads\/2024\/09\/PC-SFP_logpClick.png\" class=\"attachment-full size-full wp-image-6979\" alt=\"\" srcset=\"https:\/\/oildri.ca\/wp-content\/uploads\/2024\/09\/PC-SFP_logpClick.png 325w, https:\/\/oildri.ca\/wp-content\/uploads\/2024\/09\/PC-SFP_logpClick-300x208.png 300w\" sizes=\"(max-width: 325px) 100vw, 325px\" \/>\t\t\t\t\t\t\t\t<\/a>\n\t\t\t\t\t\t\t\t\t\t\t\t\t<\/div>\n\t\t\t\t<\/div>\n\t\t\t\t\t<\/div>\n\t\t\t\t<\/div>\n\t\t\t\t\t\t\t\t<\/div>\n\t\t\t\t\t\t\t\t<\/div>\n\t\t<\/div>\n\t\t\t\t<\/div>\n\t\t\t\t<\/div>\n\t\t\t\t<\/div>\n\t\t\t\t\t<\/div>\n\t\t\t\t<\/div>\n\t\t\t\t<\/div>\n\t\t","protected":false},"excerpt":{"rendered":"<p>Pr\u00e9f\u00e9r\u00e9 par les \u00e9quipes de terrain, les entra\u00eeneurs et les joueurs, Les produits Pro&rsquo;s Choice Sports Field Products\u00ae sont con\u00e7us pour aider \u00e0 maintenir des surfaces de jeu de la plus haute qualit\u00e9 des parcs pour jeunes aux terrains professionnels. Conditionneurs de terrain Agent de s\u00e9chage Argile d&#8217;emballage UN GAZON R\u00c9SISTANT Des probl\u00e8mes tels que [&hellip;]<\/p>\n","protected":false},"author":3,"featured_media":0,"parent":15367,"menu_order":0,"comment_status":"closed","ping_status":"closed","template":"","meta":{"_acf_changed":false,"footnotes":""},"class_list":["post-15475","page","type-page","status-publish","hentry"],"acf":[],"_links":{"self":[{"href":"https:\/\/oildri.ca\/fr\/wp-json\/wp\/v2\/pages\/15475","targetHints":{"allow":["GET"]}}],"collection":[{"href":"https:\/\/oildri.ca\/fr\/wp-json\/wp\/v2\/pages"}],"about":[{"href":"https:\/\/oildri.ca\/fr\/wp-json\/wp\/v2\/types\/page"}],"author":[{"embeddable":true,"href":"https:\/\/oildri.ca\/fr\/wp-json\/wp\/v2\/users\/3"}],"replies":[{"embeddable":true,"href":"https:\/\/oildri.ca\/fr\/wp-json\/wp\/v2\/comments?post=15475"}],"version-history":[{"count":1,"href":"https:\/\/oildri.ca\/fr\/wp-json\/wp\/v2\/pages\/15475\/revisions"}],"predecessor-version":[{"id":15491,"href":"https:\/\/oildri.ca\/fr\/wp-json\/wp\/v2\/pages\/15475\/revisions\/15491"}],"up":[{"embeddable":true,"href":"https:\/\/oildri.ca\/fr\/wp-json\/wp\/v2\/pages\/15367"}],"wp:attachment":[{"href":"https:\/\/oildri.ca\/fr\/wp-json\/wp\/v2\/media?parent=15475"}],"curies":[{"name":"wp","href":"https:\/\/api.w.org\/{rel}","templated":true}]}}