{"id":15211,"date":"2024-09-30T18:27:27","date_gmt":"2024-09-30T18:27:27","guid":{"rendered":"https:\/\/oildri.ca\/carrieres\/departements\/"},"modified":"2024-11-07T17:27:10","modified_gmt":"2024-11-07T17:27:10","slug":"departements","status":"publish","type":"page","link":"https:\/\/oildri.ca\/fr\/carrieres\/departements\/","title":{"rendered":"D\u00e9partements"},"content":{"rendered":"\t\t<div data-elementor-type=\"wp-page\" data-elementor-id=\"15211\" class=\"elementor elementor-15211 elementor-10707\" data-elementor-post-type=\"page\">\n\t\t\t\t<div class=\"elementor-element elementor-element-4dd9539 e-flex e-con-boxed e-con e-parent\" data-id=\"4dd9539\" data-element_type=\"container\" data-settings=\"{&quot;background_background&quot;:&quot;classic&quot;}\">\n\t\t\t\t\t<div class=\"e-con-inner\">\n\t\t\t\t\t<\/div>\n\t\t\t\t<\/div>\n\t\t<div class=\"elementor-element elementor-element-5093d01 e-flex e-con-boxed e-con e-parent\" data-id=\"5093d01\" data-element_type=\"container\" data-settings=\"{&quot;background_background&quot;:&quot;classic&quot;}\">\n\t\t\t\t\t<div class=\"e-con-inner\">\n\t\t\t\t\t<\/div>\n\t\t\t\t<\/div>\n\t\t<div class=\"elementor-element elementor-element-3e504f8 e-flex e-con-boxed e-con e-parent\" data-id=\"3e504f8\" data-element_type=\"container\">\n\t\t\t\t\t<div class=\"e-con-inner\">\n\t\t<div class=\"elementor-element elementor-element-0c1d612 e-con-full e-flex e-con e-child\" data-id=\"0c1d612\" data-element_type=\"container\">\n\t\t\t\t<div class=\"elementor-element elementor-element-5db76cd elementor-position-top elementor-widget elementor-widget-image-box\" data-id=\"5db76cd\" data-element_type=\"widget\" data-widget_type=\"image-box.default\">\n\t\t\t\t<div class=\"elementor-widget-container\">\n\t\t\t<style>\/*! elementor - v3.23.0 - 05-08-2024 *\/\n.elementor-widget-image-box .elementor-image-box-content{width:100%}@media (min-width:768px){.elementor-widget-image-box.elementor-position-left .elementor-image-box-wrapper,.elementor-widget-image-box.elementor-position-right .elementor-image-box-wrapper{display:flex}.elementor-widget-image-box.elementor-position-right .elementor-image-box-wrapper{text-align:end;flex-direction:row-reverse}.elementor-widget-image-box.elementor-position-left .elementor-image-box-wrapper{text-align:start;flex-direction:row}.elementor-widget-image-box.elementor-position-top .elementor-image-box-img{margin:auto}.elementor-widget-image-box.elementor-vertical-align-top .elementor-image-box-wrapper{align-items:flex-start}.elementor-widget-image-box.elementor-vertical-align-middle .elementor-image-box-wrapper{align-items:center}.elementor-widget-image-box.elementor-vertical-align-bottom .elementor-image-box-wrapper{align-items:flex-end}}@media (max-width:767px){.elementor-widget-image-box .elementor-image-box-img{margin-left:auto!important;margin-right:auto!important;margin-bottom:15px}}.elementor-widget-image-box .elementor-image-box-img{display:inline-block}.elementor-widget-image-box .elementor-image-box-title a{color:inherit}.elementor-widget-image-box .elementor-image-box-wrapper{text-align:center}.elementor-widget-image-box .elementor-image-box-description{margin:0}<\/style><div class=\"elementor-image-box-wrapper\"><figure class=\"elementor-image-box-img\"><a href=\"https:\/\/www.oildri.ca\/careers\/apply\/\" tabindex=\"-1\"><img decoding=\"async\" width=\"55\" height=\"55\" src=\"https:\/\/oildri.ca\/wp-content\/uploads\/2024\/09\/explore-careers.png\" class=\"attachment-full size-full wp-image-9707\" alt=\"\" \/><\/a><\/figure><div class=\"elementor-image-box-content\"><h3 class=\"elementor-image-box-title\"><a href=\"https:\/\/www.oildri.ca\/careers\/apply\/\">Offres d'emploi<\/a><\/h3><\/div><\/div>\t\t<\/div>\n\t\t\t\t<\/div>\n\t\t\t\t<div class=\"elementor-element elementor-element-e15be96 elementor-position-top elementor-widget elementor-widget-image-box\" data-id=\"e15be96\" data-element_type=\"widget\" data-widget_type=\"image-box.default\">\n\t\t\t\t<div class=\"elementor-widget-container\">\n\t\t\t<div class=\"elementor-image-box-wrapper\"><figure class=\"elementor-image-box-img\"><a href=\"https:\/\/www.oildri.ca\/careers\/benefits\/\" tabindex=\"-1\"><img decoding=\"async\" width=\"55\" height=\"55\" src=\"https:\/\/oildri.ca\/wp-content\/uploads\/2024\/09\/compensation.png\" class=\"attachment-full size-full wp-image-9891\" alt=\"\" \/><\/a><\/figure><div class=\"elementor-image-box-content\"><h3 class=\"elementor-image-box-title\"><a href=\"https:\/\/www.oildri.ca\/careers\/benefits\/\">Avantages<\/a><\/h3><\/div><\/div>\t\t<\/div>\n\t\t\t\t<\/div>\n\t\t\t\t<div class=\"elementor-element elementor-element-54de8dd elementor-position-top elementor-widget elementor-widget-image-box\" data-id=\"54de8dd\" data-element_type=\"widget\" data-widget_type=\"image-box.default\">\n\t\t\t\t<div class=\"elementor-widget-container\">\n\t\t\t<div class=\"elementor-image-box-wrapper\"><figure class=\"elementor-image-box-img\"><a href=\"https:\/\/www.oildri.ca\/careers\/team\/\" tabindex=\"-1\"><img decoding=\"async\" width=\"55\" height=\"55\" src=\"https:\/\/oildri.ca\/wp-content\/uploads\/2024\/09\/meet-team.png\" class=\"attachment-full size-full wp-image-9919\" alt=\"\" \/><\/a><\/figure><div class=\"elementor-image-box-content\"><h3 class=\"elementor-image-box-title\"><a href=\"https:\/\/www.oildri.ca\/careers\/team\/\">L'\u00e9quipe<\/a><\/h3><\/div><\/div>\t\t<\/div>\n\t\t\t\t<\/div>\n\t\t\t\t<div class=\"elementor-element elementor-element-a11f2c2 elementor-position-top elementor-widget elementor-widget-image-box\" data-id=\"a11f2c2\" data-element_type=\"widget\" data-widget_type=\"image-box.default\">\n\t\t\t\t<div class=\"elementor-widget-container\">\n\t\t\t<div class=\"elementor-image-box-wrapper\"><figure class=\"elementor-image-box-img\"><a href=\"https:\/\/www.oildri.ca\/careers\/culture\/\" tabindex=\"-1\"><img loading=\"lazy\" decoding=\"async\" width=\"55\" height=\"55\" src=\"https:\/\/oildri.ca\/wp-content\/uploads\/2024\/09\/culture-community.png\" class=\"attachment-full size-full wp-image-9923\" alt=\"\" \/><\/a><\/figure><div class=\"elementor-image-box-content\"><h3 class=\"elementor-image-box-title\"><a href=\"https:\/\/www.oildri.ca\/careers\/culture\/\">Culture<\/a><\/h3><\/div><\/div>\t\t<\/div>\n\t\t\t\t<\/div>\n\t\t\t\t<div class=\"elementor-element elementor-element-a75d36a elementor-position-top elementor-widget elementor-widget-image-box\" data-id=\"a75d36a\" data-element_type=\"widget\" data-widget_type=\"image-box.default\">\n\t\t\t\t<div class=\"elementor-widget-container\">\n\t\t\t<div class=\"elementor-image-box-wrapper\"><figure class=\"elementor-image-box-img\"><a href=\"https:\/\/www.oildri.com\/careers\/departments\/\" tabindex=\"-1\"><img loading=\"lazy\" decoding=\"async\" width=\"55\" height=\"55\" src=\"https:\/\/oildri.ca\/wp-content\/uploads\/2024\/09\/awards-hover.png\" class=\"attachment-full size-full wp-image-11047\" alt=\"\" \/><\/a><\/figure><div class=\"elementor-image-box-content\"><h3 class=\"elementor-image-box-title\"><a href=\"https:\/\/www.oildri.com\/careers\/departments\/\">D\u00e9partements<\/a><\/h3><\/div><\/div>\t\t<\/div>\n\t\t\t\t<\/div>\n\t\t\t\t<\/div>\n\t\t<div class=\"elementor-element elementor-element-d958e1b e-con-full e-flex e-con e-child\" data-id=\"d958e1b\" data-element_type=\"container\">\n\t\t\t\t<div class=\"elementor-element elementor-element-50e16a5 elementor-widget elementor-widget-heading\" data-id=\"50e16a5\" data-element_type=\"widget\" data-widget_type=\"heading.default\">\n\t\t\t\t<div class=\"elementor-widget-container\">\n\t\t\t<style>\/*! elementor - v3.23.0 - 05-08-2024 *\/\n.elementor-heading-title{padding:0;margin:0;line-height:1}.elementor-widget-heading .elementor-heading-title[class*=elementor-size-]>a{color:inherit;font-size:inherit;line-height:inherit}.elementor-widget-heading .elementor-heading-title.elementor-size-small{font-size:15px}.elementor-widget-heading .elementor-heading-title.elementor-size-medium{font-size:19px}.elementor-widget-heading .elementor-heading-title.elementor-size-large{font-size:29px}.elementor-widget-heading .elementor-heading-title.elementor-size-xl{font-size:39px}.elementor-widget-heading .elementor-heading-title.elementor-size-xxl{font-size:59px}<\/style><h2 class=\"elementor-heading-title elementor-size-default\">D\u00c9COUVRIR LES D\u00c9PARTEMENTS D'OIL-DRI<\/h2>\t\t<\/div>\n\t\t\t\t<\/div>\n\t\t\t\t<div class=\"elementor-element elementor-element-f9d1d2e elementor-widget elementor-widget-text-editor\" data-id=\"f9d1d2e\" data-element_type=\"widget\" data-widget_type=\"text-editor.default\">\n\t\t\t\t<div class=\"elementor-widget-container\">\n\t\t\t<style>\/*! elementor - v3.23.0 - 05-08-2024 *\/\n.elementor-widget-text-editor.elementor-drop-cap-view-stacked .elementor-drop-cap{background-color:#69727d;color:#fff}.elementor-widget-text-editor.elementor-drop-cap-view-framed .elementor-drop-cap{color:#69727d;border:3px solid;background-color:transparent}.elementor-widget-text-editor:not(.elementor-drop-cap-view-default) .elementor-drop-cap{margin-top:8px}.elementor-widget-text-editor:not(.elementor-drop-cap-view-default) .elementor-drop-cap-letter{width:1em;height:1em}.elementor-widget-text-editor .elementor-drop-cap{float:left;text-align:center;line-height:1;font-size:50px}.elementor-widget-text-editor .elementor-drop-cap-letter{display:inline-block}<\/style>\t\t\t\t<p>Nous sommes \u00e0 la recherche de personnes talentueuses et travaillantes pour se joindre \u00e0 notre \u00e9quipe. De l&rsquo;exploitation mini\u00e8re \u00e0 la fabrication, en passant par la recherche et le d\u00e9veloppement, les ventes et le marketing, chaque \u00e9quipe a un impact sur notre succ\u00e8s. Pour en savoir plus sur les types de postes disponibles chez Oil-Dri, consultez les descriptions ci-dessous.  <\/p>\n\t\t\t\t\t\t<\/div>\n\t\t\t\t<\/div>\n\t\t\t\t<\/div>\n\t\t\t\t\t<\/div>\n\t\t\t\t<\/div>\n\t\t<div class=\"elementor-element elementor-element-188779a e-flex e-con-boxed e-con e-parent\" data-id=\"188779a\" data-element_type=\"container\">\n\t\t\t\t\t<div class=\"e-con-inner\">\n\t\t\t\t<div class=\"elementor-element elementor-element-8568b95 e-n-tabs-mobile elementor-widget elementor-widget-n-tabs\" data-id=\"8568b95\" data-element_type=\"widget\" data-settings=\"{&quot;horizontal_scroll&quot;:&quot;disable&quot;}\" data-widget_type=\"nested-tabs.default\">\n\t\t\t\t<div class=\"elementor-widget-container\">\n\t\t\t\t\t<div class=\"e-n-tabs\" data-widget-number=\"139889557\" aria-label=\"Onglets. Ouvrez des \u00e9l\u00e9ments avec Entrer ou Espace, fermez-les avec Echape et naviguez \u00e0 l&#039;aide des touches fl\u00e9ch\u00e9es.\">\n\t\t\t<div class=\"e-n-tabs-heading\" role=\"tablist\">\n\t\t\t\t\t<button id=\"e-n-tab-title-1398895571\" class=\"e-n-tab-title\" aria-selected=\"true\" data-tab-index=\"1\" role=\"tab\" tabindex=\"0\" aria-controls=\"e-n-tab-content-1398895571\" style=\"--n-tabs-title-order: 1;\">\n\t\t\t\t\t<span class=\"e-n-tab-icon\">\n\t\t\t<svg xmlns=\"http:\/\/www.w3.org\/2000\/svg\" xmlns:xlink=\"http:\/\/www.w3.org\/1999\/xlink\" id=\"Calque_1\" x=\"0px\" y=\"0px\" viewBox=\"0 0 78 78\" style=\"enable-background:new 0 0 78 78;\" xml:space=\"preserve\"><image style=\"overflow:visible;\" width=\"78\" height=\"78\"><\/image><\/svg>\t\t\t<svg xmlns=\"http:\/\/www.w3.org\/2000\/svg\" xmlns:xlink=\"http:\/\/www.w3.org\/1999\/xlink\" id=\"Calque_1\" x=\"0px\" y=\"0px\" viewBox=\"0 0 78 78\" style=\"enable-background:new 0 0 78 78;\" xml:space=\"preserve\"><image style=\"overflow:visible;\" width=\"78\" height=\"78\"><\/image><\/svg>\t\t<\/span>\n\t\t\t\t\t<span class=\"e-n-tab-title-text\">\n\t\t\t\tVentes et marketing\t\t\t<\/span>\n\t\t<\/button>\n\t\t\t\t<button id=\"e-n-tab-title-1398895572\" class=\"e-n-tab-title\" aria-selected=\"false\" data-tab-index=\"2\" role=\"tab\" tabindex=\"-1\" aria-controls=\"e-n-tab-content-1398895572\" style=\"--n-tabs-title-order: 2;\">\n\t\t\t\t\t<span class=\"e-n-tab-icon\">\n\t\t\t<svg xmlns=\"http:\/\/www.w3.org\/2000\/svg\" xmlns:xlink=\"http:\/\/www.w3.org\/1999\/xlink\" id=\"Calque_1\" x=\"0px\" y=\"0px\" viewBox=\"0 0 78 78\" style=\"enable-background:new 0 0 78 78;\" xml:space=\"preserve\"><image style=\"overflow:visible;\" width=\"78\" height=\"78\"><\/image><\/svg>\t\t\t<svg xmlns=\"http:\/\/www.w3.org\/2000\/svg\" xmlns:xlink=\"http:\/\/www.w3.org\/1999\/xlink\" id=\"Calque_1\" x=\"0px\" y=\"0px\" viewBox=\"0 0 78 78\" style=\"enable-background:new 0 0 78 78;\" xml:space=\"preserve\"><image style=\"overflow:visible;\" width=\"78\" height=\"78\"><\/image><\/svg>\t\t<\/span>\n\t\t\t\t\t<span class=\"e-n-tab-title-text\">\n\t\t\t\tOp\u00e9rations et ing\u00e9nierie\t\t\t<\/span>\n\t\t<\/button>\n\t\t\t\t<button id=\"e-n-tab-title-1398895573\" class=\"e-n-tab-title\" aria-selected=\"false\" data-tab-index=\"3\" role=\"tab\" tabindex=\"-1\" aria-controls=\"e-n-tab-content-1398895573\" style=\"--n-tabs-title-order: 3;\">\n\t\t\t\t\t<span class=\"e-n-tab-icon\">\n\t\t\t<svg xmlns=\"http:\/\/www.w3.org\/2000\/svg\" xmlns:xlink=\"http:\/\/www.w3.org\/1999\/xlink\" id=\"Calque_1\" x=\"0px\" y=\"0px\" viewBox=\"0 0 78 78\" style=\"enable-background:new 0 0 78 78;\" xml:space=\"preserve\"><image style=\"overflow:visible;\" width=\"78\" height=\"78\"><\/image><\/svg>\t\t\t<svg xmlns=\"http:\/\/www.w3.org\/2000\/svg\" xmlns:xlink=\"http:\/\/www.w3.org\/1999\/xlink\" id=\"Calque_1\" x=\"0px\" y=\"0px\" viewBox=\"0 0 78 78\" style=\"enable-background:new 0 0 78 78;\" xml:space=\"preserve\"><image style=\"overflow:visible;\" width=\"78\" height=\"78\"><\/image><\/svg>\t\t<\/span>\n\t\t\t\t\t<span class=\"e-n-tab-title-text\">\n\t\t\t\tLa science\t\t\t<\/span>\n\t\t<\/button>\n\t\t\t\t<button id=\"e-n-tab-title-1398895574\" class=\"e-n-tab-title\" aria-selected=\"false\" data-tab-index=\"4\" role=\"tab\" tabindex=\"-1\" aria-controls=\"e-n-tab-content-1398895574\" style=\"--n-tabs-title-order: 4;\">\n\t\t\t\t\t<span class=\"e-n-tab-icon\">\n\t\t\t<svg xmlns=\"http:\/\/www.w3.org\/2000\/svg\" xmlns:xlink=\"http:\/\/www.w3.org\/1999\/xlink\" id=\"Calque_1\" x=\"0px\" y=\"0px\" viewBox=\"0 0 78 78\" style=\"enable-background:new 0 0 78 78;\" xml:space=\"preserve\"><image style=\"overflow:visible;\" width=\"78\" height=\"78\"><\/image><\/svg>\t\t\t<svg xmlns=\"http:\/\/www.w3.org\/2000\/svg\" xmlns:xlink=\"http:\/\/www.w3.org\/1999\/xlink\" id=\"Calque_1\" x=\"0px\" y=\"0px\" viewBox=\"0 0 78 78\" style=\"enable-background:new 0 0 78 78;\" xml:space=\"preserve\"><image style=\"overflow:visible;\" width=\"78\" height=\"78\"><\/image><\/svg>\t\t<\/span>\n\t\t\t\t\t<span class=\"e-n-tab-title-text\">\n\t\t\t\tFonctions de l'entreprise\t\t\t<\/span>\n\t\t<\/button>\n\t\t\t\t\t<\/div>\n\t\t\t<div class=\"e-n-tabs-content\">\n\t\t\t\t<div id=\"e-n-tab-content-1398895571\" role=\"tabpanel\" aria-labelledby=\"e-n-tab-title-1398895571\" data-tab-index=\"1\" style=\"--n-tabs-title-order: 1;\" class=\"e-active elementor-element elementor-element-6a7749e e-con-full e-flex e-con e-child\" data-id=\"6a7749e\" data-element_type=\"container\">\n\t\t\t\t<div class=\"elementor-element elementor-element-f015ba3 elementor-widget elementor-widget-text-editor\" data-id=\"f015ba3\" data-element_type=\"widget\" data-widget_type=\"text-editor.default\">\n\t\t\t\t<div class=\"elementor-widget-container\">\n\t\t\t\t\t\t\t<p>Les membres de notre \u00e9quipe de vente et de marketing contribuent non seulement \u00e0 faire conna\u00eetre la valeur de nos produits, mais aussi \u00e0 mettre sur le march\u00e9 de nouvelles solutions et \u00e0 r\u00e9soudre les probl\u00e8mes de nos clients.<\/p>\n<p><strong>Biens de consommation emball\u00e9s<br \/><\/strong>L&rsquo;\u00e9quipe charg\u00e9e des biens de consommation emball\u00e9s utilise l&rsquo;analyse pour mesurer la temp\u00e9rature des diff\u00e9rents march\u00e9s, diffuse notre message via de nombreuses plateformes de m\u00e9dias sociaux, dirige les efforts de vente et de marketing et noue de nouvelles relations d&rsquo;affaires pr\u00e9cieuses.<\/p>\n<p>Les titres des postes sont les suivants<\/p>\n<ul class=\"list-two-col\">\n<li>Analyste de la connaissance des cat\u00e9gories<\/li>\n<li>Directeur r\u00e9gional des ventes<\/li>\n<li>Gestionnaire de la marque<\/li>\n<li>Coordinateur des ventes<\/li>\n<li>Repr\u00e9sentant du service des ventes<\/li>\n<\/ul>\n<p><strong>Entreprise \u00e0 entreprise<\/strong><br \/>Notre \u00e9quipe Business to Business est compos\u00e9e de sp\u00e9cialistes du marketing et de gestionnaires de marque qui \u00e9laborent des plans de marque cr\u00e9atifs et des strat\u00e9gies de positionnement pour stimuler les ventes et d\u00e9velopper de futures opportunit\u00e9s commerciales.<\/p>\n<p>Les titres de poste comprennent :<\/p>\n<ul class=\"list-two-col\">\n<li>Directeur r\u00e9gional des ventes<\/li>\n<li>Repr\u00e9sentant du service des ventes<\/li>\n<li>Repr\u00e9sentant des ventes et du marketing<\/li>\n<li>Directeur des ventes<\/li>\n<\/ul>\n<p><a href=\"https:\/\/www.oildri.ca\/careers\/apply\/\">Consultez nos offres actuelles<\/a><\/p>\n\t\t\t\t\t\t<\/div>\n\t\t\t\t<\/div>\n\t\t\t\t<\/div>\n\t\t<div id=\"e-n-tab-content-1398895572\" role=\"tabpanel\" aria-labelledby=\"e-n-tab-title-1398895572\" data-tab-index=\"2\" style=\"--n-tabs-title-order: 2;\" class=\" elementor-element elementor-element-b2ed445 e-con-full e-flex e-con e-child\" data-id=\"b2ed445\" data-element_type=\"container\">\n\t\t\t\t<div class=\"elementor-element elementor-element-af9e3fd elementor-widget elementor-widget-text-editor\" data-id=\"af9e3fd\" data-element_type=\"widget\" data-widget_type=\"text-editor.default\">\n\t\t\t\t<div class=\"elementor-widget-container\">\n\t\t\t\t\t\t\t<p>Notre service des op\u00e9rations et de l&rsquo;ing\u00e9nierie contribue \u00e0 la conception, \u00e0 la construction et \u00e0 l&rsquo;am\u00e9lioration des processus pour notre portefeuille diversifi\u00e9 de produits absorbants. L&rsquo;\u00e9quipe est compos\u00e9e d&rsquo;ing\u00e9nieurs m\u00e9caniques, chimiques, \u00e9lectriques et industriels qui utilisent leur expertise pour maximiser notre cha\u00eene d&rsquo;approvisionnement et maintenir le plus haut niveau de qualit\u00e9 dans nos installations. <\/p>\n<p>Les titres de poste comprennent :<\/p>\n<ul class=\"list-two-col\">\n<li>Sp\u00e9cialiste du contr\u00f4le des stocks<\/li>\n<li>Ing\u00e9nieur en assurance qualit\u00e9<\/li>\n<li>Responsable des achats<\/li>\n<li>Acheteur principal<\/li>\n<li>Directeur d&rsquo;usine<\/li>\n<li>Op\u00e9rateur (broyeur et s\u00e9cheur)<\/li>\n<\/ul>\n<p><a href=\"https:\/\/www.oildri.ca\/careers\/apply\/\">Consultez nos offres actuelles<\/a><\/p>\n\t\t\t\t\t\t<\/div>\n\t\t\t\t<\/div>\n\t\t\t\t<\/div>\n\t\t<div id=\"e-n-tab-content-1398895573\" role=\"tabpanel\" aria-labelledby=\"e-n-tab-title-1398895573\" data-tab-index=\"3\" style=\"--n-tabs-title-order: 3;\" class=\" elementor-element elementor-element-69c7aee e-con-full e-flex e-con e-child\" data-id=\"69c7aee\" data-element_type=\"container\">\n\t\t\t\t<div class=\"elementor-element elementor-element-0530fd8 elementor-widget elementor-widget-text-editor\" data-id=\"0530fd8\" data-element_type=\"widget\" data-widget_type=\"text-editor.default\">\n\t\t\t\t<div class=\"elementor-widget-container\">\n\t\t\t\t\t\t\t<p>Le Centre d\u2019Innovation Nick Jaffee est l&rsquo;endroit o\u00f9 notre \u00e9quipe de biologistes, de chimistes, de g\u00e9ologues, d&rsquo;ing\u00e9nieurs et de nutritionnistes animaliers \u00e9tudient les min\u00e9raux et le traitement des min\u00e9raux et d\u00e9veloppe de nouvelles applications passionnantes. Ces experts en absorbants travaillent aux c\u00f4t\u00e9s des membres de notre \u00e9quipe de services techniques qui se sp\u00e9cialisent dans la fourniture d&rsquo;un soutien de premier ordre \u00e0 nos clients lorsqu&rsquo;ils mettent en \u0153uvre nos solutions dans leurs processus. <\/p>\n<p>Les titres de poste comprennent :<\/p>\n<ul class=\"list-two-col\">\n<li>Technicien d&rsquo;usine pilote<\/li>\n<li>Technicien de laboratoire<\/li>\n<li>Scientifique charg\u00e9 des applications<\/li>\n<li>Scientifique en affaires r\u00e9glementaires<\/li>\n<li>Technicien du contr\u00f4le de la qualit\u00e9<\/li>\n<li>Chercheur scientifique<\/li>\n<\/ul>\n<p><a href=\"https:\/\/www.oildri.ca\/careers\/apply\/\">Consultez nos offres actuelles<\/a><\/p>\n\t\t\t\t\t\t<\/div>\n\t\t\t\t<\/div>\n\t\t\t\t<\/div>\n\t\t<div id=\"e-n-tab-content-1398895574\" role=\"tabpanel\" aria-labelledby=\"e-n-tab-title-1398895574\" data-tab-index=\"4\" style=\"--n-tabs-title-order: 4;\" class=\" elementor-element elementor-element-ed09717 e-con-full e-flex e-con e-child\" data-id=\"ed09717\" data-element_type=\"container\">\n\t\t\t\t<div class=\"elementor-element elementor-element-b97bf9f elementor-widget elementor-widget-text-editor\" data-id=\"b97bf9f\" data-element_type=\"widget\" data-widget_type=\"text-editor.default\">\n\t\t\t\t<div class=\"elementor-widget-container\">\n\t\t\t\t\t\t\t<p>Nous comptons sur une grande \u00e9quipe de personnes pour assurer le bon fonctionnement de notre organisation. Il s&rsquo;agit notamment d&rsquo;experts juridiques, de membres de l&rsquo;\u00e9quipe r\u00e9glementaire et de sp\u00e9cialistes des ressources humaines qui veillent \u00e0 ce que nous nous conformions \u00e0 toutes les r\u00e9glementations applicables, des \u00e9quipes de comptes et de finances qui suivent la croissance de notre entreprise, des administrateurs de bureau qui facilitent nos op\u00e9rations quotidiennes, et des professionnels des relations publiques et des investisseurs qui partagent des informations essentielles avec le public. <\/p>\n<p>Les titres de poste comprennent :<\/p>\n<ul class=\"list-two-col\">\n<li>Responsable des Ressources Humaines<\/li>\n<li>Analyste commercial<\/li>\n<li>Analyste r\u00e9seau<\/li>\n<li>Responsable de l&rsquo;audit interne<\/li>\n<li>Associ\u00e9 aux comptes fournisseurs<\/li>\n<li>Programmeur<\/li>\n<\/ul>\n<p><a href=\"https:\/\/www.oildri.ca\/careers\/apply\/\">Consultez nos offres actuelles<\/a><\/p>\n\t\t\t\t\t\t<\/div>\n\t\t\t\t<\/div>\n\t\t\t\t<\/div>\n\t\t\t\t\t<\/div>\n\t\t<\/div>\n\t\t\t\t<\/div>\n\t\t\t\t<\/div>\n\t\t\t\t\t<\/div>\n\t\t\t\t<\/div>\n\t\t\t\t<\/div>\n\t\t","protected":false},"excerpt":{"rendered":"<p>Offres d&#8217;emploi Avantages L&rsquo;\u00e9quipe Culture D\u00e9partements D\u00c9COUVRIR LES D\u00c9PARTEMENTS D&rsquo;OIL-DRI Nous sommes \u00e0 la recherche de personnes talentueuses et travaillantes pour se joindre \u00e0 notre \u00e9quipe. De l&rsquo;exploitation mini\u00e8re \u00e0 la fabrication, en passant par la recherche et le d\u00e9veloppement, les ventes et le marketing, chaque \u00e9quipe a un impact sur notre succ\u00e8s. Pour en [&hellip;]<\/p>\n","protected":false},"author":3,"featured_media":0,"parent":15111,"menu_order":0,"comment_status":"closed","ping_status":"closed","template":"","meta":{"_acf_changed":false,"footnotes":""},"class_list":["post-15211","page","type-page","status-publish","hentry"],"acf":[],"_links":{"self":[{"href":"https:\/\/oildri.ca\/fr\/wp-json\/wp\/v2\/pages\/15211","targetHints":{"allow":["GET"]}}],"collection":[{"href":"https:\/\/oildri.ca\/fr\/wp-json\/wp\/v2\/pages"}],"about":[{"href":"https:\/\/oildri.ca\/fr\/wp-json\/wp\/v2\/types\/page"}],"author":[{"embeddable":true,"href":"https:\/\/oildri.ca\/fr\/wp-json\/wp\/v2\/users\/3"}],"replies":[{"embeddable":true,"href":"https:\/\/oildri.ca\/fr\/wp-json\/wp\/v2\/comments?post=15211"}],"version-history":[{"count":1,"href":"https:\/\/oildri.ca\/fr\/wp-json\/wp\/v2\/pages\/15211\/revisions"}],"predecessor-version":[{"id":15219,"href":"https:\/\/oildri.ca\/fr\/wp-json\/wp\/v2\/pages\/15211\/revisions\/15219"}],"up":[{"embeddable":true,"href":"https:\/\/oildri.ca\/fr\/wp-json\/wp\/v2\/pages\/15111"}],"wp:attachment":[{"href":"https:\/\/oildri.ca\/fr\/wp-json\/wp\/v2\/media?parent=15211"}],"curies":[{"name":"wp","href":"https:\/\/api.w.org\/{rel}","templated":true}]}}