{"id":15187,"date":"2024-09-30T18:26:25","date_gmt":"2024-09-30T18:26:25","guid":{"rendered":"https:\/\/oildri.ca\/carrieres\/culture\/"},"modified":"2024-11-07T17:26:54","modified_gmt":"2024-11-07T17:26:54","slug":"culture","status":"publish","type":"page","link":"https:\/\/oildri.ca\/fr\/carrieres\/culture\/","title":{"rendered":"Culture"},"content":{"rendered":"\t\t<div data-elementor-type=\"wp-page\" data-elementor-id=\"15187\" class=\"elementor elementor-15187 elementor-10691\" data-elementor-post-type=\"page\">\n\t\t\t\t<div class=\"elementor-element elementor-element-5d226f3 e-flex e-con-boxed e-con e-parent\" data-id=\"5d226f3\" data-element_type=\"container\" data-settings=\"{&quot;background_background&quot;:&quot;classic&quot;}\">\n\t\t\t\t\t<div class=\"e-con-inner\">\n\t\t\t\t\t<\/div>\n\t\t\t\t<\/div>\n\t\t<div class=\"elementor-element elementor-element-92d8545 e-flex e-con-boxed e-con e-parent\" data-id=\"92d8545\" data-element_type=\"container\" data-settings=\"{&quot;background_background&quot;:&quot;classic&quot;}\">\n\t\t\t\t\t<div class=\"e-con-inner\">\n\t\t\t\t\t<\/div>\n\t\t\t\t<\/div>\n\t\t<div class=\"elementor-element elementor-element-e4568b5 e-flex e-con-boxed e-con e-parent\" data-id=\"e4568b5\" data-element_type=\"container\">\n\t\t\t\t\t<div class=\"e-con-inner\">\n\t\t<div class=\"elementor-element elementor-element-da9d63c e-con-full e-flex e-con e-child\" data-id=\"da9d63c\" data-element_type=\"container\">\n\t\t\t\t<div class=\"elementor-element elementor-element-3ee45a0 elementor-position-top elementor-widget elementor-widget-image-box\" data-id=\"3ee45a0\" data-element_type=\"widget\" data-widget_type=\"image-box.default\">\n\t\t\t\t<div class=\"elementor-widget-container\">\n\t\t\t<style>\/*! elementor - v3.23.0 - 05-08-2024 *\/\n.elementor-widget-image-box .elementor-image-box-content{width:100%}@media (min-width:768px){.elementor-widget-image-box.elementor-position-left .elementor-image-box-wrapper,.elementor-widget-image-box.elementor-position-right .elementor-image-box-wrapper{display:flex}.elementor-widget-image-box.elementor-position-right .elementor-image-box-wrapper{text-align:end;flex-direction:row-reverse}.elementor-widget-image-box.elementor-position-left .elementor-image-box-wrapper{text-align:start;flex-direction:row}.elementor-widget-image-box.elementor-position-top .elementor-image-box-img{margin:auto}.elementor-widget-image-box.elementor-vertical-align-top .elementor-image-box-wrapper{align-items:flex-start}.elementor-widget-image-box.elementor-vertical-align-middle .elementor-image-box-wrapper{align-items:center}.elementor-widget-image-box.elementor-vertical-align-bottom .elementor-image-box-wrapper{align-items:flex-end}}@media (max-width:767px){.elementor-widget-image-box .elementor-image-box-img{margin-left:auto!important;margin-right:auto!important;margin-bottom:15px}}.elementor-widget-image-box .elementor-image-box-img{display:inline-block}.elementor-widget-image-box .elementor-image-box-title a{color:inherit}.elementor-widget-image-box .elementor-image-box-wrapper{text-align:center}.elementor-widget-image-box .elementor-image-box-description{margin:0}<\/style><div class=\"elementor-image-box-wrapper\"><figure class=\"elementor-image-box-img\"><a href=\"https:\/\/www.oildri.ca\/careers\/apply\/\" tabindex=\"-1\"><img decoding=\"async\" width=\"55\" height=\"55\" src=\"https:\/\/oildri.ca\/wp-content\/uploads\/2024\/09\/explore-careers.png\" class=\"attachment-full size-full wp-image-9707\" alt=\"\" \/><\/a><\/figure><div class=\"elementor-image-box-content\"><h3 class=\"elementor-image-box-title\"><a href=\"https:\/\/www.oildri.ca\/careers\/apply\/\">Offres d'emploi<\/a><\/h3><\/div><\/div>\t\t<\/div>\n\t\t\t\t<\/div>\n\t\t\t\t<div class=\"elementor-element elementor-element-1fe799f elementor-position-top elementor-widget elementor-widget-image-box\" data-id=\"1fe799f\" data-element_type=\"widget\" data-widget_type=\"image-box.default\">\n\t\t\t\t<div class=\"elementor-widget-container\">\n\t\t\t<div class=\"elementor-image-box-wrapper\"><figure class=\"elementor-image-box-img\"><a href=\"https:\/\/www.oildri.ca\/careers\/benefits\/\" tabindex=\"-1\"><img decoding=\"async\" width=\"55\" height=\"55\" src=\"https:\/\/oildri.ca\/wp-content\/uploads\/2024\/09\/compensation.png\" class=\"attachment-full size-full wp-image-9891\" alt=\"\" \/><\/a><\/figure><div class=\"elementor-image-box-content\"><h3 class=\"elementor-image-box-title\"><a href=\"https:\/\/www.oildri.ca\/careers\/benefits\/\">Avantages<\/a><\/h3><\/div><\/div>\t\t<\/div>\n\t\t\t\t<\/div>\n\t\t\t\t<div class=\"elementor-element elementor-element-c98603d elementor-position-top elementor-widget elementor-widget-image-box\" data-id=\"c98603d\" data-element_type=\"widget\" data-widget_type=\"image-box.default\">\n\t\t\t\t<div class=\"elementor-widget-container\">\n\t\t\t<div class=\"elementor-image-box-wrapper\"><figure class=\"elementor-image-box-img\"><a href=\"https:\/\/www.oildri.ca\/careers\/team\/\" tabindex=\"-1\"><img decoding=\"async\" width=\"55\" height=\"55\" src=\"https:\/\/oildri.ca\/wp-content\/uploads\/2024\/09\/meet-team.png\" class=\"attachment-full size-full wp-image-9919\" alt=\"\" \/><\/a><\/figure><div class=\"elementor-image-box-content\"><h3 class=\"elementor-image-box-title\"><a href=\"https:\/\/www.oildri.ca\/careers\/team\/\">L'\u00e9quipe<\/a><\/h3><\/div><\/div>\t\t<\/div>\n\t\t\t\t<\/div>\n\t\t\t\t<div class=\"elementor-element elementor-element-baf3fad elementor-position-top elementor-widget elementor-widget-image-box\" data-id=\"baf3fad\" data-element_type=\"widget\" data-widget_type=\"image-box.default\">\n\t\t\t\t<div class=\"elementor-widget-container\">\n\t\t\t<div class=\"elementor-image-box-wrapper\"><figure class=\"elementor-image-box-img\"><a href=\"https:\/\/www.oildri.ca\/careers\/culture\/\" tabindex=\"-1\"><img loading=\"lazy\" decoding=\"async\" width=\"55\" height=\"55\" src=\"https:\/\/oildri.ca\/wp-content\/uploads\/2024\/09\/culture-community-hover.png\" class=\"attachment-full size-full wp-image-10767\" alt=\"\" \/><\/a><\/figure><div class=\"elementor-image-box-content\"><h3 class=\"elementor-image-box-title\"><a href=\"https:\/\/www.oildri.ca\/careers\/culture\/\">Culture<\/a><\/h3><\/div><\/div>\t\t<\/div>\n\t\t\t\t<\/div>\n\t\t\t\t<div class=\"elementor-element elementor-element-b047c38 elementor-position-top elementor-widget elementor-widget-image-box\" data-id=\"b047c38\" data-element_type=\"widget\" data-widget_type=\"image-box.default\">\n\t\t\t\t<div class=\"elementor-widget-container\">\n\t\t\t<div class=\"elementor-image-box-wrapper\"><figure class=\"elementor-image-box-img\"><a href=\"https:\/\/www.oildri.com\/careers\/departments\/\" tabindex=\"-1\"><img loading=\"lazy\" decoding=\"async\" width=\"55\" height=\"55\" src=\"https:\/\/oildri.ca\/wp-content\/uploads\/2024\/09\/awards.png\" class=\"attachment-full size-full wp-image-9927\" alt=\"\" \/><\/a><\/figure><div class=\"elementor-image-box-content\"><h3 class=\"elementor-image-box-title\"><a href=\"https:\/\/www.oildri.com\/careers\/departments\/\">D\u00e9partements<\/a><\/h3><\/div><\/div>\t\t<\/div>\n\t\t\t\t<\/div>\n\t\t\t\t<\/div>\n\t\t<div class=\"elementor-element elementor-element-7c4506e e-con-full e-flex e-con e-child\" data-id=\"7c4506e\" data-element_type=\"container\">\n\t\t\t\t<div class=\"elementor-element elementor-element-4fb3a70 elementor-widget elementor-widget-heading\" data-id=\"4fb3a70\" data-element_type=\"widget\" data-widget_type=\"heading.default\">\n\t\t\t\t<div class=\"elementor-widget-container\">\n\t\t\t<style>\/*! elementor - v3.23.0 - 05-08-2024 *\/\n.elementor-heading-title{padding:0;margin:0;line-height:1}.elementor-widget-heading .elementor-heading-title[class*=elementor-size-]>a{color:inherit;font-size:inherit;line-height:inherit}.elementor-widget-heading .elementor-heading-title.elementor-size-small{font-size:15px}.elementor-widget-heading .elementor-heading-title.elementor-size-medium{font-size:19px}.elementor-widget-heading .elementor-heading-title.elementor-size-large{font-size:29px}.elementor-widget-heading .elementor-heading-title.elementor-size-xl{font-size:39px}.elementor-widget-heading .elementor-heading-title.elementor-size-xxl{font-size:59px}<\/style><h2 class=\"elementor-heading-title elementor-size-default\">CULTURE ORGANISATIONNELLE : LA DIFF\u00c9RENCE OIL-DRI<\/h2>\t\t<\/div>\n\t\t\t\t<\/div>\n\t\t\t\t<div class=\"elementor-element elementor-element-5f8ef2d elementor-widget elementor-widget-text-editor\" data-id=\"5f8ef2d\" data-element_type=\"widget\" data-widget_type=\"text-editor.default\">\n\t\t\t\t<div class=\"elementor-widget-container\">\n\t\t\t<style>\/*! elementor - v3.23.0 - 05-08-2024 *\/\n.elementor-widget-text-editor.elementor-drop-cap-view-stacked .elementor-drop-cap{background-color:#69727d;color:#fff}.elementor-widget-text-editor.elementor-drop-cap-view-framed .elementor-drop-cap{color:#69727d;border:3px solid;background-color:transparent}.elementor-widget-text-editor:not(.elementor-drop-cap-view-default) .elementor-drop-cap{margin-top:8px}.elementor-widget-text-editor:not(.elementor-drop-cap-view-default) .elementor-drop-cap-letter{width:1em;height:1em}.elementor-widget-text-editor .elementor-drop-cap{float:left;text-align:center;line-height:1;font-size:50px}.elementor-widget-text-editor .elementor-drop-cap-letter{display:inline-block}<\/style>\t\t\t\t<p>Notre culture tiss\u00e9e serr\u00e9e et inclusive met l&rsquo;accent sur l&rsquo;int\u00e9grit\u00e9, l&rsquo;approche et la vision. Lorsque vous rejoignez Oil-Dri, vous ne rejoignez pas seulement une entreprise, mais une famille. Les co\u00e9quipiers sont habilit\u00e9s \u00e0 chercher continuellement des moyens d&rsquo;am\u00e9liorer les processus et d&rsquo;\u00e9liminer le gaspillage, tout en s&rsquo;effor\u00e7ant de favoriser une atmosph\u00e8re accueillante. Tout au long de l&rsquo;ann\u00e9e, les co\u00e9quipiers sont reconnus de nombreuses fa\u00e7ons pour leurs repr\u00e9sentations des valeurs et des philosophies de notre entreprise.   <\/p>\n\t\t\t\t\t\t<\/div>\n\t\t\t\t<\/div>\n\t\t\t\t<\/div>\n\t\t\t\t\t<\/div>\n\t\t\t\t<\/div>\n\t\t<div class=\"elementor-element elementor-element-dc89867 e-flex e-con-boxed e-con e-parent\" data-id=\"dc89867\" data-element_type=\"container\">\n\t\t\t\t\t<div class=\"e-con-inner\">\n\t\t<div class=\"elementor-element elementor-element-efbdca5 e-con-full e-flex e-con e-child\" data-id=\"efbdca5\" data-element_type=\"container\">\n\t\t\t\t<div class=\"elementor-element elementor-element-9c4f908 elementor-position-top elementor-widget elementor-widget-image-box\" data-id=\"9c4f908\" data-element_type=\"widget\" data-widget_type=\"image-box.default\">\n\t\t\t\t<div class=\"elementor-widget-container\">\n\t\t\t<div class=\"elementor-image-box-wrapper\"><figure class=\"elementor-image-box-img\"><img loading=\"lazy\" decoding=\"async\" width=\"256\" height=\"238\" src=\"https:\/\/oildri.ca\/wp-content\/uploads\/2024\/09\/icon-integrity.png\" class=\"attachment-full size-full wp-image-10795\" alt=\"\" \/><\/figure><div class=\"elementor-image-box-content\"><h4 class=\"elementor-image-box-title\">INTEGRIT\u00c9<\/h4><p class=\"elementor-image-box-description\">Ce qui diff\u00e9rencie Oil-Dri, c'est l'importance que nous accordons \u00e0 l'honn\u00eatet\u00e9, \u00e0 l'\u00e9thique, \u00e0 la diversit\u00e9 et \u00e0 la compassion. Tout ce que nous faisons, nous le faisons avec int\u00e9grit\u00e9, tout en gardant ces valeurs \u00e0 l'esprit. Nous soutenons des modes de vie sains en compensant les frais d'adh\u00e9sion \u00e0 une salle de sport et en mettant en \u0153uvre une politique anti-tabac. Nous encourageons \u00e9galement un solide \u00e9quilibre entre vie professionnelle et vie priv\u00e9e, qui permet aux membres de l'\u00e9quipe de construire une carri\u00e8re florissante tout en \u00e9tant pr\u00e9sents pour les \u00e9v\u00e9nements sportifs de leurs enfants et les d\u00eeners en famille.   <\/p><\/div><\/div>\t\t<\/div>\n\t\t\t\t<\/div>\n\t\t\t\t<\/div>\n\t\t<div class=\"elementor-element elementor-element-04c39a6 e-con-full e-flex e-con e-child\" data-id=\"04c39a6\" data-element_type=\"container\">\n\t\t\t\t<div class=\"elementor-element elementor-element-352e48d elementor-position-top elementor-widget elementor-widget-image-box\" data-id=\"352e48d\" data-element_type=\"widget\" data-widget_type=\"image-box.default\">\n\t\t\t\t<div class=\"elementor-widget-container\">\n\t\t\t<div class=\"elementor-image-box-wrapper\"><figure class=\"elementor-image-box-img\"><img loading=\"lazy\" decoding=\"async\" width=\"256\" height=\"238\" src=\"https:\/\/oildri.ca\/wp-content\/uploads\/2024\/09\/icon-approach.png\" class=\"attachment-full size-full wp-image-10799\" alt=\"\" \/><\/figure><div class=\"elementor-image-box-content\"><h4 class=\"elementor-image-box-title\">APPROCHE<\/h4><p class=\"elementor-image-box-description\">Notre approche est centr\u00e9e sur la collaboration, la communication et la transparence. Nous croyons en la valeur d'une structure et d'une culture d'entreprise ouvertes et accessibles qui commencent au sommet. Notre pr\u00e9sident et chef de la direction conna\u00eet presque tous nos co\u00e9quipiers par leur nom et se passionne pour sa politique de porte ouverte. Bien que nous ayons de nombreuses \u00e9quipes aux r\u00f4les et responsabilit\u00e9s vari\u00e9s, nous sommes conscients de la valeur que chacune ajoute \u00e0 notre succ\u00e8s et aucune \u00e9quipe ne travaille en silo. Chaque trimestre, nous d\u00e9veloppons une infolettre d'entreprise qui est envoy\u00e9e \u00e0 tous les membres de notre \u00e9quipe. Nous organisons \u00e9galement une r\u00e9union annuelle des ventes mondiales pour unir notre \u00e9quipe en face \u00e0 face.     <\/p><\/div><\/div>\t\t<\/div>\n\t\t\t\t<\/div>\n\t\t\t\t<\/div>\n\t\t<div class=\"elementor-element elementor-element-ab64de8 e-con-full e-flex e-con e-child\" data-id=\"ab64de8\" data-element_type=\"container\">\n\t\t\t\t<div class=\"elementor-element elementor-element-8482a9e elementor-position-top elementor-widget elementor-widget-image-box\" data-id=\"8482a9e\" data-element_type=\"widget\" data-widget_type=\"image-box.default\">\n\t\t\t\t<div class=\"elementor-widget-container\">\n\t\t\t<div class=\"elementor-image-box-wrapper\"><figure class=\"elementor-image-box-img\"><img loading=\"lazy\" decoding=\"async\" width=\"256\" height=\"238\" src=\"https:\/\/oildri.ca\/wp-content\/uploads\/2024\/09\/icon-vision.png\" class=\"attachment-full size-full wp-image-10815\" alt=\"\" \/><\/figure><div class=\"elementor-image-box-content\"><h4 class=\"elementor-image-box-title\">VISION<\/h4><p class=\"elementor-image-box-description\">En tant qu'organisation contr\u00f4l\u00e9e et g\u00e9r\u00e9e par la famille, nous prenons chacune de nos d\u00e9cisions en pensant aux g\u00e9n\u00e9rations futures. Comme dans la fable d'\u00c9sope \"La tortue et le li\u00e8vre\", nous nous concentrons sur l'objectif \u00e0 long terme. Nous ne prenons aucune d\u00e9cision susceptible de compromettre la vision de l'entreprise pour l'avenir. Depuis le d\u00e9but, notre \u00e9quipe d'entreprise est compos\u00e9e de nombreux membres de la m\u00eame famille. En fait, \u00e0 un moment donn\u00e9, soixante-cinq familles \u00e9taient repr\u00e9sent\u00e9es par au moins deux membres de l'\u00e9quipe d'Oil-Dri. Il s'agit l\u00e0 d'une v\u00e9ritable reconnaissance de notre communaut\u00e9 soud\u00e9e et d'un point de diff\u00e9rence dont nous sommes fiers. Que vous soyez l\u00e0 depuis un an ou trente ans, vous faites partie de la famille.      \n\n<\/p><\/div><\/div>\t\t<\/div>\n\t\t\t\t<\/div>\n\t\t\t\t<\/div>\n\t\t\t\t\t<\/div>\n\t\t\t\t<\/div>\n\t\t\t\t<\/div>\n\t\t","protected":false},"excerpt":{"rendered":"<p>Offres d&#8217;emploi Avantages L&rsquo;\u00e9quipe Culture D\u00e9partements CULTURE ORGANISATIONNELLE : LA DIFF\u00c9RENCE OIL-DRI Notre culture tiss\u00e9e serr\u00e9e et inclusive met l&rsquo;accent sur l&rsquo;int\u00e9grit\u00e9, l&rsquo;approche et la vision. Lorsque vous rejoignez Oil-Dri, vous ne rejoignez pas seulement une entreprise, mais une famille. Les co\u00e9quipiers sont habilit\u00e9s \u00e0 chercher continuellement des moyens d&rsquo;am\u00e9liorer les processus et d&rsquo;\u00e9liminer le [&hellip;]<\/p>\n","protected":false},"author":3,"featured_media":0,"parent":15111,"menu_order":0,"comment_status":"closed","ping_status":"closed","template":"","meta":{"_acf_changed":false,"footnotes":""},"class_list":["post-15187","page","type-page","status-publish","hentry"],"acf":[],"_links":{"self":[{"href":"https:\/\/oildri.ca\/fr\/wp-json\/wp\/v2\/pages\/15187","targetHints":{"allow":["GET"]}}],"collection":[{"href":"https:\/\/oildri.ca\/fr\/wp-json\/wp\/v2\/pages"}],"about":[{"href":"https:\/\/oildri.ca\/fr\/wp-json\/wp\/v2\/types\/page"}],"author":[{"embeddable":true,"href":"https:\/\/oildri.ca\/fr\/wp-json\/wp\/v2\/users\/3"}],"replies":[{"embeddable":true,"href":"https:\/\/oildri.ca\/fr\/wp-json\/wp\/v2\/comments?post=15187"}],"version-history":[{"count":1,"href":"https:\/\/oildri.ca\/fr\/wp-json\/wp\/v2\/pages\/15187\/revisions"}],"predecessor-version":[{"id":15207,"href":"https:\/\/oildri.ca\/fr\/wp-json\/wp\/v2\/pages\/15187\/revisions\/15207"}],"up":[{"embeddable":true,"href":"https:\/\/oildri.ca\/fr\/wp-json\/wp\/v2\/pages\/15111"}],"wp:attachment":[{"href":"https:\/\/oildri.ca\/fr\/wp-json\/wp\/v2\/media?parent=15187"}],"curies":[{"name":"wp","href":"https:\/\/api.w.org\/{rel}","templated":true}]}}