{"id":15175,"date":"2024-09-30T18:26:58","date_gmt":"2024-09-30T18:26:58","guid":{"rendered":"https:\/\/oildri.ca\/carrieres\/avantages\/"},"modified":"2024-11-07T17:26:38","modified_gmt":"2024-11-07T17:26:38","slug":"avantages","status":"publish","type":"page","link":"https:\/\/oildri.ca\/fr\/carrieres\/avantages\/","title":{"rendered":"Avantages"},"content":{"rendered":"\t\t<div data-elementor-type=\"wp-page\" data-elementor-id=\"15175\" class=\"elementor elementor-15175 elementor-10699\" data-elementor-post-type=\"page\">\n\t\t\t\t<div class=\"elementor-element elementor-element-c3323d1 e-flex e-con-boxed e-con e-parent\" data-id=\"c3323d1\" data-element_type=\"container\" data-settings=\"{&quot;background_background&quot;:&quot;classic&quot;}\">\n\t\t\t\t\t<div class=\"e-con-inner\">\n\t\t\t\t\t<\/div>\n\t\t\t\t<\/div>\n\t\t<div class=\"elementor-element elementor-element-14d3eb7 e-flex e-con-boxed e-con e-parent\" data-id=\"14d3eb7\" data-element_type=\"container\" data-settings=\"{&quot;background_background&quot;:&quot;classic&quot;}\">\n\t\t\t\t\t<div class=\"e-con-inner\">\n\t\t\t\t\t<\/div>\n\t\t\t\t<\/div>\n\t\t<div class=\"elementor-element elementor-element-0a90b9f e-flex e-con-boxed e-con e-parent\" data-id=\"0a90b9f\" data-element_type=\"container\">\n\t\t\t\t\t<div class=\"e-con-inner\">\n\t\t<div class=\"elementor-element elementor-element-8a757cc e-con-full e-flex e-con e-child\" data-id=\"8a757cc\" data-element_type=\"container\">\n\t\t\t\t<div class=\"elementor-element elementor-element-dd53beb elementor-position-top elementor-widget elementor-widget-image-box\" data-id=\"dd53beb\" data-element_type=\"widget\" data-widget_type=\"image-box.default\">\n\t\t\t\t<div class=\"elementor-widget-container\">\n\t\t\t<style>\/*! elementor - v3.23.0 - 05-08-2024 *\/\n.elementor-widget-image-box .elementor-image-box-content{width:100%}@media (min-width:768px){.elementor-widget-image-box.elementor-position-left .elementor-image-box-wrapper,.elementor-widget-image-box.elementor-position-right .elementor-image-box-wrapper{display:flex}.elementor-widget-image-box.elementor-position-right .elementor-image-box-wrapper{text-align:end;flex-direction:row-reverse}.elementor-widget-image-box.elementor-position-left .elementor-image-box-wrapper{text-align:start;flex-direction:row}.elementor-widget-image-box.elementor-position-top .elementor-image-box-img{margin:auto}.elementor-widget-image-box.elementor-vertical-align-top .elementor-image-box-wrapper{align-items:flex-start}.elementor-widget-image-box.elementor-vertical-align-middle .elementor-image-box-wrapper{align-items:center}.elementor-widget-image-box.elementor-vertical-align-bottom .elementor-image-box-wrapper{align-items:flex-end}}@media (max-width:767px){.elementor-widget-image-box .elementor-image-box-img{margin-left:auto!important;margin-right:auto!important;margin-bottom:15px}}.elementor-widget-image-box .elementor-image-box-img{display:inline-block}.elementor-widget-image-box .elementor-image-box-title a{color:inherit}.elementor-widget-image-box .elementor-image-box-wrapper{text-align:center}.elementor-widget-image-box .elementor-image-box-description{margin:0}<\/style><div class=\"elementor-image-box-wrapper\"><figure class=\"elementor-image-box-img\"><a href=\"https:\/\/www.oildri.ca\/careers\/apply\/\" tabindex=\"-1\"><img decoding=\"async\" width=\"55\" height=\"55\" src=\"https:\/\/oildri.ca\/wp-content\/uploads\/2024\/09\/explore-careers.png\" class=\"attachment-full size-full wp-image-9707\" alt=\"\" \/><\/a><\/figure><div class=\"elementor-image-box-content\"><h3 class=\"elementor-image-box-title\"><a href=\"https:\/\/www.oildri.ca\/careers\/apply\/\">Offres d'emploi<\/a><\/h3><\/div><\/div>\t\t<\/div>\n\t\t\t\t<\/div>\n\t\t\t\t<div class=\"elementor-element elementor-element-b46167c elementor-position-top elementor-widget elementor-widget-image-box\" data-id=\"b46167c\" data-element_type=\"widget\" data-widget_type=\"image-box.default\">\n\t\t\t\t<div class=\"elementor-widget-container\">\n\t\t\t<div class=\"elementor-image-box-wrapper\"><figure class=\"elementor-image-box-img\"><a href=\"https:\/\/www.oildri.ca\/careers\/benefits\/\" tabindex=\"-1\"><img decoding=\"async\" width=\"55\" height=\"55\" src=\"https:\/\/oildri.ca\/wp-content\/uploads\/2024\/09\/compensation-hover.png\" class=\"attachment-full size-full wp-image-10907\" alt=\"\" \/><\/a><\/figure><div class=\"elementor-image-box-content\"><h3 class=\"elementor-image-box-title\"><a href=\"https:\/\/www.oildri.ca\/careers\/benefits\/\">Avantages<\/a><\/h3><\/div><\/div>\t\t<\/div>\n\t\t\t\t<\/div>\n\t\t\t\t<div class=\"elementor-element elementor-element-200b869 elementor-position-top elementor-widget elementor-widget-image-box\" data-id=\"200b869\" data-element_type=\"widget\" data-widget_type=\"image-box.default\">\n\t\t\t\t<div class=\"elementor-widget-container\">\n\t\t\t<div class=\"elementor-image-box-wrapper\"><figure class=\"elementor-image-box-img\"><a href=\"https:\/\/www.oildri.ca\/careers\/team\/\" tabindex=\"-1\"><img decoding=\"async\" width=\"55\" height=\"55\" src=\"https:\/\/oildri.ca\/wp-content\/uploads\/2024\/09\/meet-team.png\" class=\"attachment-full size-full wp-image-9919\" alt=\"\" \/><\/a><\/figure><div class=\"elementor-image-box-content\"><h3 class=\"elementor-image-box-title\"><a href=\"https:\/\/www.oildri.ca\/careers\/team\/\">L'\u00e9quipe<\/a><\/h3><\/div><\/div>\t\t<\/div>\n\t\t\t\t<\/div>\n\t\t\t\t<div class=\"elementor-element elementor-element-dd8ea49 elementor-position-top elementor-widget elementor-widget-image-box\" data-id=\"dd8ea49\" data-element_type=\"widget\" data-widget_type=\"image-box.default\">\n\t\t\t\t<div class=\"elementor-widget-container\">\n\t\t\t<div class=\"elementor-image-box-wrapper\"><figure class=\"elementor-image-box-img\"><a href=\"https:\/\/www.oildri.ca\/careers\/culture\/\" tabindex=\"-1\"><img loading=\"lazy\" decoding=\"async\" width=\"55\" height=\"55\" src=\"https:\/\/oildri.ca\/wp-content\/uploads\/2024\/09\/culture-community.png\" class=\"attachment-full size-full wp-image-9923\" alt=\"\" \/><\/a><\/figure><div class=\"elementor-image-box-content\"><h3 class=\"elementor-image-box-title\"><a href=\"https:\/\/www.oildri.ca\/careers\/culture\/\">Culture<\/a><\/h3><\/div><\/div>\t\t<\/div>\n\t\t\t\t<\/div>\n\t\t\t\t<div class=\"elementor-element elementor-element-10afd1d elementor-position-top elementor-widget elementor-widget-image-box\" data-id=\"10afd1d\" data-element_type=\"widget\" data-widget_type=\"image-box.default\">\n\t\t\t\t<div class=\"elementor-widget-container\">\n\t\t\t<div class=\"elementor-image-box-wrapper\"><figure class=\"elementor-image-box-img\"><a href=\"https:\/\/www.oildri.com\/careers\/departments\/\" tabindex=\"-1\"><img loading=\"lazy\" decoding=\"async\" width=\"55\" height=\"55\" src=\"https:\/\/oildri.ca\/wp-content\/uploads\/2024\/09\/awards.png\" class=\"attachment-full size-full wp-image-9927\" alt=\"\" \/><\/a><\/figure><div class=\"elementor-image-box-content\"><h3 class=\"elementor-image-box-title\"><a href=\"https:\/\/www.oildri.com\/careers\/departments\/\">D\u00e9partements<\/a><\/h3><\/div><\/div>\t\t<\/div>\n\t\t\t\t<\/div>\n\t\t\t\t<\/div>\n\t\t<div class=\"elementor-element elementor-element-f3d85c7 e-con-full e-flex e-con e-child\" data-id=\"f3d85c7\" data-element_type=\"container\">\n\t\t\t\t<div class=\"elementor-element elementor-element-6678bd0 elementor-widget elementor-widget-heading\" data-id=\"6678bd0\" data-element_type=\"widget\" data-widget_type=\"heading.default\">\n\t\t\t\t<div class=\"elementor-widget-container\">\n\t\t\t<style>\/*! elementor - v3.23.0 - 05-08-2024 *\/\n.elementor-heading-title{padding:0;margin:0;line-height:1}.elementor-widget-heading .elementor-heading-title[class*=elementor-size-]>a{color:inherit;font-size:inherit;line-height:inherit}.elementor-widget-heading .elementor-heading-title.elementor-size-small{font-size:15px}.elementor-widget-heading .elementor-heading-title.elementor-size-medium{font-size:19px}.elementor-widget-heading .elementor-heading-title.elementor-size-large{font-size:29px}.elementor-widget-heading .elementor-heading-title.elementor-size-xl{font-size:39px}.elementor-widget-heading .elementor-heading-title.elementor-size-xxl{font-size:59px}<\/style><h2 class=\"elementor-heading-title elementor-size-default\">L'HUMAIN D'ABORD\n<\/h2>\t\t<\/div>\n\t\t\t\t<\/div>\n\t\t\t\t<div class=\"elementor-element elementor-element-1bd15d1 elementor-widget elementor-widget-text-editor\" data-id=\"1bd15d1\" data-element_type=\"widget\" data-widget_type=\"text-editor.default\">\n\t\t\t\t<div class=\"elementor-widget-container\">\n\t\t\t<style>\/*! elementor - v3.23.0 - 05-08-2024 *\/\n.elementor-widget-text-editor.elementor-drop-cap-view-stacked .elementor-drop-cap{background-color:#69727d;color:#fff}.elementor-widget-text-editor.elementor-drop-cap-view-framed .elementor-drop-cap{color:#69727d;border:3px solid;background-color:transparent}.elementor-widget-text-editor:not(.elementor-drop-cap-view-default) .elementor-drop-cap{margin-top:8px}.elementor-widget-text-editor:not(.elementor-drop-cap-view-default) .elementor-drop-cap-letter{width:1em;height:1em}.elementor-widget-text-editor .elementor-drop-cap{float:left;text-align:center;line-height:1;font-size:50px}.elementor-widget-text-editor .elementor-drop-cap-letter{display:inline-block}<\/style>\t\t\t\t<p>Nous croyons que lorsque notre \u00e9quipe prosp\u00e8re, notre entreprise prosp\u00e8re \u00e9galement. Cette philosophie sous-tend nos possibilit\u00e9s de r\u00e9mun\u00e9ration : nous incluons un salaire de base, des primes et un ensemble complet d&rsquo;avantages sociaux pour les membres de notre \u00e9quipe \u00e0 temps plein. En nous souciant du bien-\u00eatre de notre \u00e9quipe, nous sommes en mesure d&rsquo;attirer, de retenir et de motiver les personnes dont nous avons besoin pour r\u00e9aliser notre plan strat\u00e9gique, notre mission et nos objectifs \u00e0 long terme.  <\/p>\n\t\t\t\t\t\t<\/div>\n\t\t\t\t<\/div>\n\t\t\t\t<\/div>\n\t\t\t\t\t<\/div>\n\t\t\t\t<\/div>\n\t\t<div class=\"elementor-element elementor-element-cb25a67 e-flex e-con-boxed e-con e-parent\" data-id=\"cb25a67\" data-element_type=\"container\">\n\t\t\t\t\t<div class=\"e-con-inner\">\n\t\t\t\t<div class=\"elementor-element elementor-element-b0a82ea e-n-tabs-mobile elementor-widget elementor-widget-n-tabs\" data-id=\"b0a82ea\" data-element_type=\"widget\" data-settings=\"{&quot;horizontal_scroll&quot;:&quot;disable&quot;}\" data-widget_type=\"nested-tabs.default\">\n\t\t\t\t<div class=\"elementor-widget-container\">\n\t\t\t\t\t<div class=\"e-n-tabs\" data-widget-number=\"185238250\" aria-label=\"Onglets. Ouvrez des \u00e9l\u00e9ments avec Entrer ou Espace, fermez-les avec Echape et naviguez \u00e0 l&#039;aide des touches fl\u00e9ch\u00e9es.\">\n\t\t\t<div class=\"e-n-tabs-heading\" role=\"tablist\">\n\t\t\t\t\t<button id=\"e-n-tab-title-1852382501\" class=\"e-n-tab-title\" aria-selected=\"true\" data-tab-index=\"1\" role=\"tab\" tabindex=\"0\" aria-controls=\"e-n-tab-content-1852382501\" style=\"--n-tabs-title-order: 1;\">\n\t\t\t\t\t<span class=\"e-n-tab-icon\">\n\t\t\t<svg xmlns=\"http:\/\/www.w3.org\/2000\/svg\" xmlns:xlink=\"http:\/\/www.w3.org\/1999\/xlink\" id=\"Calque_1\" x=\"0px\" y=\"0px\" viewBox=\"0 0 78 78\" style=\"enable-background:new 0 0 78 78;\" xml:space=\"preserve\"><image style=\"overflow:visible;\" width=\"78\" height=\"78\"><\/image><\/svg>\t\t\t<svg xmlns=\"http:\/\/www.w3.org\/2000\/svg\" xmlns:xlink=\"http:\/\/www.w3.org\/1999\/xlink\" id=\"Calque_1\" x=\"0px\" y=\"0px\" viewBox=\"0 0 78 78\" style=\"enable-background:new 0 0 78 78;\" xml:space=\"preserve\"><image style=\"overflow:visible;\" width=\"78\" height=\"78\"><\/image><\/svg>\t\t<\/span>\n\t\t\t\t\t<span class=\"e-n-tab-title-text\">\n\t\t\t\tSant\u00e9 et bien-\u00eatre\t\t\t<\/span>\n\t\t<\/button>\n\t\t\t\t<button id=\"e-n-tab-title-1852382502\" class=\"e-n-tab-title\" aria-selected=\"false\" data-tab-index=\"2\" role=\"tab\" tabindex=\"-1\" aria-controls=\"e-n-tab-content-1852382502\" style=\"--n-tabs-title-order: 2;\">\n\t\t\t\t\t<span class=\"e-n-tab-icon\">\n\t\t\t<svg xmlns=\"http:\/\/www.w3.org\/2000\/svg\" xmlns:xlink=\"http:\/\/www.w3.org\/1999\/xlink\" id=\"Calque_1\" x=\"0px\" y=\"0px\" viewBox=\"0 0 78 78\" style=\"enable-background:new 0 0 78 78;\" xml:space=\"preserve\"><image style=\"overflow:visible;\" width=\"78\" height=\"78\"><\/image><\/svg>\t\t\t<svg xmlns=\"http:\/\/www.w3.org\/2000\/svg\" xmlns:xlink=\"http:\/\/www.w3.org\/1999\/xlink\" id=\"Calque_1\" x=\"0px\" y=\"0px\" viewBox=\"0 0 78 78\" style=\"enable-background:new 0 0 78 78;\" xml:space=\"preserve\"><image style=\"overflow:visible;\" width=\"78\" height=\"78\"><\/image><\/svg>\t\t<\/span>\n\t\t\t\t\t<span class=\"e-n-tab-title-text\">\n\t\t\t\tBien-\u00eatre financier\t\t\t<\/span>\n\t\t<\/button>\n\t\t\t\t<button id=\"e-n-tab-title-1852382503\" class=\"e-n-tab-title\" aria-selected=\"false\" data-tab-index=\"3\" role=\"tab\" tabindex=\"-1\" aria-controls=\"e-n-tab-content-1852382503\" style=\"--n-tabs-title-order: 3;\">\n\t\t\t\t\t<span class=\"e-n-tab-icon\">\n\t\t\t<svg xmlns=\"http:\/\/www.w3.org\/2000\/svg\" xmlns:xlink=\"http:\/\/www.w3.org\/1999\/xlink\" id=\"Calque_1\" x=\"0px\" y=\"0px\" viewBox=\"0 0 78 78\" style=\"enable-background:new 0 0 78 78;\" xml:space=\"preserve\"><image style=\"overflow:visible;\" width=\"78\" height=\"78\"><\/image><\/svg>\t\t\t<svg xmlns=\"http:\/\/www.w3.org\/2000\/svg\" xmlns:xlink=\"http:\/\/www.w3.org\/1999\/xlink\" id=\"Calque_1\" x=\"0px\" y=\"0px\" viewBox=\"0 0 78 78\" style=\"enable-background:new 0 0 78 78;\" xml:space=\"preserve\"><image style=\"overflow:visible;\" width=\"78\" height=\"78\"><\/image><\/svg>\t\t<\/span>\n\t\t\t\t\t<span class=\"e-n-tab-title-text\">\n\t\t\t\tCroissance professionnelle et personnelle\t\t\t<\/span>\n\t\t<\/button>\n\t\t\t\t\t<\/div>\n\t\t\t<div class=\"e-n-tabs-content\">\n\t\t\t\t<div id=\"e-n-tab-content-1852382501\" role=\"tabpanel\" aria-labelledby=\"e-n-tab-title-1852382501\" data-tab-index=\"1\" style=\"--n-tabs-title-order: 1;\" class=\"e-active elementor-element elementor-element-b69abb9 e-con-full e-flex e-con e-child\" data-id=\"b69abb9\" data-element_type=\"container\">\n\t\t\t\t<div class=\"elementor-element elementor-element-08e91d9 elementor-widget elementor-widget-text-editor\" data-id=\"08e91d9\" data-element_type=\"widget\" data-widget_type=\"text-editor.default\">\n\t\t\t\t<div class=\"elementor-widget-container\">\n\t\t\t\t\t\t\t<p>Nous savons combien il est important pour vous et votre famille de rester en bonne sant\u00e9. C&rsquo;est pourquoi nous offrons des prestations de sant\u00e9 et de bien-\u00eatre compl\u00e8tes et comp\u00e9titives : <\/p>\n<ul class=\"list-two-col\">\n<li>Deux options d&rsquo;assurance maladie BCBSIL : PPO ET HDHP<\/li>\n<li>Assurance dentaire<\/li>\n<li>Assurance vision<\/li>\n<li>Polices d&rsquo;assurance-vie fournies par l&rsquo;entreprise<\/li>\n<li>Polices d&rsquo;assurance voyage fournies par l&rsquo;entreprise<\/li>\n<li>Allocations de remise en forme et d&rsquo;abonnement \u00e0 une salle de sport<\/li>\n<\/ul>\n\t\t\t\t\t\t<\/div>\n\t\t\t\t<\/div>\n\t\t\t\t<\/div>\n\t\t<div id=\"e-n-tab-content-1852382502\" role=\"tabpanel\" aria-labelledby=\"e-n-tab-title-1852382502\" data-tab-index=\"2\" style=\"--n-tabs-title-order: 2;\" class=\" elementor-element elementor-element-4bbb146 e-con-full e-flex e-con e-child\" data-id=\"4bbb146\" data-element_type=\"container\">\n\t\t\t\t<div class=\"elementor-element elementor-element-8bedc97 elementor-widget elementor-widget-text-editor\" data-id=\"8bedc97\" data-element_type=\"widget\" data-widget_type=\"text-editor.default\">\n\t\t\t\t<div class=\"elementor-widget-container\">\n\t\t\t\t\t\t\t<p>Nous voulons que tous nos co\u00e9quipiers prennent une retraite confortable. C&rsquo;est pourquoi nous proposons de nombreuses options de bien-\u00eatre financier pour vous aider \u00e0 atteindre vos objectifs de retraite : <\/p>\n<ul class=\"list-two-col\">\n<li>Oil-Dri propose \u00e0 <u>tous ses<\/u> collaborateurs un programme 401(k) comp\u00e9titif, assorti d&rsquo;une contrepartie de l&#8217;employeur.<\/li>\n<li>Des options avant imp\u00f4t et Roth (apr\u00e8s imp\u00f4t) sont disponibles.<\/li>\n<li>Plans d&rsquo;achat d&rsquo;actions pour les salari\u00e9s<\/li>\n<\/ul>\n\t\t\t\t\t\t<\/div>\n\t\t\t\t<\/div>\n\t\t\t\t<\/div>\n\t\t<div id=\"e-n-tab-content-1852382503\" role=\"tabpanel\" aria-labelledby=\"e-n-tab-title-1852382503\" data-tab-index=\"3\" style=\"--n-tabs-title-order: 3;\" class=\" elementor-element elementor-element-26afc1a e-con-full e-flex e-con e-child\" data-id=\"26afc1a\" data-element_type=\"container\">\n\t\t\t\t<div class=\"elementor-element elementor-element-e804c9f elementor-widget elementor-widget-text-editor\" data-id=\"e804c9f\" data-element_type=\"widget\" data-widget_type=\"text-editor.default\">\n\t\t\t\t<div class=\"elementor-widget-container\">\n\t\t\t\t\t\t\t<p>Notre objectif est de permettre \u00e0 notre \u00e9quipe de trouver facilement un \u00e9quilibre entre vie professionnelle et vie priv\u00e9e. C&rsquo;est pourquoi nous offrons des vacances pay\u00e9es, des cong\u00e9s mobiles, des cong\u00e9s pay\u00e9s, des cong\u00e9s de maladie\/personnels, des horaires d&rsquo;\u00e9t\u00e9, des codes vestimentaires flexibles et bien d&rsquo;autres choses encore. <\/p>\n<ul class=\"list-two-col\">\n<li>Comptes d&rsquo;\u00e9pargne sant\u00e9 financ\u00e9s par l&#8217;employeur<\/li>\n<li>Comptes de d\u00e9penses flexibles<\/li>\n<li>Outils de formation et de d\u00e9veloppement en ligne<\/li>\n<li>Remboursement des frais de scolarit\u00e9<\/li>\n<\/ul>\n\t\t\t\t\t\t<\/div>\n\t\t\t\t<\/div>\n\t\t\t\t<\/div>\n\t\t\t\t\t<\/div>\n\t\t<\/div>\n\t\t\t\t<\/div>\n\t\t\t\t<\/div>\n\t\t\t\t\t<\/div>\n\t\t\t\t<\/div>\n\t\t\t\t<\/div>\n\t\t","protected":false},"excerpt":{"rendered":"<p>Offres d&#8217;emploi Avantages L&rsquo;\u00e9quipe Culture D\u00e9partements L&rsquo;HUMAIN D&rsquo;ABORD Nous croyons que lorsque notre \u00e9quipe prosp\u00e8re, notre entreprise prosp\u00e8re \u00e9galement. Cette philosophie sous-tend nos possibilit\u00e9s de r\u00e9mun\u00e9ration : nous incluons un salaire de base, des primes et un ensemble complet d&rsquo;avantages sociaux pour les membres de notre \u00e9quipe \u00e0 temps plein. En nous souciant du bien-\u00eatre [&hellip;]<\/p>\n","protected":false},"author":3,"featured_media":0,"parent":15111,"menu_order":0,"comment_status":"closed","ping_status":"closed","template":"","meta":{"_acf_changed":false,"footnotes":""},"class_list":["post-15175","page","type-page","status-publish","hentry"],"acf":[],"_links":{"self":[{"href":"https:\/\/oildri.ca\/fr\/wp-json\/wp\/v2\/pages\/15175","targetHints":{"allow":["GET"]}}],"collection":[{"href":"https:\/\/oildri.ca\/fr\/wp-json\/wp\/v2\/pages"}],"about":[{"href":"https:\/\/oildri.ca\/fr\/wp-json\/wp\/v2\/types\/page"}],"author":[{"embeddable":true,"href":"https:\/\/oildri.ca\/fr\/wp-json\/wp\/v2\/users\/3"}],"replies":[{"embeddable":true,"href":"https:\/\/oildri.ca\/fr\/wp-json\/wp\/v2\/comments?post=15175"}],"version-history":[{"count":1,"href":"https:\/\/oildri.ca\/fr\/wp-json\/wp\/v2\/pages\/15175\/revisions"}],"predecessor-version":[{"id":15183,"href":"https:\/\/oildri.ca\/fr\/wp-json\/wp\/v2\/pages\/15175\/revisions\/15183"}],"up":[{"embeddable":true,"href":"https:\/\/oildri.ca\/fr\/wp-json\/wp\/v2\/pages\/15111"}],"wp:attachment":[{"href":"https:\/\/oildri.ca\/fr\/wp-json\/wp\/v2\/media?parent=15175"}],"curies":[{"name":"wp","href":"https:\/\/api.w.org\/{rel}","templated":true}]}}