{"id":15163,"date":"2024-09-30T18:27:59","date_gmt":"2024-09-30T18:27:59","guid":{"rendered":"https:\/\/oildri.ca\/carrieres\/appliquer\/"},"modified":"2024-11-07T17:26:20","modified_gmt":"2024-11-07T17:26:20","slug":"appliquer","status":"publish","type":"page","link":"https:\/\/oildri.ca\/fr\/carrieres\/appliquer\/","title":{"rendered":"Appliquer"},"content":{"rendered":"\t\t<div data-elementor-type=\"wp-page\" data-elementor-id=\"15163\" class=\"elementor elementor-15163 elementor-10715\" data-elementor-post-type=\"page\">\n\t\t\t\t<div class=\"elementor-element elementor-element-dd5ac7e e-flex e-con-boxed e-con e-parent\" data-id=\"dd5ac7e\" data-element_type=\"container\" data-settings=\"{&quot;background_background&quot;:&quot;classic&quot;}\">\n\t\t\t\t\t<div class=\"e-con-inner\">\n\t\t\t\t\t<\/div>\n\t\t\t\t<\/div>\n\t\t<div class=\"elementor-element elementor-element-b9320c7 e-flex e-con-boxed e-con e-parent\" data-id=\"b9320c7\" data-element_type=\"container\" data-settings=\"{&quot;background_background&quot;:&quot;classic&quot;}\">\n\t\t\t\t\t<div class=\"e-con-inner\">\n\t\t\t\t\t<\/div>\n\t\t\t\t<\/div>\n\t\t<div class=\"elementor-element elementor-element-2a64681 e-flex e-con-boxed e-con e-parent\" data-id=\"2a64681\" data-element_type=\"container\">\n\t\t\t\t\t<div class=\"e-con-inner\">\n\t\t<div class=\"elementor-element elementor-element-f0a14b2 e-con-full e-flex e-con e-child\" data-id=\"f0a14b2\" data-element_type=\"container\">\n\t\t\t\t<div class=\"elementor-element elementor-element-2b47f5e elementor-position-top elementor-widget elementor-widget-image-box\" data-id=\"2b47f5e\" data-element_type=\"widget\" data-widget_type=\"image-box.default\">\n\t\t\t\t<div class=\"elementor-widget-container\">\n\t\t\t<style>\/*! elementor - v3.23.0 - 05-08-2024 *\/\n.elementor-widget-image-box .elementor-image-box-content{width:100%}@media (min-width:768px){.elementor-widget-image-box.elementor-position-left .elementor-image-box-wrapper,.elementor-widget-image-box.elementor-position-right .elementor-image-box-wrapper{display:flex}.elementor-widget-image-box.elementor-position-right .elementor-image-box-wrapper{text-align:end;flex-direction:row-reverse}.elementor-widget-image-box.elementor-position-left .elementor-image-box-wrapper{text-align:start;flex-direction:row}.elementor-widget-image-box.elementor-position-top .elementor-image-box-img{margin:auto}.elementor-widget-image-box.elementor-vertical-align-top .elementor-image-box-wrapper{align-items:flex-start}.elementor-widget-image-box.elementor-vertical-align-middle .elementor-image-box-wrapper{align-items:center}.elementor-widget-image-box.elementor-vertical-align-bottom .elementor-image-box-wrapper{align-items:flex-end}}@media (max-width:767px){.elementor-widget-image-box .elementor-image-box-img{margin-left:auto!important;margin-right:auto!important;margin-bottom:15px}}.elementor-widget-image-box .elementor-image-box-img{display:inline-block}.elementor-widget-image-box .elementor-image-box-title a{color:inherit}.elementor-widget-image-box .elementor-image-box-wrapper{text-align:center}.elementor-widget-image-box .elementor-image-box-description{margin:0}<\/style><div class=\"elementor-image-box-wrapper\"><figure class=\"elementor-image-box-img\"><a href=\"https:\/\/www.oildri.ca\/careers\/apply\/\" tabindex=\"-1\"><img decoding=\"async\" width=\"55\" height=\"55\" src=\"https:\/\/oildri.ca\/wp-content\/uploads\/2024\/09\/explore-careers-hover.png\" class=\"attachment-full size-full wp-image-11207\" alt=\"\" \/><\/a><\/figure><div class=\"elementor-image-box-content\"><h3 class=\"elementor-image-box-title\"><a href=\"https:\/\/www.oildri.ca\/careers\/apply\/\">Offres d'emploi<\/a><\/h3><\/div><\/div>\t\t<\/div>\n\t\t\t\t<\/div>\n\t\t\t\t<div class=\"elementor-element elementor-element-a2f562f elementor-position-top elementor-widget elementor-widget-image-box\" data-id=\"a2f562f\" data-element_type=\"widget\" data-widget_type=\"image-box.default\">\n\t\t\t\t<div class=\"elementor-widget-container\">\n\t\t\t<div class=\"elementor-image-box-wrapper\"><figure class=\"elementor-image-box-img\"><a href=\"https:\/\/www.oildri.ca\/careers\/benefits\/\" tabindex=\"-1\"><img decoding=\"async\" width=\"55\" height=\"55\" src=\"https:\/\/oildri.ca\/wp-content\/uploads\/2024\/09\/compensation.png\" class=\"attachment-full size-full wp-image-9891\" alt=\"\" \/><\/a><\/figure><div class=\"elementor-image-box-content\"><h3 class=\"elementor-image-box-title\"><a href=\"https:\/\/www.oildri.ca\/careers\/benefits\/\">Avantages<\/a><\/h3><\/div><\/div>\t\t<\/div>\n\t\t\t\t<\/div>\n\t\t\t\t<div class=\"elementor-element elementor-element-6c498dc elementor-position-top elementor-widget elementor-widget-image-box\" data-id=\"6c498dc\" data-element_type=\"widget\" data-widget_type=\"image-box.default\">\n\t\t\t\t<div class=\"elementor-widget-container\">\n\t\t\t<div class=\"elementor-image-box-wrapper\"><figure class=\"elementor-image-box-img\"><a href=\"https:\/\/www.oildri.ca\/careers\/team\/\" tabindex=\"-1\"><img decoding=\"async\" width=\"55\" height=\"55\" src=\"https:\/\/oildri.ca\/wp-content\/uploads\/2024\/09\/meet-team.png\" class=\"attachment-full size-full wp-image-9919\" alt=\"\" \/><\/a><\/figure><div class=\"elementor-image-box-content\"><h3 class=\"elementor-image-box-title\"><a href=\"https:\/\/www.oildri.ca\/careers\/team\/\">L'\u00e9quipe<\/a><\/h3><\/div><\/div>\t\t<\/div>\n\t\t\t\t<\/div>\n\t\t\t\t<div class=\"elementor-element elementor-element-4ed2090 elementor-position-top elementor-widget elementor-widget-image-box\" data-id=\"4ed2090\" data-element_type=\"widget\" data-widget_type=\"image-box.default\">\n\t\t\t\t<div class=\"elementor-widget-container\">\n\t\t\t<div class=\"elementor-image-box-wrapper\"><figure class=\"elementor-image-box-img\"><a href=\"https:\/\/www.oildri.ca\/careers\/culture\/\" tabindex=\"-1\"><img loading=\"lazy\" decoding=\"async\" width=\"55\" height=\"55\" src=\"https:\/\/oildri.ca\/wp-content\/uploads\/2024\/09\/culture-community.png\" class=\"attachment-full size-full wp-image-9923\" alt=\"\" \/><\/a><\/figure><div class=\"elementor-image-box-content\"><h3 class=\"elementor-image-box-title\"><a href=\"https:\/\/www.oildri.ca\/careers\/culture\/\">Culture<\/a><\/h3><\/div><\/div>\t\t<\/div>\n\t\t\t\t<\/div>\n\t\t\t\t<div class=\"elementor-element elementor-element-792f2eb elementor-position-top elementor-widget elementor-widget-image-box\" data-id=\"792f2eb\" data-element_type=\"widget\" data-widget_type=\"image-box.default\">\n\t\t\t\t<div class=\"elementor-widget-container\">\n\t\t\t<div class=\"elementor-image-box-wrapper\"><figure class=\"elementor-image-box-img\"><a href=\"https:\/\/www.oildri.com\/careers\/departments\/\" tabindex=\"-1\"><img loading=\"lazy\" decoding=\"async\" width=\"55\" height=\"55\" src=\"https:\/\/oildri.ca\/wp-content\/uploads\/2024\/09\/awards.png\" class=\"attachment-full size-full wp-image-9927\" alt=\"\" \/><\/a><\/figure><div class=\"elementor-image-box-content\"><h3 class=\"elementor-image-box-title\"><a href=\"https:\/\/www.oildri.com\/careers\/departments\/\">D\u00e9partements<\/a><\/h3><\/div><\/div>\t\t<\/div>\n\t\t\t\t<\/div>\n\t\t\t\t<\/div>\n\t\t<div class=\"elementor-element elementor-element-343af60 e-con-full e-flex e-con e-child\" data-id=\"343af60\" data-element_type=\"container\">\n\t\t\t\t<div class=\"elementor-element elementor-element-6d675c4 elementor-widget elementor-widget-heading\" data-id=\"6d675c4\" data-element_type=\"widget\" data-widget_type=\"heading.default\">\n\t\t\t\t<div class=\"elementor-widget-container\">\n\t\t\t<style>\/*! elementor - v3.23.0 - 05-08-2024 *\/\n.elementor-heading-title{padding:0;margin:0;line-height:1}.elementor-widget-heading .elementor-heading-title[class*=elementor-size-]>a{color:inherit;font-size:inherit;line-height:inherit}.elementor-widget-heading .elementor-heading-title.elementor-size-small{font-size:15px}.elementor-widget-heading .elementor-heading-title.elementor-size-medium{font-size:19px}.elementor-widget-heading .elementor-heading-title.elementor-size-large{font-size:29px}.elementor-widget-heading .elementor-heading-title.elementor-size-xl{font-size:39px}.elementor-widget-heading .elementor-heading-title.elementor-size-xxl{font-size:59px}<\/style><h2 class=\"elementor-heading-title elementor-size-default\">REJOIGNEZ NOTRE \u00c9QUIPE<\/h2>\t\t<\/div>\n\t\t\t\t<\/div>\n\t\t\t\t<div class=\"elementor-element elementor-element-a9aa39e elementor-widget elementor-widget-text-editor\" data-id=\"a9aa39e\" data-element_type=\"widget\" data-widget_type=\"text-editor.default\">\n\t\t\t\t<div class=\"elementor-widget-container\">\n\t\t\t<style>\/*! elementor - v3.23.0 - 05-08-2024 *\/\n.elementor-widget-text-editor.elementor-drop-cap-view-stacked .elementor-drop-cap{background-color:#69727d;color:#fff}.elementor-widget-text-editor.elementor-drop-cap-view-framed .elementor-drop-cap{color:#69727d;border:3px solid;background-color:transparent}.elementor-widget-text-editor:not(.elementor-drop-cap-view-default) .elementor-drop-cap{margin-top:8px}.elementor-widget-text-editor:not(.elementor-drop-cap-view-default) .elementor-drop-cap-letter{width:1em;height:1em}.elementor-widget-text-editor .elementor-drop-cap{float:left;text-align:center;line-height:1;font-size:50px}.elementor-widget-text-editor .elementor-drop-cap-letter{display:inline-block}<\/style>\t\t\t\t<p>L&rsquo;atout le plus important dont nous disposons est notre personnel, et nous nous engageons \u00e0 attirer et \u00e0 conserver des talents de grande qualit\u00e9. En tant qu&#8217;employeur souscrivant au principe de l&rsquo;\u00e9galit\u00e9 des chances, chacun peut jouer un r\u00f4le essentiel dans la r\u00e9alisation de nos objectifs et participer au succ\u00e8s de notre entreprise. Notre si\u00e8ge social \u00e0 Chicago, notre centre d&rsquo;innovation \u00e0 Vernon Hills, dans l&rsquo;Illinois, et nos installations nationales de traitement de l&rsquo;argile et des produits non argileux, de vente et de service \u00e0 la client\u00e8le en Californie, en G\u00e9orgie, dans l&rsquo;Illinois, dans le Mississippi et dans d&rsquo;autres endroits dans le monde, vous offrent de nombreuses possibilit\u00e9s de laisser votre marque chez Oil-Dri. Nous sommes toujours \u00e0 la recherche de collaborateurs passionn\u00e9s, d\u00e9vou\u00e9s et qualifi\u00e9s. D\u00e9couvrez les opportunit\u00e9s actuelles chez Oil-Dri en explorant la base de donn\u00e9es ci-dessous.    <\/p>\n<\/p>\n<p><iframe src=\"https:\/\/dayforcehcm.com\/CandidatePortal\/en-US\/odc\/Site\/CANDIDATEPORTAL\" width=\"100%\" height=\"500px\"><\/iframe><\/p>\n\t\t\t\t\t\t<\/div>\n\t\t\t\t<\/div>\n\t\t\t\t<\/div>\n\t\t\t\t\t<\/div>\n\t\t\t\t<\/div>\n\t\t\t\t<\/div>\n\t\t","protected":false},"excerpt":{"rendered":"<p>Offres d&#8217;emploi Avantages L&rsquo;\u00e9quipe Culture D\u00e9partements REJOIGNEZ NOTRE \u00c9QUIPE L&rsquo;atout le plus important dont nous disposons est notre personnel, et nous nous engageons \u00e0 attirer et \u00e0 conserver des talents de grande qualit\u00e9. En tant qu&#8217;employeur souscrivant au principe de l&rsquo;\u00e9galit\u00e9 des chances, chacun peut jouer un r\u00f4le essentiel dans la r\u00e9alisation de nos objectifs [&hellip;]<\/p>\n","protected":false},"author":3,"featured_media":0,"parent":15111,"menu_order":0,"comment_status":"closed","ping_status":"closed","template":"","meta":{"_acf_changed":false,"footnotes":""},"class_list":["post-15163","page","type-page","status-publish","hentry"],"acf":[],"_links":{"self":[{"href":"https:\/\/oildri.ca\/fr\/wp-json\/wp\/v2\/pages\/15163","targetHints":{"allow":["GET"]}}],"collection":[{"href":"https:\/\/oildri.ca\/fr\/wp-json\/wp\/v2\/pages"}],"about":[{"href":"https:\/\/oildri.ca\/fr\/wp-json\/wp\/v2\/types\/page"}],"author":[{"embeddable":true,"href":"https:\/\/oildri.ca\/fr\/wp-json\/wp\/v2\/users\/3"}],"replies":[{"embeddable":true,"href":"https:\/\/oildri.ca\/fr\/wp-json\/wp\/v2\/comments?post=15163"}],"version-history":[{"count":1,"href":"https:\/\/oildri.ca\/fr\/wp-json\/wp\/v2\/pages\/15163\/revisions"}],"predecessor-version":[{"id":15171,"href":"https:\/\/oildri.ca\/fr\/wp-json\/wp\/v2\/pages\/15163\/revisions\/15171"}],"up":[{"embeddable":true,"href":"https:\/\/oildri.ca\/fr\/wp-json\/wp\/v2\/pages\/15111"}],"wp:attachment":[{"href":"https:\/\/oildri.ca\/fr\/wp-json\/wp\/v2\/media?parent=15163"}],"curies":[{"name":"wp","href":"https:\/\/api.w.org\/{rel}","templated":true}]}}