{"id":15031,"date":"2024-09-05T16:35:38","date_gmt":"2024-09-05T16:35:38","guid":{"rendered":"https:\/\/oildri.ca\/a-propos\/qualite\/"},"modified":"2024-11-07T17:25:31","modified_gmt":"2024-11-07T17:25:31","slug":"qualite","status":"publish","type":"page","link":"https:\/\/oildri.ca\/fr\/a-propos\/qualite\/","title":{"rendered":"Qualit\u00e9"},"content":{"rendered":"\t\t<div data-elementor-type=\"wp-page\" data-elementor-id=\"15031\" class=\"elementor elementor-15031 elementor-2275\" data-elementor-post-type=\"page\">\n\t\t\t\t<div class=\"elementor-element elementor-element-9fbcd14 e-flex e-con-boxed e-con e-parent\" data-id=\"9fbcd14\" data-element_type=\"container\" data-settings=\"{&quot;background_background&quot;:&quot;classic&quot;}\">\n\t\t\t\t\t<div class=\"e-con-inner\">\n\t\t\t\t\t<\/div>\n\t\t\t\t<\/div>\n\t\t<div class=\"elementor-element elementor-element-4556cd0 e-flex e-con-boxed e-con e-parent\" data-id=\"4556cd0\" data-element_type=\"container\" data-settings=\"{&quot;background_background&quot;:&quot;classic&quot;}\">\n\t\t\t\t\t<div class=\"e-con-inner\">\n\t\t\t\t\t<\/div>\n\t\t\t\t<\/div>\n\t\t<div class=\"elementor-element elementor-element-4b73ed1 e-flex e-con-boxed e-con e-parent\" data-id=\"4b73ed1\" data-element_type=\"container\" data-settings=\"{&quot;background_background&quot;:&quot;classic&quot;}\">\n\t\t\t\t\t<div class=\"e-con-inner\">\n\t\t<div class=\"elementor-element elementor-element-dc7b6e7 e-con-full e-flex e-con e-child\" data-id=\"dc7b6e7\" data-element_type=\"container\">\n\t\t\t\t<div class=\"elementor-element elementor-element-730661c elementor-widget__width-initial elementor-widget elementor-widget-text-editor\" data-id=\"730661c\" data-element_type=\"widget\" data-widget_type=\"text-editor.default\">\n\t\t\t\t<div class=\"elementor-widget-container\">\n\t\t\t<style>\/*! elementor - v3.23.0 - 05-08-2024 *\/\n.elementor-widget-text-editor.elementor-drop-cap-view-stacked .elementor-drop-cap{background-color:#69727d;color:#fff}.elementor-widget-text-editor.elementor-drop-cap-view-framed .elementor-drop-cap{color:#69727d;border:3px solid;background-color:transparent}.elementor-widget-text-editor:not(.elementor-drop-cap-view-default) .elementor-drop-cap{margin-top:8px}.elementor-widget-text-editor:not(.elementor-drop-cap-view-default) .elementor-drop-cap-letter{width:1em;height:1em}.elementor-widget-text-editor .elementor-drop-cap{float:left;text-align:center;line-height:1;font-size:50px}.elementor-widget-text-editor .elementor-drop-cap-letter{display:inline-block}<\/style>\t\t\t\t<p>La s\u00e9curit\u00e9 et l&rsquo;efficacit\u00e9 de nos produits et de nos processus de fabrication sont d&rsquo;une importance capitale pour Oil-Dri. Notre \u00e9quipe charg\u00e9e de la conformit\u00e9 r\u00e9glementaire veille \u00e0 ce que nous respections toutes les r\u00e8gles et r\u00e9glementations en vigueur dans les pays o\u00f9 nos produits sont vendus. Nos pratiques commerciales et nos rapports publi\u00e9s garantissent \u00e0 nos clients qu&rsquo;ils ach\u00e8tent des produits s\u00fbrs et de haute qualit\u00e9. Consultez la <a href=\"https:\/\/oildri.ca\/wp-content\/uploads\/2024\/09\/Corporate-Quality-Policy-Objectives-external-format.pdf\" target=\"_blank\" rel=\"noopener\">POLITIQUE DE QUALIT\u00c9<\/a> ici.   <\/p>\n\t\t\t\t\t\t<\/div>\n\t\t\t\t<\/div>\n\t\t\t\t<\/div>\n\t\t\t\t\t<\/div>\n\t\t\t\t<\/div>\n\t\t<div class=\"elementor-element elementor-element-2bdf740 e-con-full e-flex e-con e-parent\" data-id=\"2bdf740\" data-element_type=\"container\">\n\t\t<div class=\"elementor-element elementor-element-4509a3f e-con-full e-flex e-con e-child\" data-id=\"4509a3f\" data-element_type=\"container\" data-settings=\"{&quot;background_background&quot;:&quot;classic&quot;}\">\n\t\t\t\t<\/div>\n\t\t<div class=\"elementor-element elementor-element-cde044a e-con-full e-flex e-con e-child\" data-id=\"cde044a\" data-element_type=\"container\">\n\t\t<div class=\"elementor-element elementor-element-8f238ee e-con-full e-flex e-con e-child\" data-id=\"8f238ee\" data-element_type=\"container\">\n\t\t\t\t<div class=\"elementor-element elementor-element-5a57697 elementor-widget elementor-widget-heading\" data-id=\"5a57697\" data-element_type=\"widget\" data-widget_type=\"heading.default\">\n\t\t\t\t<div class=\"elementor-widget-container\">\n\t\t\t<style>\/*! elementor - v3.23.0 - 05-08-2024 *\/\n.elementor-heading-title{padding:0;margin:0;line-height:1}.elementor-widget-heading .elementor-heading-title[class*=elementor-size-]>a{color:inherit;font-size:inherit;line-height:inherit}.elementor-widget-heading .elementor-heading-title.elementor-size-small{font-size:15px}.elementor-widget-heading .elementor-heading-title.elementor-size-medium{font-size:19px}.elementor-widget-heading .elementor-heading-title.elementor-size-large{font-size:29px}.elementor-widget-heading .elementor-heading-title.elementor-size-xl{font-size:39px}.elementor-widget-heading .elementor-heading-title.elementor-size-xxl{font-size:59px}<\/style><h2 class=\"elementor-heading-title elementor-size-default\">Norme ISO-9001<\/h2>\t\t<\/div>\n\t\t\t\t<\/div>\n\t\t\t\t<div class=\"elementor-element elementor-element-4cc2264 elementor-widget elementor-widget-text-editor\" data-id=\"4cc2264\" data-element_type=\"widget\" data-widget_type=\"text-editor.default\">\n\t\t\t\t<div class=\"elementor-widget-container\">\n\t\t\t\t\t\t\t<p>Cette norme fournit un cadre pour la gestion des op\u00e9rations commerciales et l&rsquo;am\u00e9lioration continue de tous les aspects de notre organisation. Nos syst\u00e8mes de gestion de la qualit\u00e9 certifi\u00e9s ISO-9001 dans nos \u00e9tablissements de sant\u00e9 animale maximisent l&rsquo;efficacit\u00e9 et l&rsquo;efficience en am\u00e9liorant nos syst\u00e8mes, nos processus, nos produits et nos services. Ils garantissent \u00e9galement une satisfaction durable des clients en am\u00e9liorant notre service technique et nos fonctions de soutien afin de mieux r\u00e9pondre aux besoins de nos clients.  <\/p>\n\t\t\t\t\t\t<\/div>\n\t\t\t\t<\/div>\n\t\t\t\t<\/div>\n\t\t\t\t<\/div>\n\t\t\t\t<\/div>\n\t\t<div class=\"elementor-element elementor-element-93d5249 e-con-full e-flex e-con e-parent\" data-id=\"93d5249\" data-element_type=\"container\">\n\t\t<div class=\"elementor-element elementor-element-f1b0f53 e-con-full e-flex e-con e-child\" data-id=\"f1b0f53\" data-element_type=\"container\">\n\t\t<div class=\"elementor-element elementor-element-811823c e-con-full e-flex e-con e-child\" data-id=\"811823c\" data-element_type=\"container\">\n\t\t\t\t<div class=\"elementor-element elementor-element-6e794a3 elementor-widget elementor-widget-heading\" data-id=\"6e794a3\" data-element_type=\"widget\" data-widget_type=\"heading.default\">\n\t\t\t\t<div class=\"elementor-widget-container\">\n\t\t\t<h2 class=\"elementor-heading-title elementor-size-default\">R\u00c8GLEMENT (CE) N\u00b0 178\/2002<\/h2>\t\t<\/div>\n\t\t\t\t<\/div>\n\t\t\t\t<div class=\"elementor-element elementor-element-840fc4d elementor-widget elementor-widget-text-editor\" data-id=\"840fc4d\" data-element_type=\"widget\" data-widget_type=\"text-editor.default\">\n\t\t\t\t<div class=\"elementor-widget-container\">\n\t\t\t\t\t\t\t<p>Oil-Dri respecte toutes les r\u00e8gles et r\u00e9glementations pertinentes et applicables en mati\u00e8re de s\u00e9curit\u00e9 des denr\u00e9es alimentaires et des aliments pour animaux, telles que d\u00e9finies par l&rsquo;Autorit\u00e9 europ\u00e9enne de s\u00e9curit\u00e9 des aliments (EFSA) et la Food and Drug Administration (FDA) des \u00c9tats-Unis. Le respect de ces r\u00e9glementations permet de garantir la s\u00e9curit\u00e9 de nos produits pour les humains et les animaux. <\/p>\n\t\t\t\t\t\t<\/div>\n\t\t\t\t<\/div>\n\t\t\t\t<\/div>\n\t\t\t\t<\/div>\n\t\t<div class=\"elementor-element elementor-element-6139811 e-con-full e-flex e-con e-child\" data-id=\"6139811\" data-element_type=\"container\" data-settings=\"{&quot;background_background&quot;:&quot;classic&quot;}\">\n\t\t\t\t<\/div>\n\t\t\t\t<\/div>\n\t\t<div class=\"elementor-element elementor-element-5690919 e-con-full e-flex e-con e-parent\" data-id=\"5690919\" data-element_type=\"container\">\n\t\t<div class=\"elementor-element elementor-element-9de7363 e-con-full e-flex e-con e-child\" data-id=\"9de7363\" data-element_type=\"container\" data-settings=\"{&quot;background_background&quot;:&quot;classic&quot;}\">\n\t\t\t\t<\/div>\n\t\t<div class=\"elementor-element elementor-element-49bae50 e-con-full e-flex e-con e-child\" data-id=\"49bae50\" data-element_type=\"container\">\n\t\t<div class=\"elementor-element elementor-element-572e1b0 e-con-full e-flex e-con e-child\" data-id=\"572e1b0\" data-element_type=\"container\">\n\t\t\t\t<div class=\"elementor-element elementor-element-0435203 elementor-widget elementor-widget-heading\" data-id=\"0435203\" data-element_type=\"widget\" data-widget_type=\"heading.default\">\n\t\t\t\t<div class=\"elementor-widget-container\">\n\t\t\t<h2 class=\"elementor-heading-title elementor-size-default\">S\u00c9CURIT\u00c9 INTERNATIONALE DES ALIMENTS POUR ANIMAUX\/DENR\u00c9ES ALIMENTAIRES<\/h2>\t\t<\/div>\n\t\t\t\t<\/div>\n\t\t\t\t<div class=\"elementor-element elementor-element-5a5fea1 elementor-widget elementor-widget-text-editor\" data-id=\"5a5fea1\" data-element_type=\"widget\" data-widget_type=\"text-editor.default\">\n\t\t\t\t<div class=\"elementor-widget-container\">\n\t\t\t\t\t\t\t<p>Certains sites de production sont certifi\u00e9s International Safe Feed\/Safe Food. Ce programme volontaire et certifi\u00e9 de mani\u00e8re ind\u00e9pendante, con\u00e7u pour l&rsquo;industrie de l&rsquo;alimentation animale, \u00e9tablit des normes d&rsquo;excellence compl\u00e8tes qui vont au-del\u00e0 des r\u00e9glementations existantes afin de maximiser la s\u00e9curit\u00e9 des aliments pour animaux et des denr\u00e9es alimentaires. Cette certification garantit \u00e0 nos clients que nos produits sont des solutions s\u00fbres, saines et dignes de confiance pour l&rsquo;alimentation humaine et animale.  <\/p>\n\t\t\t\t\t\t<\/div>\n\t\t\t\t<\/div>\n\t\t\t\t<\/div>\n\t\t\t\t<\/div>\n\t\t\t\t<\/div>\n\t\t<div class=\"elementor-element elementor-element-6725380 e-con-full e-flex e-con e-parent\" data-id=\"6725380\" data-element_type=\"container\">\n\t\t<div class=\"elementor-element elementor-element-0cb3df0 e-con-full e-flex e-con e-child\" data-id=\"0cb3df0\" data-element_type=\"container\">\n\t\t<div class=\"elementor-element elementor-element-2c67ac8 e-con-full e-flex e-con e-child\" data-id=\"2c67ac8\" data-element_type=\"container\">\n\t\t\t\t<div class=\"elementor-element elementor-element-843c8d4 elementor-widget elementor-widget-heading\" data-id=\"843c8d4\" data-element_type=\"widget\" data-widget_type=\"heading.default\">\n\t\t\t\t<div class=\"elementor-widget-container\">\n\t\t\t<h2 class=\"elementor-heading-title elementor-size-default\">CERTIFICATION HACCP<\/h2>\t\t<\/div>\n\t\t\t\t<\/div>\n\t\t\t\t<div class=\"elementor-element elementor-element-b831062 elementor-widget elementor-widget-text-editor\" data-id=\"b831062\" data-element_type=\"widget\" data-widget_type=\"text-editor.default\">\n\t\t\t\t<div class=\"elementor-widget-container\">\n\t\t\t\t\t\t\t<p>Un contr\u00f4le efficace de l&rsquo;hygi\u00e8ne est essentiel pour \u00e9viter les cons\u00e9quences n\u00e9fastes pour la sant\u00e9 humaine et l&rsquo;\u00e9conomie des maladies d&rsquo;origine alimentaire et de la d\u00e9t\u00e9rioration des aliments. Oil-Dri utilise des contr\u00f4les d&rsquo;hygi\u00e8ne modernes qui suivent les r\u00e9glementations HACCP \u00e0 chaque \u00e9tape de la production. Le syst\u00e8me HACCP utilis\u00e9 dans notre processus de fabrication est certifi\u00e9 par NSF International, un organisme de certification ind\u00e9pendant.  <\/p>\n\t\t\t\t\t\t<\/div>\n\t\t\t\t<\/div>\n\t\t\t\t<\/div>\n\t\t\t\t<\/div>\n\t\t<div class=\"elementor-element elementor-element-64f578b e-con-full e-flex e-con e-child\" data-id=\"64f578b\" data-element_type=\"container\" data-settings=\"{&quot;background_background&quot;:&quot;classic&quot;}\">\n\t\t\t\t<\/div>\n\t\t\t\t<\/div>\n\t\t<div class=\"elementor-element elementor-element-9ff60b0 e-con-full e-flex e-con e-parent\" data-id=\"9ff60b0\" data-element_type=\"container\">\n\t\t<div class=\"elementor-element elementor-element-3d7604f e-con-full e-flex e-con e-child\" data-id=\"3d7604f\" data-element_type=\"container\" data-settings=\"{&quot;background_background&quot;:&quot;classic&quot;}\">\n\t\t\t\t<\/div>\n\t\t<div class=\"elementor-element elementor-element-3072632 e-con-full e-flex e-con e-child\" data-id=\"3072632\" data-element_type=\"container\">\n\t\t<div class=\"elementor-element elementor-element-9a60652 e-con-full e-flex e-con e-child\" data-id=\"9a60652\" data-element_type=\"container\">\n\t\t\t\t<div class=\"elementor-element elementor-element-0c132f4 elementor-widget elementor-widget-heading\" data-id=\"0c132f4\" data-element_type=\"widget\" data-widget_type=\"heading.default\">\n\t\t\t\t<div class=\"elementor-widget-container\">\n\t\t\t<h2 class=\"elementor-heading-title elementor-size-default\">TRA\u00c7ABILIT\u00c9 DES INGR\u00c9DIENTS<\/h2>\t\t<\/div>\n\t\t\t\t<\/div>\n\t\t\t\t<div class=\"elementor-element elementor-element-cbd20ab elementor-widget elementor-widget-text-editor\" data-id=\"cbd20ab\" data-element_type=\"widget\" data-widget_type=\"text-editor.default\">\n\t\t\t\t<div class=\"elementor-widget-container\">\n\t\t\t\t\t\t\t<p>Oil-Dri a mis en place des proc\u00e9dures compl\u00e8tes qui nous permettent de suivre et d&rsquo;identifier tout pathog\u00e8ne ind\u00e9sirable dans nos produits alimentaires et nos aliments pour animaux. Nous d\u00e9ployons des syst\u00e8mes internes qui permettent de tracer les produits depuis la ferme jusqu&rsquo;\u00e0 leur origine. <\/p>\n\t\t\t\t\t\t<\/div>\n\t\t\t\t<\/div>\n\t\t\t\t<\/div>\n\t\t\t\t<\/div>\n\t\t\t\t<\/div>\n\t\t<div class=\"elementor-element elementor-element-ad5e8ef e-con-full e-flex e-con e-parent\" data-id=\"ad5e8ef\" data-element_type=\"container\">\n\t\t<div class=\"elementor-element elementor-element-38f7d64 e-con-full e-flex e-con e-child\" data-id=\"38f7d64\" data-element_type=\"container\">\n\t\t<div class=\"elementor-element elementor-element-a8c3a27 e-con-full e-flex e-con e-child\" data-id=\"a8c3a27\" data-element_type=\"container\">\n\t\t\t\t<div class=\"elementor-element elementor-element-7b88e9d elementor-widget elementor-widget-heading\" data-id=\"7b88e9d\" data-element_type=\"widget\" data-widget_type=\"heading.default\">\n\t\t\t\t<div class=\"elementor-widget-container\">\n\t\t\t<h2 class=\"elementor-heading-title elementor-size-default\">CERTIFICATION HALAL<\/h2>\t\t<\/div>\n\t\t\t\t<\/div>\n\t\t\t\t<div class=\"elementor-element elementor-element-7afd9f5 elementor-widget elementor-widget-text-editor\" data-id=\"7afd9f5\" data-element_type=\"widget\" data-widget_type=\"text-editor.default\">\n\t\t\t\t<div class=\"elementor-widget-container\">\n\t\t\t\t\t\t\t<p>Tous nos additifs pour l&rsquo;alimentation animale utilisent des ingr\u00e9dients approuv\u00e9s par les principaux organismes de r\u00e9glementation, tels que l&rsquo;AAFCO, la FDA ou l&rsquo;Union europ\u00e9enne, pour \u00eatre utilis\u00e9s dans les produits destin\u00e9s \u00e0 l&rsquo;alimentation animale. Cette pratique, associ\u00e9e \u00e0 nos processus de fabrication rigoureusement contr\u00f4l\u00e9s, contribue \u00e0 garantir la s\u00e9curit\u00e9 de l&rsquo;animal et nous met en conformit\u00e9 avec les normes applicables en mati\u00e8re d&rsquo;alimentation humaine. <\/p>\n\t\t\t\t\t\t<\/div>\n\t\t\t\t<\/div>\n\t\t\t\t<\/div>\n\t\t\t\t<\/div>\n\t\t<div class=\"elementor-element elementor-element-ae5e255 e-con-full e-flex e-con e-child\" data-id=\"ae5e255\" data-element_type=\"container\" data-settings=\"{&quot;background_background&quot;:&quot;classic&quot;}\">\n\t\t\t\t<\/div>\n\t\t\t\t<\/div>\n\t\t<div class=\"elementor-element elementor-element-6ef6151 e-con-full e-flex e-con e-parent\" data-id=\"6ef6151\" data-element_type=\"container\">\n\t\t<div class=\"elementor-element elementor-element-767fd0a e-con-full e-flex e-con e-child\" data-id=\"767fd0a\" data-element_type=\"container\" data-settings=\"{&quot;background_background&quot;:&quot;classic&quot;}\">\n\t\t\t\t<\/div>\n\t\t<div class=\"elementor-element elementor-element-17fadc1 e-con-full e-flex e-con e-child\" data-id=\"17fadc1\" data-element_type=\"container\">\n\t\t<div class=\"elementor-element elementor-element-81b29dc e-con-full e-flex e-con e-child\" data-id=\"81b29dc\" data-element_type=\"container\">\n\t\t\t\t<div class=\"elementor-element elementor-element-5b2bdb9 elementor-widget elementor-widget-heading\" data-id=\"5b2bdb9\" data-element_type=\"widget\" data-widget_type=\"heading.default\">\n\t\t\t\t<div class=\"elementor-widget-container\">\n\t\t\t<h2 class=\"elementor-heading-title elementor-size-default\">TESTS TRIMESTRIELS<\/h2>\t\t<\/div>\n\t\t\t\t<\/div>\n\t\t\t\t<div class=\"elementor-element elementor-element-8641e0b elementor-widget elementor-widget-text-editor\" data-id=\"8641e0b\" data-element_type=\"widget\" data-widget_type=\"text-editor.default\">\n\t\t\t\t<div class=\"elementor-widget-container\">\n\t\t\t\t\t\t\t<p>Oil-Dri fait appel \u00e0 des laboratoires d&rsquo;analyse ind\u00e9pendants aux \u00c9tats-Unis et dans l&rsquo;Union europ\u00e9enne pour tester ses produits et mesurer leur conformit\u00e9 aux r\u00e9glementations.<\/p>\n<p>Notre d\u00e9claration de conformit\u00e9 r\u00e9glementaire d\u00e9finit les crit\u00e8res de conformit\u00e9 et de d\u00e9claration. Elle garantit \u00e0 nos clients que nos produits r\u00e9pondent aux normes de qualit\u00e9 les plus strictes et qu&rsquo;ils sont consid\u00e9r\u00e9s comme des mati\u00e8res premi\u00e8res conformes \u00e0 la r\u00e9glementation. <\/p>\n\t\t\t\t\t\t<\/div>\n\t\t\t\t<\/div>\n\t\t\t\t<\/div>\n\t\t\t\t<\/div>\n\t\t\t\t<\/div>\n\t\t<div class=\"elementor-element elementor-element-d85c61b e-con-full e-flex e-con e-parent\" data-id=\"d85c61b\" data-element_type=\"container\">\n\t\t<div class=\"elementor-element elementor-element-4e20da2 e-con-full e-flex e-con e-child\" data-id=\"4e20da2\" data-element_type=\"container\">\n\t\t<div class=\"elementor-element elementor-element-1250f90 e-con-full e-flex e-con e-child\" data-id=\"1250f90\" data-element_type=\"container\">\n\t\t\t\t<div class=\"elementor-element elementor-element-1f37128 elementor-widget elementor-widget-heading\" data-id=\"1f37128\" data-element_type=\"widget\" data-widget_type=\"heading.default\">\n\t\t\t\t<div class=\"elementor-widget-container\">\n\t\t\t<h2 class=\"elementor-heading-title elementor-size-default\">INSTITUT D'EXAMEN DES MAT\u00c9RIAUX ORGANIQUES (OMRI)<\/h2>\t\t<\/div>\n\t\t\t\t<\/div>\n\t\t\t\t<div class=\"elementor-element elementor-element-f0c657f elementor-widget elementor-widget-text-editor\" data-id=\"f0c657f\" data-element_type=\"widget\" data-widget_type=\"text-editor.default\">\n\t\t\t\t<div class=\"elementor-widget-container\">\n\t\t\t\t\t\t\t<p>Notre objectif est de fournir des solutions naturelles et s\u00fbres qui renforcent la capacit\u00e9 inn\u00e9e du corps \u00e0 gu\u00e9rir et \u00e0 se d\u00e9velopper. C&rsquo;est pourquoi nous sommes fiers d&rsquo;apposer le sceau d&rsquo;approbation de l&rsquo;Organic Materials Review Institute (OMRI) sur un grand nombre de nos produits. L&rsquo;OMRI est une organisation internationale \u00e0 but non lucratif qui d\u00e9termine les produits d&rsquo;entr\u00e9e dont l&rsquo;utilisation est autoris\u00e9e dans le cadre de la production et de la transformation biologiques. Les produits OMRI <sup>Listed\u00ae <\/sup>sont approuv\u00e9s pour \u00eatre utilis\u00e9s dans les exploitations biologiques certifi\u00e9es dans le cadre du programme biologique national de l&rsquo;USDA.   <\/p>\n\t\t\t\t\t\t<\/div>\n\t\t\t\t<\/div>\n\t\t\t\t<\/div>\n\t\t\t\t<\/div>\n\t\t<div class=\"elementor-element elementor-element-4fa4334 e-con-full e-flex e-con e-child\" data-id=\"4fa4334\" data-element_type=\"container\" data-settings=\"{&quot;background_background&quot;:&quot;classic&quot;}\">\n\t\t\t\t<\/div>\n\t\t\t\t<\/div>\n\t\t<div class=\"elementor-element elementor-element-de047b4 e-con-full e-flex e-con e-parent\" data-id=\"de047b4\" data-element_type=\"container\">\n\t\t<div class=\"elementor-element elementor-element-6e74032 e-con-full e-flex e-con e-child\" data-id=\"6e74032\" data-element_type=\"container\" data-settings=\"{&quot;background_background&quot;:&quot;classic&quot;}\">\n\t\t\t\t<\/div>\n\t\t<div class=\"elementor-element elementor-element-0bba6d7 e-con-full e-flex e-con e-child\" data-id=\"0bba6d7\" data-element_type=\"container\">\n\t\t<div class=\"elementor-element elementor-element-02ae5cc e-con-full e-flex e-con e-child\" data-id=\"02ae5cc\" data-element_type=\"container\">\n\t\t\t\t<div class=\"elementor-element elementor-element-86d83f1 elementor-widget elementor-widget-heading\" data-id=\"86d83f1\" data-element_type=\"widget\" data-widget_type=\"heading.default\">\n\t\t\t\t<div class=\"elementor-widget-container\">\n\t\t\t<h2 class=\"elementor-heading-title elementor-size-default\">FAMI\/QS<\/h2>\t\t<\/div>\n\t\t\t\t<\/div>\n\t\t\t\t<div class=\"elementor-element elementor-element-c16d5e8 elementor-widget elementor-widget-text-editor\" data-id=\"c16d5e8\" data-element_type=\"widget\" data-widget_type=\"text-editor.default\">\n\t\t\t\t<div class=\"elementor-widget-container\">\n\t\t\t\t\t\t\t<p>FAMI\/QS est une certification cr\u00e9\u00e9e exclusivement pour les ingr\u00e9dients d&rsquo;aliments pour animaux et leurs m\u00e9langes. De nombreux pays exigent la certification FAMI\/QS pour vendre et commercialiser des ingr\u00e9dients alimentaires sp\u00e9cialis\u00e9s sur leur territoire. Oil-Dri r\u00e9pond syst\u00e9matiquement aux exigences fix\u00e9es par FAMI\/QS et a obtenu des certifications pour tous les produits concern\u00e9s et les installations de production o\u00f9 ces produits sont fabriqu\u00e9s.  <\/p>\n\t\t\t\t\t\t<\/div>\n\t\t\t\t<\/div>\n\t\t\t\t<\/div>\n\t\t\t\t<\/div>\n\t\t\t\t<\/div>\n\t\t\t\t<\/div>\n\t\t","protected":false},"excerpt":{"rendered":"<p>La s\u00e9curit\u00e9 et l&rsquo;efficacit\u00e9 de nos produits et de nos processus de fabrication sont d&rsquo;une importance capitale pour Oil-Dri. Notre \u00e9quipe charg\u00e9e de la conformit\u00e9 r\u00e9glementaire veille \u00e0 ce que nous respections toutes les r\u00e8gles et r\u00e9glementations en vigueur dans les pays o\u00f9 nos produits sont vendus. Nos pratiques commerciales et nos rapports publi\u00e9s garantissent [&hellip;]<\/p>\n","protected":false},"author":3,"featured_media":0,"parent":14103,"menu_order":0,"comment_status":"closed","ping_status":"closed","template":"","meta":{"_acf_changed":false,"footnotes":""},"class_list":["post-15031","page","type-page","status-publish","hentry"],"acf":[],"_links":{"self":[{"href":"https:\/\/oildri.ca\/fr\/wp-json\/wp\/v2\/pages\/15031","targetHints":{"allow":["GET"]}}],"collection":[{"href":"https:\/\/oildri.ca\/fr\/wp-json\/wp\/v2\/pages"}],"about":[{"href":"https:\/\/oildri.ca\/fr\/wp-json\/wp\/v2\/types\/page"}],"author":[{"embeddable":true,"href":"https:\/\/oildri.ca\/fr\/wp-json\/wp\/v2\/users\/3"}],"replies":[{"embeddable":true,"href":"https:\/\/oildri.ca\/fr\/wp-json\/wp\/v2\/comments?post=15031"}],"version-history":[{"count":1,"href":"https:\/\/oildri.ca\/fr\/wp-json\/wp\/v2\/pages\/15031\/revisions"}],"predecessor-version":[{"id":15075,"href":"https:\/\/oildri.ca\/fr\/wp-json\/wp\/v2\/pages\/15031\/revisions\/15075"}],"up":[{"embeddable":true,"href":"https:\/\/oildri.ca\/fr\/wp-json\/wp\/v2\/pages\/14103"}],"wp:attachment":[{"href":"https:\/\/oildri.ca\/fr\/wp-json\/wp\/v2\/media?parent=15031"}],"curies":[{"name":"wp","href":"https:\/\/api.w.org\/{rel}","templated":true}]}}