{"id":15003,"date":"2024-09-06T18:03:26","date_gmt":"2024-09-06T18:03:26","guid":{"rendered":"https:\/\/oildri.ca\/a-propos\/mineraux\/"},"modified":"2024-11-07T17:25:12","modified_gmt":"2024-11-07T17:25:12","slug":"mineraux","status":"publish","type":"page","link":"https:\/\/oildri.ca\/fr\/a-propos\/mineraux\/","title":{"rendered":"Min\u00e9raux"},"content":{"rendered":"\t\t<div data-elementor-type=\"wp-page\" data-elementor-id=\"15003\" class=\"elementor elementor-15003 elementor-3091\" data-elementor-post-type=\"page\">\n\t\t\t\t<div class=\"elementor-element elementor-element-1c410e4 e-flex e-con-boxed e-con e-parent\" data-id=\"1c410e4\" data-element_type=\"container\" data-settings=\"{&quot;background_background&quot;:&quot;classic&quot;}\">\n\t\t\t\t\t<div class=\"e-con-inner\">\n\t\t\t\t\t<\/div>\n\t\t\t\t<\/div>\n\t\t<div class=\"elementor-element elementor-element-28d8221 e-flex e-con-boxed e-con e-parent\" data-id=\"28d8221\" data-element_type=\"container\" data-settings=\"{&quot;background_background&quot;:&quot;classic&quot;}\">\n\t\t\t\t\t<div class=\"e-con-inner\">\n\t\t\t\t\t<\/div>\n\t\t\t\t<\/div>\n\t\t<div class=\"elementor-element elementor-element-419e6a4 e-flex e-con-boxed e-con e-parent\" data-id=\"419e6a4\" data-element_type=\"container\" data-settings=\"{&quot;background_background&quot;:&quot;classic&quot;}\">\n\t\t\t\t\t<div class=\"e-con-inner\">\n\t\t<div class=\"elementor-element elementor-element-1b8179b e-con-full e-flex e-con e-child\" data-id=\"1b8179b\" data-element_type=\"container\">\n\t\t\t\t<div class=\"elementor-element elementor-element-223e3cf elementor-widget__width-initial elementor-widget elementor-widget-text-editor\" data-id=\"223e3cf\" data-element_type=\"widget\" data-widget_type=\"text-editor.default\">\n\t\t\t\t<div class=\"elementor-widget-container\">\n\t\t\t<style>\/*! elementor - v3.23.0 - 05-08-2024 *\/\n.elementor-widget-text-editor.elementor-drop-cap-view-stacked .elementor-drop-cap{background-color:#69727d;color:#fff}.elementor-widget-text-editor.elementor-drop-cap-view-framed .elementor-drop-cap{color:#69727d;border:3px solid;background-color:transparent}.elementor-widget-text-editor:not(.elementor-drop-cap-view-default) .elementor-drop-cap{margin-top:8px}.elementor-widget-text-editor:not(.elementor-drop-cap-view-default) .elementor-drop-cap-letter{width:1em;height:1em}.elementor-widget-text-editor .elementor-drop-cap{float:left;text-align:center;line-height:1;font-size:50px}.elementor-widget-text-editor .elementor-drop-cap-letter{display:inline-block}<\/style>\t\t\t\t<p>Oil-Dri contr\u00f4le actuellement des centaines de millions de tonnes de r\u00e9serves de min\u00e9raux sp\u00e9cialis\u00e9s. Nous nous concentrons sur le traitement de trois types de min\u00e9raux uniques provenant de six sites aux \u00c9tats-Unis et au Canada. Sur la base de l&rsquo;exploration g\u00e9ologique et de la recherche sur les mat\u00e9riaux, Oil-Dri a s\u00e9lectionn\u00e9 ces six sites sp\u00e9cifiques afin d&rsquo;exploiter les propri\u00e9t\u00e9s de ces min\u00e9raux uniques.  <\/p>\n<p>Notre minerai contient principalement des min\u00e9raux aluminosilicates hydrat\u00e9s, pr\u00e9sentant une faible densit\u00e9 apparente, une surface \u00e9lev\u00e9e et une porosit\u00e9 \u00e9tendue. De telles caract\u00e9ristiques physiques conf\u00e8rent les avantages de performance polyvalents d&rsquo;une capacit\u00e9 d&rsquo;absorption \u00e9lev\u00e9e pour les fluides et de nombreux sites d&rsquo;adsorption pour lier les impuret\u00e9s. <\/p>\n\t\t\t\t\t\t<\/div>\n\t\t\t\t<\/div>\n\t\t\t\t<\/div>\n\t\t\t\t\t<\/div>\n\t\t\t\t<\/div>\n\t\t<div class=\"elementor-element elementor-element-d77a096 e-flex e-con-boxed e-con e-parent\" data-id=\"d77a096\" data-element_type=\"container\">\n\t\t\t\t\t<div class=\"e-con-inner\">\n\t\t\t\t<div class=\"elementor-element elementor-element-cc00313 e-n-tabs-mobile elementor-widget elementor-widget-n-tabs\" data-id=\"cc00313\" data-element_type=\"widget\" data-settings=\"{&quot;horizontal_scroll&quot;:&quot;disable&quot;}\" data-widget_type=\"nested-tabs.default\">\n\t\t\t\t<div class=\"elementor-widget-container\">\n\t\t\t\t\t<div class=\"e-n-tabs\" data-widget-number=\"213910291\" aria-label=\"Onglets. Ouvrez des \u00e9l\u00e9ments avec Entrer ou Espace, fermez-les avec Echape et naviguez \u00e0 l&#039;aide des touches fl\u00e9ch\u00e9es.\">\n\t\t\t<div class=\"e-n-tabs-heading\" role=\"tablist\">\n\t\t\t\t\t<button id=\"e-n-tab-title-2139102911\" class=\"e-n-tab-title\" aria-selected=\"true\" data-tab-index=\"1\" role=\"tab\" tabindex=\"0\" aria-controls=\"e-n-tab-content-2139102911\" style=\"--n-tabs-title-order: 1;\">\n\t\t\t\t\t<span class=\"e-n-tab-icon\">\n\t\t\t<svg xmlns=\"http:\/\/www.w3.org\/2000\/svg\" xmlns:xlink=\"http:\/\/www.w3.org\/1999\/xlink\" id=\"Calque_1\" x=\"0px\" y=\"0px\" viewBox=\"0 0 78 78\" style=\"enable-background:new 0 0 78 78;\" xml:space=\"preserve\"><image style=\"overflow:visible;\" width=\"78\" height=\"78\"><\/image><\/svg>\t\t\t<svg xmlns=\"http:\/\/www.w3.org\/2000\/svg\" xmlns:xlink=\"http:\/\/www.w3.org\/1999\/xlink\" id=\"Calque_1\" x=\"0px\" y=\"0px\" viewBox=\"0 0 78 78\" style=\"enable-background:new 0 0 78 78;\" xml:space=\"preserve\"><image style=\"overflow:visible;\" width=\"78\" height=\"78\"><\/image><\/svg>\t\t<\/span>\n\t\t\t\t\t<span class=\"e-n-tab-title-text\">\n\t\t\t\tBentonite de calcium\t\t\t<\/span>\n\t\t<\/button>\n\t\t\t\t<button id=\"e-n-tab-title-2139102912\" class=\"e-n-tab-title\" aria-selected=\"false\" data-tab-index=\"2\" role=\"tab\" tabindex=\"-1\" aria-controls=\"e-n-tab-content-2139102912\" style=\"--n-tabs-title-order: 2;\">\n\t\t\t\t\t<span class=\"e-n-tab-icon\">\n\t\t\t<svg xmlns=\"http:\/\/www.w3.org\/2000\/svg\" xmlns:xlink=\"http:\/\/www.w3.org\/1999\/xlink\" id=\"Calque_1\" x=\"0px\" y=\"0px\" viewBox=\"0 0 78 78\" style=\"enable-background:new 0 0 78 78;\" xml:space=\"preserve\"><image style=\"overflow:visible;\" width=\"78\" height=\"78\"><\/image><\/svg>\t\t\t<svg xmlns=\"http:\/\/www.w3.org\/2000\/svg\" xmlns:xlink=\"http:\/\/www.w3.org\/1999\/xlink\" id=\"Calque_1\" x=\"0px\" y=\"0px\" viewBox=\"0 0 78 78\" style=\"enable-background:new 0 0 78 78;\" xml:space=\"preserve\"><image style=\"overflow:visible;\" width=\"78\" height=\"78\"><\/image><\/svg>\t\t<\/span>\n\t\t\t\t\t<span class=\"e-n-tab-title-text\">\n\t\t\t\tAttapulgite\t\t\t<\/span>\n\t\t<\/button>\n\t\t\t\t<button id=\"e-n-tab-title-2139102913\" class=\"e-n-tab-title\" aria-selected=\"false\" data-tab-index=\"3\" role=\"tab\" tabindex=\"-1\" aria-controls=\"e-n-tab-content-2139102913\" style=\"--n-tabs-title-order: 3;\">\n\t\t\t\t\t<span class=\"e-n-tab-icon\">\n\t\t\t<svg xmlns=\"http:\/\/www.w3.org\/2000\/svg\" xmlns:xlink=\"http:\/\/www.w3.org\/1999\/xlink\" id=\"Calque_1\" x=\"0px\" y=\"0px\" viewBox=\"0 0 78 78\" style=\"enable-background:new 0 0 78 78;\" xml:space=\"preserve\"><image style=\"overflow:visible;\" width=\"78\" height=\"78\"><\/image><\/svg>\t\t\t<svg xmlns=\"http:\/\/www.w3.org\/2000\/svg\" xmlns:xlink=\"http:\/\/www.w3.org\/1999\/xlink\" id=\"Calque_1\" x=\"0px\" y=\"0px\" viewBox=\"0 0 78 78\" style=\"enable-background:new 0 0 78 78;\" xml:space=\"preserve\"><image style=\"overflow:visible;\" width=\"78\" height=\"78\"><\/image><\/svg>\t\t<\/span>\n\t\t\t\t\t<span class=\"e-n-tab-title-text\">\n\t\t\t\tSchiste \u00e0 diatom\u00e9es\t\t\t<\/span>\n\t\t<\/button>\n\t\t\t\t\t<\/div>\n\t\t\t<div class=\"e-n-tabs-content\">\n\t\t\t\t<div id=\"e-n-tab-content-2139102911\" role=\"tabpanel\" aria-labelledby=\"e-n-tab-title-2139102911\" data-tab-index=\"1\" style=\"--n-tabs-title-order: 1;\" class=\"e-active elementor-element elementor-element-a4a6021 e-con-full e-flex e-con e-child\" data-id=\"a4a6021\" data-element_type=\"container\">\n\t\t\t\t<div class=\"elementor-element elementor-element-701453e elementor-widget elementor-widget-text-editor\" data-id=\"701453e\" data-element_type=\"widget\" data-widget_type=\"text-editor.default\">\n\t\t\t\t<div class=\"elementor-widget-container\">\n\t\t\t\t\t\t\t<p>L&rsquo;argile bentonitique est une roche s\u00e9dimentaire qui s&rsquo;est form\u00e9e il y a des millions d&rsquo;ann\u00e9es \u00e0 partir de l&rsquo;alt\u00e9ration de s\u00e9diments siliceux d\u00e9pos\u00e9s sur de longues p\u00e9riodes g\u00e9ologiques. Un type particulier de cette argile bentonitique contient une combinaison unique de min\u00e9raux non gonflants qui sont principalement des phyllosilicates de calcium-montmorillonite et des lepisph\u00e8res amorphes d&rsquo;opaline-silice. <\/p>\n\t\t\t\t\t\t<\/div>\n\t\t\t\t<\/div>\n\t\t\t\t<div class=\"elementor-element elementor-element-cafce55 elementor-widget elementor-widget-image\" data-id=\"cafce55\" data-element_type=\"widget\" data-widget_type=\"image.default\">\n\t\t\t\t<div class=\"elementor-widget-container\">\n\t\t\t\t\t\t\t\t\t\t\t\t\t<img fetchpriority=\"high\" decoding=\"async\" width=\"800\" height=\"502\" src=\"https:\/\/oildri.ca\/wp-content\/uploads\/2024\/09\/CalciumBentonite_Map-1-e1576014548941.png\" class=\"attachment-full size-full wp-image-3295\" alt=\"\" srcset=\"https:\/\/oildri.ca\/wp-content\/uploads\/2024\/09\/CalciumBentonite_Map-1-e1576014548941.png 800w, https:\/\/oildri.ca\/wp-content\/uploads\/2024\/09\/CalciumBentonite_Map-1-e1576014548941-300x188.png 300w, https:\/\/oildri.ca\/wp-content\/uploads\/2024\/09\/CalciumBentonite_Map-1-e1576014548941-768x482.png 768w\" sizes=\"(max-width: 800px) 100vw, 800px\" \/>\t\t\t\t\t\t\t\t\t\t\t\t\t<\/div>\n\t\t\t\t<\/div>\n\t\t\t\t<\/div>\n\t\t<div id=\"e-n-tab-content-2139102912\" role=\"tabpanel\" aria-labelledby=\"e-n-tab-title-2139102912\" data-tab-index=\"2\" style=\"--n-tabs-title-order: 2;\" class=\" elementor-element elementor-element-ae074b8 e-con-full e-flex e-con e-child\" data-id=\"ae074b8\" data-element_type=\"container\">\n\t\t\t\t<div class=\"elementor-element elementor-element-806fcb1 elementor-widget elementor-widget-text-editor\" data-id=\"806fcb1\" data-element_type=\"widget\" data-widget_type=\"text-editor.default\">\n\t\t\t\t<div class=\"elementor-widget-container\">\n\t\t\t\t\t\t\t<p>L&rsquo;attapulgite, qui est un aluminosilicate hydrat\u00e9 de magn\u00e9sium et de fer, pr\u00e9sente une structure min\u00e9rale en forme d&rsquo;aiguille. Il s&rsquo;agit d&rsquo;une argile sorptive l\u00e9g\u00e8re en raison de sa grande surface et de sa porosit\u00e9 interconnect\u00e9e \u00e9tendue. Les cristaux d&rsquo;attapulgite forment la version min\u00e9ralogique du fromage suisse, o\u00f9 les vides de la structure peuvent \u00eatre remplis de liquides de tous types, ce qui permet l&rsquo;absorption de liquides et de corps color\u00e9s ind\u00e9sirables.  <\/p>\n\t\t\t\t\t\t<\/div>\n\t\t\t\t<\/div>\n\t\t\t\t<div class=\"elementor-element elementor-element-949b7b1 elementor-widget elementor-widget-image\" data-id=\"949b7b1\" data-element_type=\"widget\" data-widget_type=\"image.default\">\n\t\t\t\t<div class=\"elementor-widget-container\">\n\t\t\t\t\t\t\t\t\t\t\t\t\t<img decoding=\"async\" width=\"800\" height=\"500\" src=\"https:\/\/oildri.ca\/wp-content\/uploads\/2024\/09\/Attapulgite_Map-1-e1576014581377.png\" class=\"attachment-full size-full wp-image-3447\" alt=\"\" srcset=\"https:\/\/oildri.ca\/wp-content\/uploads\/2024\/09\/Attapulgite_Map-1-e1576014581377.png 800w, https:\/\/oildri.ca\/wp-content\/uploads\/2024\/09\/Attapulgite_Map-1-e1576014581377-300x188.png 300w, https:\/\/oildri.ca\/wp-content\/uploads\/2024\/09\/Attapulgite_Map-1-e1576014581377-768x480.png 768w\" sizes=\"(max-width: 800px) 100vw, 800px\" \/>\t\t\t\t\t\t\t\t\t\t\t\t\t<\/div>\n\t\t\t\t<\/div>\n\t\t\t\t<\/div>\n\t\t<div id=\"e-n-tab-content-2139102913\" role=\"tabpanel\" aria-labelledby=\"e-n-tab-title-2139102913\" data-tab-index=\"3\" style=\"--n-tabs-title-order: 3;\" class=\" elementor-element elementor-element-4a6eaa8 e-con-full e-flex e-con e-child\" data-id=\"4a6eaa8\" data-element_type=\"container\">\n\t\t\t\t<div class=\"elementor-element elementor-element-d716703 elementor-widget elementor-widget-text-editor\" data-id=\"d716703\" data-element_type=\"widget\" data-widget_type=\"text-editor.default\">\n\t\t\t\t<div class=\"elementor-widget-container\">\n\t\t\t\t\t\t\t<p>Le schiste \u00e0 diatom\u00e9es est une roche alt\u00e9r\u00e9e constitu\u00e9e principalement de restes fossilis\u00e9s de minuscules organismes aquatiques appel\u00e9s diatom\u00e9es, ainsi que de petites quantit\u00e9s de min\u00e9raux argileux. Pendant des millions d&rsquo;ann\u00e9es, ces petits organismes se sont accumul\u00e9s dans les s\u00e9diments des rivi\u00e8res, des fleuves, des lacs et des oc\u00e9ans, avant d&rsquo;\u00eatre profond\u00e9ment enfouis et transform\u00e9s en aluminosilicates opalins hydrat\u00e9s. Le schiste \u00e0 diatom\u00e9es est tr\u00e8s fin et poreux.  <\/p>\n\t\t\t\t\t\t<\/div>\n\t\t\t\t<\/div>\n\t\t\t\t<div class=\"elementor-element elementor-element-e7beef2 elementor-widget elementor-widget-image\" data-id=\"e7beef2\" data-element_type=\"widget\" data-widget_type=\"image.default\">\n\t\t\t\t<div class=\"elementor-widget-container\">\n\t\t\t\t\t\t\t\t\t\t\t\t\t<img decoding=\"async\" width=\"800\" height=\"500\" src=\"https:\/\/oildri.ca\/wp-content\/uploads\/2024\/09\/Shale_Map-1-e1576014652190.png\" class=\"attachment-full size-full wp-image-3451\" alt=\"\" srcset=\"https:\/\/oildri.ca\/wp-content\/uploads\/2024\/09\/Shale_Map-1-e1576014652190.png 800w, https:\/\/oildri.ca\/wp-content\/uploads\/2024\/09\/Shale_Map-1-e1576014652190-300x188.png 300w, https:\/\/oildri.ca\/wp-content\/uploads\/2024\/09\/Shale_Map-1-e1576014652190-768x480.png 768w\" sizes=\"(max-width: 800px) 100vw, 800px\" \/>\t\t\t\t\t\t\t\t\t\t\t\t\t<\/div>\n\t\t\t\t<\/div>\n\t\t\t\t<\/div>\n\t\t\t\t\t<\/div>\n\t\t<\/div>\n\t\t\t\t<\/div>\n\t\t\t\t<\/div>\n\t\t\t\t\t<\/div>\n\t\t\t\t<\/div>\n\t\t\t\t<\/div>\n\t\t","protected":false},"excerpt":{"rendered":"<p>Oil-Dri contr\u00f4le actuellement des centaines de millions de tonnes de r\u00e9serves de min\u00e9raux sp\u00e9cialis\u00e9s. Nous nous concentrons sur le traitement de trois types de min\u00e9raux uniques provenant de six sites aux \u00c9tats-Unis et au Canada. Sur la base de l&rsquo;exploration g\u00e9ologique et de la recherche sur les mat\u00e9riaux, Oil-Dri a s\u00e9lectionn\u00e9 ces six sites sp\u00e9cifiques [&hellip;]<\/p>\n","protected":false},"author":3,"featured_media":0,"parent":14103,"menu_order":0,"comment_status":"closed","ping_status":"closed","template":"","meta":{"_acf_changed":false,"footnotes":""},"class_list":["post-15003","page","type-page","status-publish","hentry"],"acf":[],"_links":{"self":[{"href":"https:\/\/oildri.ca\/fr\/wp-json\/wp\/v2\/pages\/15003","targetHints":{"allow":["GET"]}}],"collection":[{"href":"https:\/\/oildri.ca\/fr\/wp-json\/wp\/v2\/pages"}],"about":[{"href":"https:\/\/oildri.ca\/fr\/wp-json\/wp\/v2\/types\/page"}],"author":[{"embeddable":true,"href":"https:\/\/oildri.ca\/fr\/wp-json\/wp\/v2\/users\/3"}],"replies":[{"embeddable":true,"href":"https:\/\/oildri.ca\/fr\/wp-json\/wp\/v2\/comments?post=15003"}],"version-history":[{"count":1,"href":"https:\/\/oildri.ca\/fr\/wp-json\/wp\/v2\/pages\/15003\/revisions"}],"predecessor-version":[{"id":15027,"href":"https:\/\/oildri.ca\/fr\/wp-json\/wp\/v2\/pages\/15003\/revisions\/15027"}],"up":[{"embeddable":true,"href":"https:\/\/oildri.ca\/fr\/wp-json\/wp\/v2\/pages\/14103"}],"wp:attachment":[{"href":"https:\/\/oildri.ca\/fr\/wp-json\/wp\/v2\/media?parent=15003"}],"curies":[{"name":"wp","href":"https:\/\/api.w.org\/{rel}","templated":true}]}}