{"id":14971,"date":"2024-09-04T17:32:32","date_gmt":"2024-09-04T17:32:32","guid":{"rendered":"https:\/\/oildri.ca\/a-propos\/linnovation\/"},"modified":"2024-11-07T17:24:54","modified_gmt":"2024-11-07T17:24:54","slug":"linnovation","status":"publish","type":"page","link":"https:\/\/oildri.ca\/fr\/a-propos\/linnovation\/","title":{"rendered":"L&rsquo;innovation"},"content":{"rendered":"\t\t<div data-elementor-type=\"wp-page\" data-elementor-id=\"14971\" class=\"elementor elementor-14971 elementor-1471\" data-elementor-post-type=\"page\">\n\t\t\t\t<div class=\"elementor-element elementor-element-c5e60c4 e-flex e-con-boxed e-con e-parent\" data-id=\"c5e60c4\" data-element_type=\"container\" data-settings=\"{&quot;background_background&quot;:&quot;classic&quot;}\">\n\t\t\t\t\t<div class=\"e-con-inner\">\n\t\t\t\t\t<\/div>\n\t\t\t\t<\/div>\n\t\t<div class=\"elementor-element elementor-element-a86d3ac e-flex e-con-boxed e-con e-parent\" data-id=\"a86d3ac\" data-element_type=\"container\" data-settings=\"{&quot;background_background&quot;:&quot;classic&quot;}\">\n\t\t\t\t\t<div class=\"e-con-inner\">\n\t\t\t\t\t<\/div>\n\t\t\t\t<\/div>\n\t\t<div class=\"elementor-element elementor-element-e5bb35f e-flex e-con-boxed e-con e-parent\" data-id=\"e5bb35f\" data-element_type=\"container\" data-settings=\"{&quot;background_background&quot;:&quot;classic&quot;}\">\n\t\t\t\t\t<div class=\"e-con-inner\">\n\t\t<div class=\"elementor-element elementor-element-e057fb4 e-con-full e-flex e-con e-child\" data-id=\"e057fb4\" data-element_type=\"container\">\n\t\t\t\t<div class=\"elementor-element elementor-element-bc8c8c7 elementor-widget__width-initial elementor-widget elementor-widget-text-editor\" data-id=\"bc8c8c7\" data-element_type=\"widget\" data-widget_type=\"text-editor.default\">\n\t\t\t\t<div class=\"elementor-widget-container\">\n\t\t\t<style>\/*! elementor - v3.23.0 - 05-08-2024 *\/\n.elementor-widget-text-editor.elementor-drop-cap-view-stacked .elementor-drop-cap{background-color:#69727d;color:#fff}.elementor-widget-text-editor.elementor-drop-cap-view-framed .elementor-drop-cap{color:#69727d;border:3px solid;background-color:transparent}.elementor-widget-text-editor:not(.elementor-drop-cap-view-default) .elementor-drop-cap{margin-top:8px}.elementor-widget-text-editor:not(.elementor-drop-cap-view-default) .elementor-drop-cap-letter{width:1em;height:1em}.elementor-widget-text-editor .elementor-drop-cap{float:left;text-align:center;line-height:1;font-size:50px}.elementor-widget-text-editor .elementor-drop-cap-letter{display:inline-block}<\/style>\t\t\t\t<p>L&rsquo;innovation est la pierre angulaire de l&rsquo;avancement d&rsquo;Oil-Dri. Vernon Hills, dans l&rsquo;Illinois, abrite notre vaste programme de recherche et d\u00e9veloppement qui a abouti \u00e0 de nombreux produits et applications commerciales r\u00e9volutionnaires. Explorez la page ci-dessous pour en savoir plus sur la fa\u00e7on dont nous avons cr\u00e9\u00e9 des produits \u00e0 valeur ajout\u00e9e \u00e0 partir de min\u00e9raux de sp\u00e9cialit\u00e9.  <\/p>\n\t\t\t\t\t\t<\/div>\n\t\t\t\t<\/div>\n\t\t\t\t<\/div>\n\t\t\t\t\t<\/div>\n\t\t\t\t<\/div>\n\t\t<div class=\"elementor-element elementor-element-ad26137 e-flex e-con-boxed e-con e-parent\" data-id=\"ad26137\" data-element_type=\"container\" data-settings=\"{&quot;background_background&quot;:&quot;gradient&quot;}\">\n\t\t\t\t\t<div class=\"e-con-inner\">\n\t\t<div class=\"elementor-element elementor-element-ddda81f e-con-full e-flex e-con e-child\" data-id=\"ddda81f\" data-element_type=\"container\" data-settings=\"{&quot;background_background&quot;:&quot;classic&quot;}\">\n\t\t\t\t<div class=\"elementor-element elementor-element-a3dfc2c elementor-widget elementor-widget-image\" data-id=\"a3dfc2c\" data-element_type=\"widget\" data-widget_type=\"image.default\">\n\t\t\t\t<div class=\"elementor-widget-container\">\n\t\t\t\t\t\t\t\t\t\t\t\t\t<img fetchpriority=\"high\" decoding=\"async\" width=\"1080\" height=\"1080\" src=\"https:\/\/oildri.ca\/wp-content\/uploads\/2024\/09\/03_oilDri_FACILITY_02.gif\" class=\"attachment-full size-full wp-image-2015\" alt=\"\" \/>\t\t\t\t\t\t\t\t\t\t\t\t\t<\/div>\n\t\t\t\t<\/div>\n\t\t\t\t<\/div>\n\t\t<div class=\"elementor-element elementor-element-33a6548 e-con-full e-flex e-con e-child\" data-id=\"33a6548\" data-element_type=\"container\">\n\t\t\t\t<div class=\"elementor-element elementor-element-9060ffd elementor-widget elementor-widget-heading\" data-id=\"9060ffd\" data-element_type=\"widget\" data-widget_type=\"heading.default\">\n\t\t\t\t<div class=\"elementor-widget-container\">\n\t\t\t<style>\/*! elementor - v3.23.0 - 05-08-2024 *\/\n.elementor-heading-title{padding:0;margin:0;line-height:1}.elementor-widget-heading .elementor-heading-title[class*=elementor-size-]>a{color:inherit;font-size:inherit;line-height:inherit}.elementor-widget-heading .elementor-heading-title.elementor-size-small{font-size:15px}.elementor-widget-heading .elementor-heading-title.elementor-size-medium{font-size:19px}.elementor-widget-heading .elementor-heading-title.elementor-size-large{font-size:29px}.elementor-widget-heading .elementor-heading-title.elementor-size-xl{font-size:39px}.elementor-widget-heading .elementor-heading-title.elementor-size-xxl{font-size:59px}<\/style><h2 class=\"elementor-heading-title elementor-size-default\">L'INNOVATION COMMENCE ICI<\/h2>\t\t<\/div>\n\t\t\t\t<\/div>\n\t\t\t\t<div class=\"elementor-element elementor-element-5e4bb48 elementor-widget elementor-widget-text-editor\" data-id=\"5e4bb48\" data-element_type=\"widget\" data-widget_type=\"text-editor.default\">\n\t\t\t\t<div class=\"elementor-widget-container\">\n\t\t\t\t\t\t\t<p>Le centre Nick Jaffee de l\u2019innovation abrite environ 18 200 pieds carr\u00e9s d\u00e9di\u00e9s aux activit\u00e9s de recherche, de d\u00e9veloppement et de soutien technique. Le campus comprend des laboratoires et une usine pilote qui simulent les processus de production de nos clients et de nos usines de fabrication. <\/p>\n\t\t\t\t\t\t<\/div>\n\t\t\t\t<\/div>\n\t\t\t\t<\/div>\n\t\t\t\t\t<\/div>\n\t\t\t\t<\/div>\n\t\t<div class=\"elementor-element elementor-element-ae33d44 e-flex e-con-boxed e-con e-parent\" data-id=\"ae33d44\" data-element_type=\"container\" data-settings=\"{&quot;background_background&quot;:&quot;gradient&quot;}\">\n\t\t\t\t\t<div class=\"e-con-inner\">\n\t\t<div class=\"elementor-element elementor-element-13bbaaa e-con-full e-flex e-con e-child\" data-id=\"13bbaaa\" data-element_type=\"container\">\n\t\t\t\t<div class=\"elementor-element elementor-element-e69ac23 elementor-widget elementor-widget-heading\" data-id=\"e69ac23\" data-element_type=\"widget\" data-widget_type=\"heading.default\">\n\t\t\t\t<div class=\"elementor-widget-container\">\n\t\t\t<h2 class=\"elementor-heading-title elementor-size-default\">LABORATOIRE DE RECHERCHE EN MICROBIOLOGIE<\/h2>\t\t<\/div>\n\t\t\t\t<\/div>\n\t\t\t\t<div class=\"elementor-element elementor-element-1f8303d elementor-widget elementor-widget-text-editor\" data-id=\"1f8303d\" data-element_type=\"widget\" data-widget_type=\"text-editor.default\">\n\t\t\t\t<div class=\"elementor-widget-container\">\n\t\t\t\t\t\t\t<p>Le Laboratoire Richard M. Jaffee de microbiologie appliqu\u00e9e d&rsquo;Oil-Dri a \u00e9t\u00e9 nomm\u00e9 d&rsquo;apr\u00e8s l&rsquo;esprit pionnier et visionnaire du pr\u00e9sident. Vitrine pour la recherche et l&rsquo;\u00e9ducation des clients, l&rsquo;installation de 6 000 pieds carr\u00e9s abrite l&rsquo;\u00e9quipe des sciences de la vie d&rsquo;Oil-Dri et un espace de laboratoire de bios\u00e9curit\u00e9 de niveau 1 et 2 \u00e0 la pointe de la technologie. Cela permet d&rsquo;examiner des mat\u00e9riaux qui acc\u00e9l\u00e9reront la recherche microbienne d&rsquo;Oil-Dri et le d\u00e9veloppement de nouveaux produits.  <\/p>\n\t\t\t\t\t\t<\/div>\n\t\t\t\t<\/div>\n\t\t\t\t<\/div>\n\t\t<div class=\"elementor-element elementor-element-aba45b7 e-con-full e-flex e-con e-child\" data-id=\"aba45b7\" data-element_type=\"container\" data-settings=\"{&quot;background_background&quot;:&quot;classic&quot;}\">\n\t\t\t\t<div class=\"elementor-element elementor-element-edf56bd elementor-widget elementor-widget-image\" data-id=\"edf56bd\" data-element_type=\"widget\" data-widget_type=\"image.default\">\n\t\t\t\t<div class=\"elementor-widget-container\">\n\t\t\t\t\t\t\t\t\t\t\t\t\t<img decoding=\"async\" width=\"1080\" height=\"650\" src=\"https:\/\/oildri.ca\/wp-content\/uploads\/2024\/09\/06_oilDri_Microbiology.gif\" class=\"attachment-full size-full wp-image-1411\" alt=\"\" \/>\t\t\t\t\t\t\t\t\t\t\t\t\t<\/div>\n\t\t\t\t<\/div>\n\t\t\t\t<\/div>\n\t\t\t\t\t<\/div>\n\t\t\t\t<\/div>\n\t\t<div class=\"elementor-element elementor-element-8256155 e-flex e-con-boxed e-con e-parent\" data-id=\"8256155\" data-element_type=\"container\" data-settings=\"{&quot;background_background&quot;:&quot;gradient&quot;}\">\n\t\t\t\t\t<div class=\"e-con-inner\">\n\t\t<div class=\"elementor-element elementor-element-ffb749c e-con-full e-flex e-con e-child\" data-id=\"ffb749c\" data-element_type=\"container\" data-settings=\"{&quot;background_background&quot;:&quot;classic&quot;}\">\n\t\t\t\t<div class=\"elementor-element elementor-element-bb2aa58 elementor-widget elementor-widget-image\" data-id=\"bb2aa58\" data-element_type=\"widget\" data-widget_type=\"image.default\">\n\t\t\t\t<div class=\"elementor-widget-container\">\n\t\t\t\t\t\t\t\t\t\t\t\t\t<img decoding=\"async\" width=\"1080\" height=\"1080\" src=\"https:\/\/oildri.ca\/wp-content\/uploads\/2024\/09\/01_oilDri_PEOPLE_02.gif\" class=\"attachment-full size-full wp-image-2139\" alt=\"\" \/>\t\t\t\t\t\t\t\t\t\t\t\t\t<\/div>\n\t\t\t\t<\/div>\n\t\t\t\t<\/div>\n\t\t<div class=\"elementor-element elementor-element-1eaff0b e-con-full e-flex e-con e-child\" data-id=\"1eaff0b\" data-element_type=\"container\">\n\t\t\t\t<div class=\"elementor-element elementor-element-6aecbf9 elementor-widget elementor-widget-heading\" data-id=\"6aecbf9\" data-element_type=\"widget\" data-widget_type=\"heading.default\">\n\t\t\t\t<div class=\"elementor-widget-container\">\n\t\t\t<h2 class=\"elementor-heading-title elementor-size-default\">LA CONNAISSANCE, C'EST LE POUVOIR<\/h2>\t\t<\/div>\n\t\t\t\t<\/div>\n\t\t\t\t<div class=\"elementor-element elementor-element-4e7ae07 elementor-widget elementor-widget-text-editor\" data-id=\"4e7ae07\" data-element_type=\"widget\" data-widget_type=\"text-editor.default\">\n\t\t\t\t<div class=\"elementor-widget-container\">\n\t\t\t\t\t\t\t<p>Notre \u00e9quipe d&rsquo;innovation est compos\u00e9e de plus de 22 grands esprits. Onze d&rsquo;entre eux ont des dipl\u00f4mes sup\u00e9rieurs, tels que (3) ma\u00eetrise et (8) doctorats (y compris Ph.D. et DVM) dans le domaine scientifique. Ces co\u00e9quipiers totalisent environ 485 ans d&rsquo;exp\u00e9rience collective dans les domaines de la sant\u00e9 animale, de la nutrition animale, de la biologie (y compris la microbiologie et la biologie mol\u00e9culaire), de la bio-ing\u00e9nierie, de la catalyse, de la chimie (y compris la biochimie, la cosmochimie, la g\u00e9ochimie, l&rsquo;ol\u00e9ochimie, la chimie organique et la chimie de l&rsquo;\u00e9tat solide), des sciences alimentaires, des sciences m\u00e9dico-l\u00e9gales, de la science de la formulation, de la g\u00e9n\u00e9tique (y compris la g\u00e9n\u00e9tique mol\u00e9culaire), de la g\u00e9ologie, de la science des mat\u00e9riaux, de la m\u00e9tallurgie, de la min\u00e9ralisation, de la science mini\u00e8re, de l&rsquo;exploration mini\u00e8re, de la chimie, le diagnostic mol\u00e9culaire, la science r\u00e9glementaire, la gestion des risques et la science du sol, entre autres.  <\/p>\n\t\t\t\t\t\t<\/div>\n\t\t\t\t<\/div>\n\t\t\t\t<\/div>\n\t\t\t\t\t<\/div>\n\t\t\t\t<\/div>\n\t\t<div class=\"elementor-element elementor-element-15f7872 e-flex e-con-boxed e-con e-parent\" data-id=\"15f7872\" data-element_type=\"container\" data-settings=\"{&quot;background_background&quot;:&quot;gradient&quot;}\">\n\t\t\t\t\t<div class=\"e-con-inner\">\n\t\t<div class=\"elementor-element elementor-element-5f5e726 e-con-full e-flex e-con e-child\" data-id=\"5f5e726\" data-element_type=\"container\">\n\t\t\t\t<div class=\"elementor-element elementor-element-79547e6 elementor-widget elementor-widget-heading\" data-id=\"79547e6\" data-element_type=\"widget\" data-widget_type=\"heading.default\">\n\t\t\t\t<div class=\"elementor-widget-container\">\n\t\t\t<h2 class=\"elementor-heading-title elementor-size-default\">DE LA MINE AU MARCH\u00c9<\/h2>\t\t<\/div>\n\t\t\t\t<\/div>\n\t\t\t\t<div class=\"elementor-element elementor-element-aecac31 elementor-widget elementor-widget-text-editor\" data-id=\"aecac31\" data-element_type=\"widget\" data-widget_type=\"text-editor.default\">\n\t\t\t\t<div class=\"elementor-widget-container\">\n\t\t\t\t\t\t\t<p>Nos mines sont choisies en fonction de nombreux crit\u00e8res g\u00e9ologiques et g\u00e9ographiques afin de produire des min\u00e9raux de la plus haute qualit\u00e9 et livr\u00e9es efficacement. Chaque produit est ensuite rigoureusement test\u00e9 en laboratoire, en usine pilote et sur le terrain. Nous fabriquons des produits finis r\u00e9pondant \u00e0 des normes de qualit\u00e9 rigoureuses et affectons une \u00e9quipe d\u00e9di\u00e9e au lancement, \u00e0 la commercialisation et \u00e0 la vente de chaque solution unique \u00e0 base de min\u00e9raux.  <\/p>\n\t\t\t\t\t\t<\/div>\n\t\t\t\t<\/div>\n\t\t\t\t<\/div>\n\t\t<div class=\"elementor-element elementor-element-c960d83 e-con-full e-flex e-con e-child\" data-id=\"c960d83\" data-element_type=\"container\" data-settings=\"{&quot;background_background&quot;:&quot;classic&quot;}\">\n\t\t\t\t<div class=\"elementor-element elementor-element-b65913a elementor-widget elementor-widget-image\" data-id=\"b65913a\" data-element_type=\"widget\" data-widget_type=\"image.default\">\n\t\t\t\t<div class=\"elementor-widget-container\">\n\t\t\t\t\t\t\t\t\t\t\t\t\t<img loading=\"lazy\" decoding=\"async\" width=\"1080\" height=\"1080\" src=\"https:\/\/oildri.ca\/wp-content\/uploads\/2024\/09\/02_oilDri_PROCESS_04.gif\" class=\"attachment-full size-full wp-image-2155\" alt=\"\" \/>\t\t\t\t\t\t\t\t\t\t\t\t\t<\/div>\n\t\t\t\t<\/div>\n\t\t\t\t<\/div>\n\t\t\t\t\t<\/div>\n\t\t\t\t<\/div>\n\t\t<div class=\"elementor-element elementor-element-79b8b49 e-flex e-con-boxed e-con e-parent\" data-id=\"79b8b49\" data-element_type=\"container\" data-settings=\"{&quot;background_background&quot;:&quot;gradient&quot;}\">\n\t\t\t\t\t<div class=\"e-con-inner\">\n\t\t<div class=\"elementor-element elementor-element-7ac0096 e-con-full e-flex e-con e-child\" data-id=\"7ac0096\" data-element_type=\"container\" data-settings=\"{&quot;background_background&quot;:&quot;classic&quot;}\">\n\t\t\t\t<div class=\"elementor-element elementor-element-0c9cd41 elementor-widget elementor-widget-image\" data-id=\"0c9cd41\" data-element_type=\"widget\" data-widget_type=\"image.default\">\n\t\t\t\t<div class=\"elementor-widget-container\">\n\t\t\t\t\t\t\t\t\t\t\t\t\t<img loading=\"lazy\" decoding=\"async\" width=\"1080\" height=\"1080\" src=\"https:\/\/oildri.ca\/wp-content\/uploads\/2024\/09\/04_oilDri_TECHNICAL_SERVICES_02.gif\" class=\"attachment-full size-full wp-image-2171\" alt=\"\" \/>\t\t\t\t\t\t\t\t\t\t\t\t\t<\/div>\n\t\t\t\t<\/div>\n\t\t\t\t<\/div>\n\t\t<div class=\"elementor-element elementor-element-445aa86 e-con-full e-flex e-con e-child\" data-id=\"445aa86\" data-element_type=\"container\">\n\t\t\t\t<div class=\"elementor-element elementor-element-c999e90 elementor-widget elementor-widget-heading\" data-id=\"c999e90\" data-element_type=\"widget\" data-widget_type=\"heading.default\">\n\t\t\t\t<div class=\"elementor-widget-container\">\n\t\t\t<h2 class=\"elementor-heading-title elementor-size-default\">SERVICE \u00c0 VALEUR AJOUT\u00c9E<\/h2>\t\t<\/div>\n\t\t\t\t<\/div>\n\t\t\t\t<div class=\"elementor-element elementor-element-f3ba68f elementor-widget elementor-widget-text-editor\" data-id=\"f3ba68f\" data-element_type=\"widget\" data-widget_type=\"text-editor.default\">\n\t\t\t\t<div class=\"elementor-widget-container\">\n\t\t\t\t\t\t\t<p>Notre \u00e9quipe technique est toujours disponible pour fournir un support produit exceptionnel \u00e0 nos clients lorsqu&rsquo;ils mettent en \u0153uvre nos produits dans leurs processus. Nous contribuons \u00e0 att\u00e9nuer les d\u00e9fis en anticipant les besoins de nos clients et en collaborant avec eux pour minimiser les co\u00fbts et maximiser le succ\u00e8s. <\/p>\n\t\t\t\t\t\t<\/div>\n\t\t\t\t<\/div>\n\t\t\t\t<\/div>\n\t\t\t\t\t<\/div>\n\t\t\t\t<\/div>\n\t\t<div class=\"elementor-element elementor-element-889eadd e-flex e-con-boxed e-con e-parent\" data-id=\"889eadd\" data-element_type=\"container\" data-settings=\"{&quot;background_background&quot;:&quot;gradient&quot;}\">\n\t\t\t\t\t<div class=\"e-con-inner\">\n\t\t<div class=\"elementor-element elementor-element-fb173df e-con-full e-flex e-con e-child\" data-id=\"fb173df\" data-element_type=\"container\">\n\t\t\t\t<div class=\"elementor-element elementor-element-278fe6a elementor-widget elementor-widget-heading\" data-id=\"278fe6a\" data-element_type=\"widget\" data-widget_type=\"heading.default\">\n\t\t\t\t<div class=\"elementor-widget-container\">\n\t\t\t<h2 class=\"elementor-heading-title elementor-size-default\">NOUS CONNAISSONS LES MIN\u00c9RAUX<\/h2>\t\t<\/div>\n\t\t\t\t<\/div>\n\t\t\t\t<div class=\"elementor-element elementor-element-85a128b elementor-widget elementor-widget-text-editor\" data-id=\"85a128b\" data-element_type=\"widget\" data-widget_type=\"text-editor.default\">\n\t\t\t\t<div class=\"elementor-widget-container\">\n\t\t\t\t\t\t\t<p>Notre histoire, notre exp\u00e9rience et nos ressources nous ont aid\u00e9s \u00e0 d\u00e9velopper une compr\u00e9hension approfondie des propri\u00e9t\u00e9s et des capacit\u00e9s de nos min\u00e9raux uniques. Arm\u00e9s de ces informations, nous sommes en mesure de maximiser le potentiel de chacun de nos min\u00e9raux et de cr\u00e9er plus de valeur pour nos clients. <\/p>\n<p>Cette <a href=\"https:\/\/www.oildri.ca\/about\/minerals\/\">connaissance<\/a> diversifi\u00e9e <a href=\"https:\/\/www.oildri.ca\/about\/minerals\/\">des min\u00e9raux<\/a> permet une collaboration interne et externe et conduit \u00e0 des d\u00e9veloppements pionniers de produits et de march\u00e9s.<\/p>\n\t\t\t\t\t\t<\/div>\n\t\t\t\t<\/div>\n\t\t\t\t<\/div>\n\t\t<div class=\"elementor-element elementor-element-5d5d23f e-con-full e-flex e-con e-child\" data-id=\"5d5d23f\" data-element_type=\"container\" data-settings=\"{&quot;background_background&quot;:&quot;classic&quot;}\">\n\t\t\t\t<div class=\"elementor-element elementor-element-2c02683 elementor-widget elementor-widget-image\" data-id=\"2c02683\" data-element_type=\"widget\" data-widget_type=\"image.default\">\n\t\t\t\t<div class=\"elementor-widget-container\">\n\t\t\t\t\t\t\t\t\t\t\t\t\t<img loading=\"lazy\" decoding=\"async\" width=\"1080\" height=\"1080\" src=\"https:\/\/oildri.ca\/wp-content\/uploads\/2024\/09\/05_oilDri_MaterialKnowledge.gif\" class=\"attachment-full size-full wp-image-2187\" alt=\"\" \/>\t\t\t\t\t\t\t\t\t\t\t\t\t<\/div>\n\t\t\t\t<\/div>\n\t\t\t\t<\/div>\n\t\t\t\t\t<\/div>\n\t\t\t\t<\/div>\n\t\t\t\t<\/div>\n\t\t","protected":false},"excerpt":{"rendered":"<p>L&rsquo;innovation est la pierre angulaire de l&rsquo;avancement d&rsquo;Oil-Dri. Vernon Hills, dans l&rsquo;Illinois, abrite notre vaste programme de recherche et d\u00e9veloppement qui a abouti \u00e0 de nombreux produits et applications commerciales r\u00e9volutionnaires. Explorez la page ci-dessous pour en savoir plus sur la fa\u00e7on dont nous avons cr\u00e9\u00e9 des produits \u00e0 valeur ajout\u00e9e \u00e0 partir de min\u00e9raux [&hellip;]<\/p>\n","protected":false},"author":3,"featured_media":0,"parent":14103,"menu_order":0,"comment_status":"closed","ping_status":"closed","template":"","meta":{"_acf_changed":false,"footnotes":""},"class_list":["post-14971","page","type-page","status-publish","hentry"],"acf":[],"_links":{"self":[{"href":"https:\/\/oildri.ca\/fr\/wp-json\/wp\/v2\/pages\/14971","targetHints":{"allow":["GET"]}}],"collection":[{"href":"https:\/\/oildri.ca\/fr\/wp-json\/wp\/v2\/pages"}],"about":[{"href":"https:\/\/oildri.ca\/fr\/wp-json\/wp\/v2\/types\/page"}],"author":[{"embeddable":true,"href":"https:\/\/oildri.ca\/fr\/wp-json\/wp\/v2\/users\/3"}],"replies":[{"embeddable":true,"href":"https:\/\/oildri.ca\/fr\/wp-json\/wp\/v2\/comments?post=14971"}],"version-history":[{"count":1,"href":"https:\/\/oildri.ca\/fr\/wp-json\/wp\/v2\/pages\/14971\/revisions"}],"predecessor-version":[{"id":14999,"href":"https:\/\/oildri.ca\/fr\/wp-json\/wp\/v2\/pages\/14971\/revisions\/14999"}],"up":[{"embeddable":true,"href":"https:\/\/oildri.ca\/fr\/wp-json\/wp\/v2\/pages\/14103"}],"wp:attachment":[{"href":"https:\/\/oildri.ca\/fr\/wp-json\/wp\/v2\/media?parent=14971"}],"curies":[{"name":"wp","href":"https:\/\/api.w.org\/{rel}","templated":true}]}}